{"id":102,"date":"2013-03-11T15:00:49","date_gmt":"2013-03-11T14:00:49","guid":{"rendered":"https:\/\/blog.dathen.com\/?page_id=102"},"modified":"2013-12-22T22:18:48","modified_gmt":"2013-12-22T21:18:48","slug":"11-3-2013-navsteva-shujiajiao","status":"publish","type":"page","link":"https:\/\/blog.dathen.com\/?page_id=102","title":{"rendered":"11.3.2013 &#8211; n\u00e1v\u0161t\u011bva ZhuJiaJiao"},"content":{"rendered":"<p><span style=\"font-size: small; color: #000000;\">Dobry vecer \ud83d\ude42 Tak jsme dnes prozili zajimave chvilky v nedalekem mestecku blizko Sanghaje, kam asi v mezi sezone jezdi minimum lidi, protoze jsme tam byli temer sami&#8230;ale od zacatku \ud83d\ude09<\/span><\/p>\n<p><span style=\"font-size: small; color: #000000;\">Rano se vstavalo prekvapive dobre, ikdyz ten sedmihodinovy rozdil je porad znat \ud83d\ude42 Vyrazili jsme asi v 10, u nas jeste hluboka noc \ud83d\ude42 Metro na nase oblibene lidove namesti a pak pesky na jeden z autobusaku, kde jsme meli dle znaku najit bus, ktery jel do ZhuJiaJiao, coz je takove normalni mestecko za Sanghaji, ktere je znamo svym historickym a zaroven turistickym centrem \ud83d\ude42 V Busu si k nam prisedlo asi 6 evropanu a jak se posleze ukazalo v nasem hovoru, tak to byli amici \ud83d\ude42 Ono to uz pak bylo poznat i podle chovani, ktere je trosku mimo nasi realitu &#8211; jsou proste jini \ud83d\ude42<\/span><\/p>\n<p><span style=\"font-size: small; color: #000000;\">Na autobusaku nas vyhodili a amici vedeli uplne stejne prd jako my, kde to &#8222;centrum&#8220; je \ud83d\ude42 vylezli jsme ven, vsude smradek po tofu a vsude hromada riksu, kteri jak nas zmercili, uz nam nabizeli svoje sluzby. Kazdy byl vybaven mapou, kde bylo zobrazeno ono centrum&#8230;tu chceme!! ale kde ji vzit? Toz jsme se pridali k amikum, kteri se rozesli nejakym smerem a vedla je jedna holka, ktera vypadala, ze vi, kde je, ale nevedela \ud83d\ude09 Za 50 metru jsem zahlednul mapu mesta, tak jsme se jako procesi otocili a k ni \ud83d\ude42 Bloncka se za cca 5 vterin zorientovala a vyrazila opacnym smerem \ud83d\ude09 Stadecko za ni&#8230;my jsme rozvazne prohlizeli mapu a snazili se pochopit, kde by asi tak mohlo byt neco historickeho&#8230;to se nam i vyplatilo, protoze ikdyz v zavesu za amiky, tak jsme sledovali prilehle ulicky. Nakonec jsme se od nich odpojili z hlavni ulice a po 200 metrech jsme stali pred infocentrem, kde uz byla jak mapa, tak anglicky mluvici pani, co nam vsechno vysvetlila a dokonce do mapy namalovala&#8230;listek stal 80 juanu a bylo v nem 9 atrakci&#8230;toz vyrazime \ud83d\ude42<\/span><\/p>\n<p><span style=\"font-size: small; color: #000000;\">Mesto docela rychle zmenilo raz z hnusu na original cinsky&#8230;zacly se objevovat nam uz zname strechy, chrchlani starych babek, jedna se primo pred nami vysmrkala na chodnik a nudle ji vysela od ukazovacku az skoro na zem&#8230;parada, jsme tu spravne \ud83d\ude42 Jsou tu dve ulice, mezi nimi ricka a pres ricku sem tam most&#8230;krasny, kamenny, obcas dreveny, ale parada po vsech strankach. Z obou stran pak je cela scenerie lemovana obchudky, jeden nalepenejsi na druhy nez druhy na prvni a v kazdem neco k jidlu, nebo kaligrafie, nebo kavarnicka, cajovna&#8230;proste mazec \ud83d\ude42 Nastesti vime, kam jit, tak staci odmitat prodavace, kteri nas zvou a ignorovat natahovace a plyvace, ktere mijime&#8230;obcas se objevi babka zebrajic juany.<\/span><\/p>\n<p><span style=\"font-size: small; color: #000000;\">Prvni atrakci je zahrada (nebudu sem psat nazvy, protoze si je nepamatuju, bouchnu pak do fotek mapku i s popisky). Stejne jako vcera jsme neco takoveho necekali. Zahrada to byla opravdu jedinecna a neda se to slovy moc dobre popsat&#8230;velka prostranctvi, spousta krasnych staveb a prirodniho, ale i umele navezenho kamene&#8230;vsude hromady svetel, ktere z toho v noci musi udelat strasnou sou. Proste parada, uvidite ochutnavku ve fotkach. Soucasti zahrad bylo i pad staveb se zakladnim muzeem, nejake stroje na zemdelstvi atp.<\/span><\/p>\n<p><span style=\"font-size: small; color: #000000;\">Druha atrakce byla vystava obrazu..protoze tomu ani jeden nerozumime, tak jsme to vicemene probehli a byli venku za 10 min \ud83d\ude42<\/span><\/p>\n<p><span style=\"font-size: small; color: #000000;\">Treti atrakci byla projizdka na lodicce \ud83d\ude42 ono to tu vypada trosku jako v benatkach \ud83d\ude42 lodicky jsou typicky cinske, kormidelnik vzadu a nejak padlem zpusobuje, ze se to cele rozpohybuje a jede dopredu \ud83d\ude42 Jelo to asi 10min, pak nas vylozil a sli jsme zase po svych \ud83d\ude42<\/span><\/p>\n<p><span style=\"font-size: small; color: #000000;\">Ctvrta aktrakce byla budhisticky chram, ktery byl opravdu obri&#8230;tri patra krasy, spousta sosek a soch&#8230;opravdu krasa. Nahore tomu vevodil obri zvon&#8230;Michal vzal kladu, kterou se do toho ma bouchat a ukazoval pohyby pri biti na zvon a strasne se bavil, ze ja to tocim \ud83d\ude09 Pak se malem zabil na schudku, ktery tam byl a nasledne jsme si vsimli, ze to cele sleduje prumyslova kamera, ktera je asi zavedena az do cinske vlady ;)) tak jsme to sbalili a zmizeli \ud83d\ude42<\/span><\/p>\n<p><span style=\"font-size: small; color: #000000;\">Budha nas hned potrestal zahnanim do Pate aktrakce, kterou byl chram taoistu. Fotili jsme si uctivaci portal a kdyz jsme byli na odchodu, tak nas nejaky chlapek lakal do prilehleho uctivaciho mista, kde uz cekalo dalsich asi 6 lidi, kteri nam postupne vnutili vonnou tycinku, ale nic za to nechteli \ud83d\ude42 Podezrele ze? \ud83d\ude09 tak jsme ji meli zapalit&#8230;trikrat se poklonit a pak nam kazdemu dal psanicko&#8230;.v tuhle chvili, jsme to meli otocit a zmizet \ud83d\ude42 Misto toho nas zavlekli v vykladacum \ud83d\ude42 Ti umeli asi 5 slov anglicky a kazdy nam karticku vyndal a rekl, uuuuzasne, budete mit moc stesti, ale vic stesti bude, cim vic penez nam tu nechate&#8230;a pak nam dali podepsat papir, kde bylo jmeno, zeme puvodu a castka :)) Nu&#8230;.Tak co myslite, ze se stalo? \ud83d\ude09 Ja jsem prohlednul castky, ktere tam byly napsane a bylo tam &#8222;100, 100, 200, 500, 100, 500, 100, 200&#8243;&#8230;tak se mi lehce protocily panenky a napsal jsem 50 :)) (zduraznuji, ze kurz je 3.25 korun za juan). Pan nebyl spokojen a porad opakoval, ze bude stesti \ud83d\ude42 tak jsem podlehl okamziku a prepsal castku na 100. Vhodil ji do schrany a k memu uzasu dostal zlatou desticku s rytbou&#8230;nevim teda jak moc je zlata, ale zlata vypada \ud83d\ude42 Michal jim tam nechal 10 a sel :))) Nebude mit stesti \ud83d\ude09<\/span><\/p>\n<p><span style=\"font-size: small; color: #000000;\">Sestou atrakci byla posta, kde jsme trosku bloudili a dostali jsme se mimo centrum do ulicky typickych cinanu, kde byly na vesacich spodary a ponozky a celkove to tam vypadalo moc cool :)) Nastesti jsme se vcas vratili zpet a nasli postu, coz bylo vlastne muzeum posty v cine&#8230;nejzajmavejsi tam asi byla stara uniforma postaka \ud83d\ude42<\/span><\/p>\n<p><span style=\"font-size: small; color: #000000;\">Sedma atrakce byla pres reku a bylo to muzeum farmacie&#8230;hromada prihradek na bylinky, ruzne lahve s hady a mozky, ale jinak nic moc \ud83d\ude42<\/span><\/p>\n<p><span style=\"font-size: small; color: #000000;\">Osma a Devata byla pro nas super nezajimava, protoze tam bylo moderni a postmoderni umeni, kde jedine, co bylo opravdu zabavne, bylo vyobrazeni cinskeho boha srandy, ktery byl komplet vyrezan ze statneho stromu&#8230;takze mel kolem 4-5 metru&#8230;masakr \ud83d\ude42 vsude kolem nej na zemi byly sosky deti a kazde to dite melo svoje zviratko&#8230;od dracka az po kralicka \ud83d\ude42<\/span><\/p>\n<p><span style=\"font-size: small; color: #000000;\">Tim jsme zakoncili exkurzi a vydali se smer autobus \ud83d\ude42<\/span><\/p>\n<p><span style=\"font-size: small; color: #000000;\">Jeste jsem zapomnel jidlo :)) Bylo to tu jine nez v sanghaji&#8230;meli tu zajimave veci, ktere by nasinec asi do pusy nedal, ale co vycnivalo byly veprova kolena, ktera byla pecena v karamelu (asi)&#8230;vonelo to neuveritelne a vedle toho byly kousky toho kolena zamotane v bambusu. Zkusili jsme dve a opravdu lahudka&#8230;Na dalsim miste jsme zkusili sezamove pecivo s masem a cernym sezamem&#8230;coz nam pripadalo jako mak a pak jsme potkali nase zname knedliky, ale v jine uprave (topici se ve vode)&#8230;ktere byly s veprovym masem a to bylo uplne exklusivne dochuceno. Testo knedliku bylo ale jine&#8230;konzistence a chut byla neco mezi rozvarenymi testovinami a nedovarenymi ovocnymi knedliky&#8230;no nic moc \ud83d\ude42 ale celkove byl zazitek luxusni \ud83d\ude42<\/span><\/p>\n<p><span style=\"font-size: small; color: #000000;\">Autobus nas odvezl zpet do Sanghaje a taky jsme dali uz jen dvoje nudle v nasich znamych nudlarnach a ted uz pujdeme spinkat \ud83d\ude42 Zitra nas ceka cesta do Pekingu, tak nam drzte palce \ud83d\ude42 SIce jse si dneska aktivoval internet na mobilu, ale nejak to zatim nechodi&#8230;tak uvidim, jak to tam bude s wifi a jestli zitra budu schopen pridat dalsi text \ud83d\ude42 kdyby ne, tak se objevi, az bude pripojeni \ud83d\ude42<\/span><\/p>\n<p><span style=\"font-size: small; color: #000000;\">Tim koncim ma Mana&#8230;dobrou \ud83d\ude09<\/span><\/p>\n<p><span style=\"font-size: small; color: #000000;\">\u00a0<\/span><\/p>\n","protected":false},"excerpt":{"rendered":"<p>Dobry vecer \ud83d\ude42 Tak jsme dnes prozili zajimave chvilky v nedalekem mestecku blizko Sanghaje, kam asi v mezi sezone jezdi minimum lidi, protoze jsme tam byli temer sami&#8230;ale od zacatku \ud83d\ude09 Rano se vstavalo prekvapive dobre, ikdyz ten sedmihodinovy rozdil je porad znat \ud83d\ude42 Vyrazili jsme asi v 10, u nas jeste hluboka noc \ud83d\ude42 [&hellip;]<\/p>\n","protected":false},"author":1,"featured_media":0,"parent":0,"menu_order":0,"comment_status":"open","ping_status":"open","template":"","meta":{"footnotes":""},"class_list":["post-102","page","type-page","status-publish","hentry"],"_links":{"self":[{"href":"https:\/\/blog.dathen.com\/index.php?rest_route=\/wp\/v2\/pages\/102","targetHints":{"allow":["GET"]}}],"collection":[{"href":"https:\/\/blog.dathen.com\/index.php?rest_route=\/wp\/v2\/pages"}],"about":[{"href":"https:\/\/blog.dathen.com\/index.php?rest_route=\/wp\/v2\/types\/page"}],"author":[{"embeddable":true,"href":"https:\/\/blog.dathen.com\/index.php?rest_route=\/wp\/v2\/users\/1"}],"replies":[{"embeddable":true,"href":"https:\/\/blog.dathen.com\/index.php?rest_route=%2Fwp%2Fv2%2Fcomments&post=102"}],"version-history":[{"count":5,"href":"https:\/\/blog.dathen.com\/index.php?rest_route=\/wp\/v2\/pages\/102\/revisions"}],"predecessor-version":[{"id":105,"href":"https:\/\/blog.dathen.com\/index.php?rest_route=\/wp\/v2\/pages\/102\/revisions\/105"}],"wp:attachment":[{"href":"https:\/\/blog.dathen.com\/index.php?rest_route=%2Fwp%2Fv2%2Fmedia&parent=102"}],"curies":[{"name":"wp","href":"https:\/\/api.w.org\/{rel}","templated":true}]}}