{"id":1082,"date":"2023-11-13T11:04:31","date_gmt":"2023-11-13T10:04:31","guid":{"rendered":"https:\/\/blog.dathen.com\/?page_id=1082"},"modified":"2023-11-13T18:41:21","modified_gmt":"2023-11-13T17:41:21","slug":"chorvatsko-jachta-2023-listopad-11-11-2023","status":"publish","type":"page","link":"https:\/\/blog.dathen.com\/?page_id=1082","title":{"rendered":"Chorvatsko &#8211; jachta 2023 Listopad 11.11.2023"},"content":{"rendered":"\n<p>Hezk\u00e9 odpoledne z jachty \ud83d\ude42 Rozhodl jsem se po zral\u00e9 \u00favaze, \u017ee nap\u00ed\u0161u blog z na\u0161\u00ed j\u00edzdy po oblastech Chorvatsk\u00fdch v dob\u00e1ch studen\u00e9ho odchovu \ud83d\ude42 V listopadu je u\u017e p\u0159ecijen t\u00e9m\u011b\u0159 zima a doma v t\u00e9hle chv\u00edli sn\u011b\u017e\u00ed\u2026 Rozhodli jsme se v\u0161ak, \u017ee zav\u00edt\u00e1me do Chorvatska a d\u00e1me si j\u00edzdu na jacht\u011b ve stylu prav\u00fdch n\u00e1mo\u0159n\u00edk\u016f &#8211; tedy zima, v\u00edtr, zvracen\u00ed a lehk\u00e9 vlhko v cel\u00e9 lodi \ud83d\ude42 To sebou nese jist\u011b spoustu dobrodru\u017estv\u00ed, ale i humorn\u00fdch situac\u00ed\u2026 a proto\u017ee jich pozvolna p\u0159ib\u00fdv\u00e1, je na \u010dase je zve\u0159ejnit tady \ud83d\ude42<\/p>\n\n\n\n<p>Vyrazili jsme z Jablonce ve 2 hodiny r\u00e1no. \u010cas p\u0159\u00edjezdu kapit\u00e1n\u016fm byl 2:15, kdy\u017e bylo 2:25, za\u010dal jsem se pod\u00edvat po tom, kde teda jako je a jestli se mu n\u00e1hodou n\u011bco nestalo\u2026 B\u011b\u017eeli mi v hlav\u011b r\u016fzn\u00e9 sc\u00e9n\u00e1\u0159e typu, co se mu asi mohlo st\u00e1t, co budeme d\u011blat, kdy\u017e nedoraz\u00ed, jestli bude cht\u00edt sp\u00e1lit, nebo d\u00e1t do zem\u011b\u2026 \u010dlov\u011bka napadaj\u00ed r\u016fzn\u00e9 v\u011bci takhle ve 2 r\u00e1no \ud83d\ude42<\/p>\n\n\n\n<p>Na\u0161t\u011bst\u00ed hned po rozjet\u00ed t\u011bchto \u00favah p\u0159i\u0161la sms, \u017ee m\u00e1 10min zpo\u017ed\u011bn\u00ed\u2026 u\u017e za 20min byl u n\u00e1s \ud83d\ude42 Nalodili jsme v\u0161echny piva, j\u00eddlo, pit\u00ed, propriety na lo\u010f i na\u0161e oble\u010den\u00ed a zapomn\u011bli na m\u00edst\u011b v\u00edno.<\/p>\n\n\n\n<p>Cesta vedla do Mlad\u00e9 Boleslavi, kde na n\u00e1s m\u011bl \u010dekat Milan. Velmi rychle v\u00e1m Milana p\u0159edstav\u00edm. Je to chlap jak hora, \u017eije tro\u0161ku mimo syst\u00e9m, hodn\u011b hraje hokej a kdy\u017e ho nehraje, tak si hraje s auty. Je to prost\u011b samorost, do na\u0161\u00ed pos\u00e1dky se velmi hod\u00ed (kdy\u017e je t\u0159eba n\u00e1\u0161t\u00edpat d\u0159evo, nebo n\u011bco n\u011bkam odn\u00e9st). Na\u0161i kolegov\u00e9, pol\u00e1rn\u00edci si sebou brali psy\u2026 tedy m\u00edsto ps\u016f Varla, my m\u00e1me Milana \ud83d\ude00<\/p>\n\n\n\n<p>Tro\u0161ku to p\u0159eh\u00e1n\u00edm, je to liter\u00e1rn\u00ed nads\u00e1zka, je to fajn kluk (nechci dostat do dr\u017eky).<\/p>\n\n\n\n<p>Milan na n\u00e1s m\u011bl \u010dekat ve 3 hodiny. D\u00edky kapit\u00e1nov\u011b dochvilnosti jsme m\u011bli skluz asi 20 min a kdy\u017e jsme dorazili na m\u00edsto, tak tam Milan nebyl! Inu, zavolali jsme mu a dozv\u011bd\u011bli jsme se, \u017ee p\u0159id\u00e1v\u00e1 k na\u0161emu zpo\u017ed\u011bn\u00ed dal\u0161\u00edch 10min. U\u017e za 15 se p\u0159i\u0159\u00edtil ve sv\u00e9 Fabii a sd\u011blil n\u00e1m smutnou zpr\u00e1vu, \u017ee mu zem\u0159el pes a jde ho zakopat (tady zakop\u00e1v\u00e1te psy v noci?). V ka\u017ed\u00e9m p\u0159\u00edpad\u011b vypadal pon\u011bkud zdrchan\u011b a kdy\u017e si z auta vylo\u017eil lopatu, krump\u00e1\u010d a v\u00e1pno, tak jsme ho nalodili a jeli d\u00e1l\u2026<\/p>\n\n\n\n<p>Dal\u0161\u00ed zast\u00e1vkou byl Kol\u00edn. Zde na n\u00e1s u\u017e \u010dekal Jir\u00edk, platn\u00fd \u010dlen v\u00fdpravy, kter\u00fd jedin\u00fd z n\u00e1s je \u017eenat\u00fd. Jako takov\u00fd n\u00e1s vybavil bal\u00ed\u010dky prvn\u00ed a z\u00e1rove\u0148 i posledn\u00ed z\u00e1chrany. Ka\u017ed\u00fd bal\u00ed\u010dek obsahoval kus \u0159\u00edzku s chlebem a n\u00e1vodem k jeho konzumaci. \u0158\u00edze\u010dky p\u0159ipravila Jir\u00edkova \u017eena a pat\u0159\u00ed j\u00ed tak velk\u00fd d\u00edk, neb jsme d\u00edky n\u00ed cestou neum\u0159eli hlady.<\/p>\n\n\n\n<p>Pak u\u017e to \u0161lo jako po m\u00e1sle. Brno, Rakousko, Slovinsko a Chorvatsko. V\u0161ude bez zadrh\u00e1lu a pln\u00ed dobr\u00e9 n\u00e1lady jsme dorazili do mariny, kter\u00e1 se tentokr\u00e1t nach\u00e1z\u00ed u \u0160ibeniku v mal\u00e9m m\u011bste\u010dku s malou marinou. V m\u011bste\u010dku je pouze jeden mal\u00fd obchod, jedna restaurace s vyd\u0159iduchem (\u0159\u00edk\u00e1m mu tak zcela z\u00e1m\u011brn\u011b, brzy vyplyne d\u016fvod pro\u010d) a kostelem.<\/p>\n\n\n\n<p>Na\u0161e jachticka nese jm\u00e9no Armstrong a je to Bavarka 36, tedy pom\u011brn\u011b velk\u00e1 lo\u010f. V po\u010dtu 5 kus\u016f m\u00e1me k dispozici 4 kajuty, 3 z\u00e1chody a prostorn\u00fd sal\u00f3n, kde se odehr\u00e1v\u00e1 v\u011bt\u0161ina na\u0161\u00ed dovolen\u00e9 a spole\u010dn\u00fdch her.<\/p>\n\n\n\n<p>K lodi nap\u00ed\u0161u kr\u00e1tk\u00fd koment\u00e1\u0159. Je to lo\u010f z roku 2018, tak\u017ee z\u00e1novn\u00ed, ale majitel se o ni asi nestar\u00e1 \u00fapln\u011b nejl\u00e9pe, tak\u017ee m\u00e1m v h\u00e1ji baterie, te\u010de do n\u00ed, je tu zima jak v rusk\u00e9m filmu a dle popisu zmi\u0148ovan\u00e9 topen\u00ed nen\u00ed nez\u00e1visl\u00e9, ale je z\u00e1visl\u00e9 na dod\u00e1vce proudu v marin\u011b, tak\u017ee p\u0159i na\u0161\u00ed j\u00edzd\u011b, kdy pouze kotv\u00edme, nebo jsme na boji, je nepou\u017eiteln\u00e9. Z toho plyne, \u017ee n\u00e1m bude zima\u2026.<\/p>\n\n\n\n<p>Pan\u00ed z mariny n\u00e1m prodala lo\u010f, my jsme si vyzna\u010dili, co je v\u0161echno \u0161patn\u00e9, zajeli jsme na n\u00e1kup nejd\u016fle\u017eit\u011bj\u0161\u00edch v\u011bc\u00ed, kter\u00e9 se n\u00e1m necht\u011blo tahat z domova, jako je t\u0159eba m\u00e1slo a vejce, a po z\u00e1padu slunce jsme se vydali do m\u011bste\u010dka na ve\u010de\u0159i.<\/p>\n\n\n\n<p>Co n\u00e1m nikdo ne\u0159ekl, je fakt, \u017ee v m\u011bste\u010dku sice jsou dv\u011b &#8222;restaurace&#8220;, ale jedno z toho je cafe bar, kam se sch\u00e1z\u00ed m\u00edstn\u00ed a druh\u00e9 je pustila u vyd\u0159iducha, kter\u00fd m\u00e1 sice velk\u00fd j\u00eddeln\u00ed l\u00edstek, ve kter\u00e9m je toho spousta, ale uva\u0159\u00ed z toho sotva polovinu\u2026 a studenou kuchyni. Na \u010derstv\u00e9 ryby m\u016f\u017eete rovnou zapomenout a pivo je jen z lahve. Nav\u00edc se v restauraci kou\u0159\u00ed, tak\u017ee je to celkov\u011b kvalitn\u00ed z\u00e1\u017eitek.<\/p>\n\n\n\n<p>Cht\u011bli jsme si d\u00e1t ligena na \u017earu, ale ty bohu\u017eel nejsou uloven\u00e9, tak\u017ee n\u00e1m nezbylo, ne\u017e si d\u00e1t studen\u00e9 prk\u00e9nko s chlebem. V j\u00eddeln\u00edm l\u00edstku je porce za 10E, tak\u017ee za n\u011bjak\u00fdch 50 se kr\u00e1sn\u011b naj\u00edme. No, nebudu to dlouze opisovat, \u00fa\u010det s 5 p\u00edvami na 120E n\u00e1s pon\u011bkud p\u0159ekvapil, ale co se d\u00e1 d\u011blat, pomsta bude sladk\u00e1, objednali jsme si u n\u011bj 5x ligena na \u017earu na n\u00e1\u0161 p\u00e1te\u010dn\u00ed n\u00e1vrat a NEPOJEDEME TAM! A\u0165 si je se\u017eere s\u00e1m!<\/p>\n\n\n\n<p>Ve\u010der jsme pustili na plno topen\u00ed, kter\u00fdm jsme vyhnali v\u0161echny \u017eivo\u010dichy, kte\u0159\u00ed tu \u017eili posledn\u00edch p\u00e1r m\u011bs\u00edc\u016f (jachta tu stoj\u00ed asi opravdu dlouho), zvedli v jacht\u011b vzdu\u0161nou vlhkost a vyhnali ji ven, tak\u017ee to tu za\u010d\u00edn\u00e1 b\u00fdt fajn. Probehnuv\u0161\u00ed karty a pov\u00edd\u00e1n\u00ed n\u00e1s p\u0159\u00edjemn\u011b unavilo. P\u0159i hran\u00ed karet do\u0161lo k drobn\u00e9mu incidentu, kter\u00fd jsem nev\u011bdomky vyvolal a jeho n\u00e1sledky budou m\u00edt z\u0159ejm\u011b za n\u00e1sledek, \u017ee se lo\u010f potop\u00ed a my v\u0161ichni zahyneme na dn\u011b mo\u0159e. Hr\u00e1lo se mega\u010d\u016fr\u00e1ci, co\u017e je karetn\u00ed hra, ve kter\u00e9 jde o to pos\u00edlit mor\u00e1lku mu\u017estva a celkov\u011b se pobavit. Pravidla \u0159\u00edkaj\u00ed, \u017ee po ka\u017ed\u00e9 h\u0159e se m\u011bn\u00ed role dle toho, kdo ve h\u0159e jak skon\u010d\u00ed. V jednom kole hry jsem navrhnul, abychom se nep\u0159esouvali, proto\u017ee na\u0161e pozice byla o 1+1 posunuta doprava\u2026 t\u00edm se stalo, \u017ee pozice C\u00edsa\u0159e byla najednou pozice mega\u010d\u016fr\u00e1ka a vedlo to ke zmatk\u016fm a anarchii. Kapit\u00e1n zcela spr\u00e1vn\u011b prohl\u00e1sil, \u017ee zav\u00e1d\u011bn\u00ed takov\u00e9 anarchie na lo\u010f je krajn\u011b nezodpov\u011bdn\u00e9 a povede k anarchii v\u011bt\u0161\u00ed, kter\u00e1 skon\u010d\u00ed a\u017e potopen\u00edm lod\u011b. Dnes se uk\u00e1zalo (ale to a\u017e v dal\u0161\u00edm blogu).<\/p>\n\n\n\n<p>T\u00edm tedy kon\u010d\u00ed prvn\u00ed den a j\u00e1 se s v\u00e1mi pro dne\u0161ek lou\u010d\u00edm \ud83d\ude42<\/p>\n\n\n\n<p>P.S. je\u0161t\u011b zm\u00edn\u00edm zb\u00fdl\u00e9 dva \u010dleny pos\u00e1dky, proto\u017ee je d\u016fle\u017eit\u00e9, abyste znali celou sestavu. Jed s n\u00e1mi kronik\u00e1\u0159 Radim, kter\u00fd je platn\u00fdm \u010dlenem pos\u00e1dky p\u0159edev\u0161\u00edm proto, proto\u017ee je v\u00edce\u00fa\u010delov\u00fd. Je to z\u00e1chran\u00e1\u0159, \u0161ikovn\u00fd pracant a v\u0161echno, na co s\u00e1hne, oprav\u00ed. Jedna jeho ne\u0159est je to, \u017ee \u017eije s\u00e1m, a tak m\u00e1 sv\u00e9 v\u00fdst\u0159ednosti, kter\u00fdmi n\u00e1s oblazuje\u2026 t\u0159eba se stra\u0161n\u011b hlasit\u011b sm\u011bje! Posledn\u00edm \u010dlenem pos\u00e1dky je ten nejd\u016fle\u017eit\u011bj\u0161\u00ed a t\u00edm je Jan. Je to kapit\u00e1n, tedy si zat\u00edm nem\u016f\u017eu dovolit \u017e\u00e1dnou injektivu, tak\u017ee budu ps\u00e1t pouze v superlativech. Kapit\u00e1n je moc \u0161ikovn\u00fd, dok\u00e1\u017ee v\u00e9st lo\u010f rovn\u011b, doleva i doprava a kdy\u017e je nouze nejv\u011bt\u0161\u00ed, i zacouv\u00e1!<\/p>\n","protected":false},"excerpt":{"rendered":"<p>Hezk\u00e9 odpoledne z jachty \ud83d\ude42 Rozhodl jsem se po zral\u00e9 \u00favaze, \u017ee nap\u00ed\u0161u blog z na\u0161\u00ed j\u00edzdy po oblastech Chorvatsk\u00fdch v dob\u00e1ch studen\u00e9ho odchovu \ud83d\ude42 V listopadu je u\u017e p\u0159ecijen t\u00e9m\u011b\u0159 zima a doma v t\u00e9hle chv\u00edli sn\u011b\u017e\u00ed\u2026 Rozhodli jsme se v\u0161ak, \u017ee zav\u00edt\u00e1me do Chorvatska a d\u00e1me si j\u00edzdu na jacht\u011b ve stylu prav\u00fdch [&hellip;]<\/p>\n","protected":false},"author":1,"featured_media":0,"parent":0,"menu_order":0,"comment_status":"closed","ping_status":"closed","template":"","meta":{"footnotes":""},"class_list":["post-1082","page","type-page","status-publish","hentry"],"_links":{"self":[{"href":"https:\/\/blog.dathen.com\/index.php?rest_route=\/wp\/v2\/pages\/1082","targetHints":{"allow":["GET"]}}],"collection":[{"href":"https:\/\/blog.dathen.com\/index.php?rest_route=\/wp\/v2\/pages"}],"about":[{"href":"https:\/\/blog.dathen.com\/index.php?rest_route=\/wp\/v2\/types\/page"}],"author":[{"embeddable":true,"href":"https:\/\/blog.dathen.com\/index.php?rest_route=\/wp\/v2\/users\/1"}],"replies":[{"embeddable":true,"href":"https:\/\/blog.dathen.com\/index.php?rest_route=%2Fwp%2Fv2%2Fcomments&post=1082"}],"version-history":[{"count":5,"href":"https:\/\/blog.dathen.com\/index.php?rest_route=\/wp\/v2\/pages\/1082\/revisions"}],"predecessor-version":[{"id":1124,"href":"https:\/\/blog.dathen.com\/index.php?rest_route=\/wp\/v2\/pages\/1082\/revisions\/1124"}],"wp:attachment":[{"href":"https:\/\/blog.dathen.com\/index.php?rest_route=%2Fwp%2Fv2%2Fmedia&parent=1082"}],"curies":[{"name":"wp","href":"https:\/\/api.w.org\/{rel}","templated":true}]}}