{"id":1085,"date":"2023-11-13T11:10:58","date_gmt":"2023-11-13T10:10:58","guid":{"rendered":"https:\/\/blog.dathen.com\/?page_id=1085"},"modified":"2023-11-13T18:21:19","modified_gmt":"2023-11-13T17:21:19","slug":"chorvatsko-jachta-2023-listopad-11-11-2023-gpt","status":"publish","type":"page","link":"https:\/\/blog.dathen.com\/?page_id=1085","title":{"rendered":"Chorvatsko &#8211; jachta 2023 Listopad 11.11.2023 GPT"},"content":{"rendered":"\n<p>V\u00e1\u017een\u00ed p\u0159\u00e1tel\u00e9, dovolte mi v\u00e1s prov\u00e9st p\u0159\u00edb\u011bhem na\u0161\u00ed dne\u0161n\u00ed plavby po chladn\u00fdch chorvatsk\u00fdch vod\u00e1ch. Vst\u00e1vali jsme v brzk\u00fdch rann\u00edch hodin\u00e1ch, kdy doma je\u0161t\u011b sn\u00edh pokr\u00fdval zem a mr\u00e1z \u0161t\u00edpal do tv\u00e1\u0159e. Ale na\u0161e touha po mo\u0159sk\u00fdch dobrodru\u017estv\u00edch n\u00e1s vedla k tomu, \u017ee jsme se rozhodli pro cestu na jacht\u011b, kde n\u00e1m spole\u010dn\u00edky byly zima a drsn\u00fd v\u00edtr, co\u017e je to prav\u00e9 o\u0159echov\u00e9 pro ka\u017ed\u00e9ho n\u00e1mo\u0159n\u00edka.<\/p>\n\n\n\n<p>V Jablonci jsme se shrom\u00e1\u017edili ve dv\u011b hodiny r\u00e1no, av\u0161ak n\u00e1\u0161 kapit\u00e1n m\u011bl m\u00edrn\u00e9 zpo\u017ed\u011bn\u00ed, co\u017e mi vzbudilo obavy o jeho bezpe\u010dnost. Jak\u00e9 \u0161t\u011bst\u00ed, \u017ee modern\u00ed technologie n\u00e1m umo\u017e\u0148uj\u00ed okam\u017eit\u00e9 sd\u011blen\u00ed &#8211; SMS zpr\u00e1va m\u011b ubezpe\u010dila, \u017ee se jen trochu zdr\u017eel.<\/p>\n\n\n\n<p>Na\u0161e v\u00fdprava pak pokra\u010dovala do Mlad\u00e9 Boleslavi, kde na n\u00e1s \u010dekal n\u00e1\u0161 spole\u010dn\u00edk Milan, mu\u017e robustn\u00ed postavy a nez\u00e1visl\u00e9ho ducha, kter\u00fd se skv\u011ble hod\u00ed do na\u0161\u00ed pos\u00e1dky d\u00edky sv\u00e9 s\u00edle a schopnosti p\u0159izp\u016fsobit se. Stejn\u011b jako pol\u00e1rn\u00edci maj\u00ed sv\u00e9 psy, my m\u00e1me Milana, kter\u00fd je na\u0161\u00ed hnac\u00ed silou.<\/p>\n\n\n\n<p>P\u0159esto\u017ee Milan p\u0159inesl smutnou novinu o ztr\u00e1t\u011b sv\u00e9ho v\u011brn\u00e9ho ps\u00edho druha, kter\u00e9ho musel za tmy poh\u0159b\u00edt, neztratil sv\u00e9 odhodl\u00e1n\u00ed a rychle se p\u0159idal k na\u0161\u00ed v\u00fdprav\u011b.<\/p>\n\n\n\n<p>A tak jsme pokra\u010dovali ve sv\u00e9 cest\u011b, p\u0159i\u010dem\u017e n\u00e1s ka\u017ed\u00fd dal\u0161\u00ed \u010dlen pos\u00e1dky obohatil sv\u00fdmi dovednostmi a srdnatost\u00ed. Jirik, kter\u00fd je na\u0161\u00ed z\u00e1sob\u00e1rnou pe\u010den\u00fdch dobrot, a nakonec i j\u00e1, kapit\u00e1n t\u00e9to lodi, kter\u00fd se sna\u017e\u00ed v\u00e9st na\u0161i jachtu s pevnou rukou a srdcem odv\u00e1\u017en\u00e9ho mo\u0159eplavce, i kdy\u017e n\u011bkdy mus\u00edm \u010delit ne\u010dekan\u00fdm v\u00fdzv\u00e1m a z\u00e1had\u00e1m n\u00e1mo\u0159n\u00ed hierarchie, kter\u00e9 na\u0161e cesty \u010din\u00ed o to dobrodru\u017en\u011bj\u0161\u00edmi.<\/p>\n\n\n\n<p>S p\u0159\u00edb\u011bhem na\u0161ich dobrodru\u017estv\u00ed a peripeti\u00ed prvn\u00edho dne se s v\u00e1mi nyn\u00ed lou\u010d\u00edm, av\u0161ak jen do\u010dasn\u011b, ne\u017e se op\u011bt vr\u00e1t\u00edm s dal\u0161\u00edmi z\u00e1\u017eitky z na\u0161\u00ed plavby.<\/p>\n\n\n\n<p>P.S. Nezapome\u0148te na Radima, na\u0161eho v\u0161estrann\u00e9ho kronik\u00e1\u0159e a zachr\u00e1nce, jeho\u017e schopnosti jsou pro na\u0161i pos\u00e1dku neoceniteln\u00e9, a na\u0161e sm\u00edchy a vrtochy jsou t\u00edm, co n\u00e1s dr\u017e\u00ed pohromad\u011b na t\u00e9to jacht\u011b, kterou hrd\u011b vede v\u00e1\u0161 kapit\u00e1n Jan.<\/p>\n","protected":false},"excerpt":{"rendered":"<p>V\u00e1\u017een\u00ed p\u0159\u00e1tel\u00e9, dovolte mi v\u00e1s prov\u00e9st p\u0159\u00edb\u011bhem na\u0161\u00ed dne\u0161n\u00ed plavby po chladn\u00fdch chorvatsk\u00fdch vod\u00e1ch. Vst\u00e1vali jsme v brzk\u00fdch rann\u00edch hodin\u00e1ch, kdy doma je\u0161t\u011b sn\u00edh pokr\u00fdval zem a mr\u00e1z \u0161t\u00edpal do tv\u00e1\u0159e. Ale na\u0161e touha po mo\u0159sk\u00fdch dobrodru\u017estv\u00edch n\u00e1s vedla k tomu, \u017ee jsme se rozhodli pro cestu na jacht\u011b, kde n\u00e1m spole\u010dn\u00edky byly zima a [&hellip;]<\/p>\n","protected":false},"author":1,"featured_media":0,"parent":0,"menu_order":0,"comment_status":"closed","ping_status":"closed","template":"","meta":{"footnotes":""},"class_list":["post-1085","page","type-page","status-publish","hentry"],"_links":{"self":[{"href":"https:\/\/blog.dathen.com\/index.php?rest_route=\/wp\/v2\/pages\/1085","targetHints":{"allow":["GET"]}}],"collection":[{"href":"https:\/\/blog.dathen.com\/index.php?rest_route=\/wp\/v2\/pages"}],"about":[{"href":"https:\/\/blog.dathen.com\/index.php?rest_route=\/wp\/v2\/types\/page"}],"author":[{"embeddable":true,"href":"https:\/\/blog.dathen.com\/index.php?rest_route=\/wp\/v2\/users\/1"}],"replies":[{"embeddable":true,"href":"https:\/\/blog.dathen.com\/index.php?rest_route=%2Fwp%2Fv2%2Fcomments&post=1085"}],"version-history":[{"count":3,"href":"https:\/\/blog.dathen.com\/index.php?rest_route=\/wp\/v2\/pages\/1085\/revisions"}],"predecessor-version":[{"id":1114,"href":"https:\/\/blog.dathen.com\/index.php?rest_route=\/wp\/v2\/pages\/1085\/revisions\/1114"}],"wp:attachment":[{"href":"https:\/\/blog.dathen.com\/index.php?rest_route=%2Fwp%2Fv2%2Fmedia&parent=1085"}],"curies":[{"name":"wp","href":"https:\/\/api.w.org\/{rel}","templated":true}]}}