{"id":1089,"date":"2023-11-13T11:12:53","date_gmt":"2023-11-13T10:12:53","guid":{"rendered":"https:\/\/blog.dathen.com\/?page_id=1089"},"modified":"2023-11-13T18:35:11","modified_gmt":"2023-11-13T17:35:11","slug":"chorvatsko-jachta-2023-listopad-12-11-2023","status":"publish","type":"page","link":"https:\/\/blog.dathen.com\/?page_id=1089","title":{"rendered":"Chorvatsko &#8211; jachta 2023 Listopad 12.11.2023"},"content":{"rendered":"\n<p>Dobr\u00fd den z lodi!<\/p>\n\n\n\n<p>Dne\u0161n\u00ed den je pln\u00fd kr\u00e1sn\u00fdch z\u00e1\u017eitk\u016f. R\u00e1no jsme se probudili do vytopen\u00e9 lod\u011b, kde bylo asi 36 stup\u0148\u016f. Topen\u00ed n\u00e1m bude rozhodn\u011b chyb\u011bt. Je ale dob\u0159e zm\u00ednit, \u017ee nad spor\u00e1kem je n\u00e1pis, kter\u00fd n\u00e1m zakazuje ho pou\u017e\u00edvat k topen\u00ed na lodi. Tak\u017ee pr\u00e1v\u011b te\u010f, kdy\u017e tento blog p\u00ed\u0161u, u\u017e ho\u0159\u00ed v troub\u011b plamen a oh\u0159\u00edv\u00e1me se \ud83d\ude42 Otev\u0159en\u00e1 trouba evokuje pocit opil\u00fdch n\u00e1mo\u0159n\u00edk\u016f, \u017ee ho\u0159\u00ed ohe\u0148 v krbu. N\u011bkte\u0159\u00ed z n\u00e1s dokonce nev\u00e1hali j\u00edt na b\u0159eh a p\u0159in\u00e9st n\u011bco d\u0159eva, aby byl v\u00fdsledek \u00fapln\u011b dokonal\u00fd. U\u017e to za\u010d\u00edn\u00e1 smrd\u011bt!<\/p>\n\n\n\n<p>Zabalen\u00ed v\u011bc\u00ed a \u00faklid lodi po dokonale sn\u00eddani, kterou jsem vlastnoru\u010dn\u011b p\u0159ipravil (vejce se slaninou), jsme umyli n\u00e1dob\u00ed (je s podivem, \u017ee kdy\u017e se jede sm\u00ed\u0161en\u00e1 lo\u010f s holkama, tak je kolem myt\u00ed n\u00e1dob\u00ed spousta kec\u016f, ale kdy\u017e jedeme sami, tak to prost\u011b n\u011bkdo umyje a je to) a jali se p\u0159ipravit lo\u010f na odjezd.<\/p>\n\n\n\n<p>Vyt\u00e1hnut\u00ed kabel\u016f s nap\u00e1jen\u00edm n\u00e1s sice zbavilo topen\u00ed, ale entuziasmus v na\u0161ich \u017eil\u00e1ch n\u00e1s dostate\u010dn\u011b zah\u0159\u00e1l na dne\u0161n\u00ed kr\u00e1snou plavbu. N\u00e1\u0161 dne\u0161n\u00ed c\u00edl je ostrov \u017dirje, kde budeme asi na boji, neb m\u00e1 v noci foukat a asi p\u0159ijde i n\u011bjak\u00e1 bou\u0159ka. Podejdeme tam na plachty. Vzhledem k velikosti lodi je dobr\u00e9 zm\u00ednit jej\u00ed pom\u011brn\u011b slu\u0161n\u00e9 vybaven\u00ed klasickou hlavn\u00ed plachtou, kter\u00e1 je um\u00edst\u011bna v lazybagu (je to takov\u00e9 m\u00edsto, kde p\u0159i slunn\u00e9m po\u010das\u00ed najdete kapit\u00e1na, kdy\u017e nen\u00ed nikde na lodi).<\/p>\n\n\n\n<p>Marina je opravdu malinkat\u00e1 a nach\u00e1z\u00ed se na severu od \u0160ibeniku za mostem. Most se mus\u00ed podjet p\u0159i vyjezdu lodi a by zde opr\u00e1vn\u011bn\u00fd strach z toho, abychom neohnuli st\u011b\u017ee\u0148 a t\u00edm p\u00e1dem by na\u0161e cesta skon\u010dila. Dostali jsme \u0161kolen\u00ed od kapit\u00e1na, jak se takov\u00e1 v\u011bc \u0159e\u0161\u00ed. Vezmou se lana a na \u010dlunu, n\u011bkolik siln\u00fdch mu\u017e\u016f, zat\u00e1hne za st\u011b\u017ee\u0148 lodi tak, aby se lo\u010f nahla na lev\u00fd, p\u0159\u00edpadn\u011b prav\u00fd bok a t\u00edm se doc\u00edl\u00ed jej\u00edho sn\u00ed\u017een\u00ed proti mostu a ten se m\u016f\u017ee bezpe\u010dn\u011b podjet (stra\u0161n\u011b keca, \u017ee) :))<\/p>\n\n\n\n<p>Vyjet\u00edm na voln\u00e9 mo\u0159e jsme zah\u00e1jili plavbu. Foukalo kr\u00e1sn\u00fdch 20 uzl\u016f, v n\u00e1razech a\u017e 25, tak\u017ee n\u00e1m lod\u011b\u010dka, kter\u00e1 v\u00e1\u017e\u00ed p\u0159es 10 tun uh\u00e1n\u011bla mezi 8 a 9 uzly, co\u017e je super v\u00fdsledek. P\u0159evl\u00e9kl jsem se do sv\u00e9ho obl\u00edben\u00e9ho protichemick\u00e9ho obleku, kter\u00fd pou\u017e\u00edv\u00e1m v\u00fdhradn\u011b na lodi. Je to opravdu protichemick\u00fd oblek z gumy, kter\u00fd neprofoukne, je v n\u011bm b\u00e1je\u010dn\u011b teplo, kdy\u017e pr\u0161\u00ed, jsem such\u00fd (ze za\u010d\u00e1tku) a celkov\u011b je to nejlep\u0161\u00ed kup na lodi, co jsem kdy ud\u011blal. M\u00e1 to drobnou nev\u00fdhodu, \u017ee mi to nikdo nev\u011b\u0159\u00ed. Tak\u017ee jsem ter\u010dem hloup\u00fdch vtip\u016f sv\u00fdch koleg\u016f, n\u00e1mo\u0159n\u00edk\u016f, kte\u0159\u00ed nepochop\u00ed, \u017ee v tom chci b\u00fdt dobrovoln\u011b!<\/p>\n\n\n\n<p>M\u016fj protichemick\u00fd oblek se osv\u011bd\u010dil hned zah\u00fd, proto\u017ee za\u010dalo brut\u00e1ln\u011b pr\u0161et. V\u0161ude po lodi tekly proudy vody, vlny bou\u0159ily a v\u0161ichni jsme se dr\u017eeli lodi, aby n\u00e1s n\u011bkter\u00e1 z vln nesmetla mezi rozzu\u0159en\u00e9 delf\u00edny, kte\u0159\u00ed n\u00e1s lemuj\u00ed po obou stran\u00e1ch lodi!<\/p>\n\n\n\n<p>Pochopiteln\u011b ta dramatickost vznikla po pos\u00edlen\u00ed drobn\u00e9ho mno\u017estv\u00ed alkoholu v kombinaci s l\u00e9ky na nevolnost \ud83d\ude42<\/p>\n\n\n\n<p>Bezpe\u010dn\u011b jsme dojeli do p\u0159\u00edstavu, resp. z\u00e1toky, kde jsme lo\u010f uv\u00e1zali na lana k boji a p\u0159e\u010dk\u00e1me tak noc. V lodi se aktu\u00e1ln\u011b sni\u017euje teplota vzduchu, tak\u017ee mus\u00edme p\u0159idat na plynov\u00e9 troub\u011b a asi vynd\u00e1me to d\u0159evo, proto\u017ee za\u010d\u00edn\u00e1 chytat.<\/p>\n\n\n\n<p>Za chvilku se budou hr\u00e1t spole\u010densk\u00e9 hry, tak\u017ee mi p\u0159eje \u0161t\u011bst\u00ed, a\u0165 se anarchie z minul\u00e9ho ve\u010dera brzy vytrat\u00ed a nastoup\u00ed jen m\u00edr a klid pod veden\u00edm na\u0161eho skv\u011bl\u00e9ho kapit\u00e1na.<\/p>\n\n\n\n<p>V programu na ve\u010der jsou d\u016fle\u017eit\u00e9 dva body. 1. je smute\u010dn\u00ed proslov a tr\u00fdzna za zesnul\u00e9ho pejska Mat\u011bje, kter\u00fd byl v noci z 10. na 11. listopadu zakop\u00e1n v noci Milanem. 2. Druh\u00fdm bodem je diskuze nad umrt\u00edm n\u011bkolika tis\u00edc hus v \u010cesk\u00e9 republice pro svatomartinsk\u00e9 bujar\u00e9 oslavy, s \u010d\u00edm\u017e jedna polovina pos\u00e1dky souhlas\u00ed a druh\u00e1 tak\u00e9. Bohu\u017eel se v okol\u00ed nenach\u00e1z\u00ed \u017e\u00e1dn\u00e1 husa, \u010d\u00edm\u017e se stalo, \u017ee na\u0161e oslavy budou pon\u011bkud chud\u0161\u00ed (racek je rychlej\u0161\u00ed).<\/p>\n","protected":false},"excerpt":{"rendered":"<p>Dobr\u00fd den z lodi! Dne\u0161n\u00ed den je pln\u00fd kr\u00e1sn\u00fdch z\u00e1\u017eitk\u016f. R\u00e1no jsme se probudili do vytopen\u00e9 lod\u011b, kde bylo asi 36 stup\u0148\u016f. Topen\u00ed n\u00e1m bude rozhodn\u011b chyb\u011bt. Je ale dob\u0159e zm\u00ednit, \u017ee nad spor\u00e1kem je n\u00e1pis, kter\u00fd n\u00e1m zakazuje ho pou\u017e\u00edvat k topen\u00ed na lodi. Tak\u017ee pr\u00e1v\u011b te\u010f, kdy\u017e tento blog p\u00ed\u0161u, u\u017e ho\u0159\u00ed v [&hellip;]<\/p>\n","protected":false},"author":1,"featured_media":0,"parent":0,"menu_order":0,"comment_status":"closed","ping_status":"closed","template":"","meta":{"footnotes":""},"class_list":["post-1089","page","type-page","status-publish","hentry"],"_links":{"self":[{"href":"https:\/\/blog.dathen.com\/index.php?rest_route=\/wp\/v2\/pages\/1089","targetHints":{"allow":["GET"]}}],"collection":[{"href":"https:\/\/blog.dathen.com\/index.php?rest_route=\/wp\/v2\/pages"}],"about":[{"href":"https:\/\/blog.dathen.com\/index.php?rest_route=\/wp\/v2\/types\/page"}],"author":[{"embeddable":true,"href":"https:\/\/blog.dathen.com\/index.php?rest_route=\/wp\/v2\/users\/1"}],"replies":[{"embeddable":true,"href":"https:\/\/blog.dathen.com\/index.php?rest_route=%2Fwp%2Fv2%2Fcomments&post=1089"}],"version-history":[{"count":2,"href":"https:\/\/blog.dathen.com\/index.php?rest_route=\/wp\/v2\/pages\/1089\/revisions"}],"predecessor-version":[{"id":1120,"href":"https:\/\/blog.dathen.com\/index.php?rest_route=\/wp\/v2\/pages\/1089\/revisions\/1120"}],"wp:attachment":[{"href":"https:\/\/blog.dathen.com\/index.php?rest_route=%2Fwp%2Fv2%2Fmedia&parent=1089"}],"curies":[{"name":"wp","href":"https:\/\/api.w.org\/{rel}","templated":true}]}}