{"id":1092,"date":"2023-11-13T11:15:14","date_gmt":"2023-11-13T10:15:14","guid":{"rendered":"https:\/\/blog.dathen.com\/?page_id=1092"},"modified":"2023-11-13T18:26:42","modified_gmt":"2023-11-13T17:26:42","slug":"chorvatsko-jachta-2023-listopad-12-11-2023-gpt","status":"publish","type":"page","link":"https:\/\/blog.dathen.com\/?page_id=1092","title":{"rendered":"Chorvatsko &#8211; jachta 2023 Listopad 12.11.2023 GPT"},"content":{"rendered":"\n<p> Dobr\u00fd ve\u010der z paluby na\u0161\u00ed plovouc\u00ed pevnosti!<\/p>\n\n\n\n<p>Dne\u0161n\u00ed den se rozprost\u0159el v pln\u00e9 kr\u00e1se jeho v\u00fdjime\u010dn\u00fdch z\u00e1\u017eitk\u016f. V mraziv\u00e9m \u00fasvitu jsme se vzbudili v prost\u0159ed\u00ed, kde teplo p\u0159eb\u00fdvalo jako v pekle, kdy\u017e bylo na palub\u011b t\u0159icet a \u0161est stup\u0148\u016f. Oh, jak jsme b\u00fdvali z\u00e1visl\u00ed na tom topen\u00ed, kter\u00e9 n\u00e1m nyn\u00ed bylo odep\u0159eno! P\u0159esto je nutno podotknout, \u017ee nad na\u0161im spor\u00e1kem visel p\u0159\u00edsn\u00fd p\u0159\u00edkaz, jen\u017e n\u00e1m zakazoval jeho pou\u017eit\u00ed pro \u00fa\u010dely vyt\u00e1p\u011bn\u00ed lodi. A tak, pr\u00e1v\u011b nyn\u00ed, kdy\u017e toto psan\u00ed skl\u00e1d\u00e1m, plameny v troub\u011b hrd\u011b vzpl\u00e1ly a my se h\u0159ejeme u otev\u0159en\u00e9ho ohn\u011b, jen\u017e n\u00e1m p\u0159ipom\u00edn\u00e1 doby, kdy opil\u00ed n\u00e1mo\u0159n\u00edci u krbu sv\u00e9 srdce h\u0159\u00e1li. N\u011bkter\u00e9 du\u0161e, nev\u00e1haj\u00edc\u00ed v odvaze, se dokonce vydaly na b\u0159eh pro d\u0159evo, aby n\u00e1\u0161 po\u017e\u00e1r byl dokonal\u00fd. Av\u0161ak te\u010f ji\u017e v\u016fn\u011b p\u0159ech\u00e1z\u00ed v z\u00e1pach!<\/p>\n\n\n\n<p>Po sn\u00eddani, je\u017e byla dokonal\u00e1 a kterou jsem s\u00e1m p\u0159ipravil, jsme se pustili do um\u00fdv\u00e1n\u00ed n\u00e1dob\u00ed, co\u017e je \u00fakol, je\u017e v p\u0159\u00edtomnosti d\u00e1m v\u017edy vyvol\u00e1v\u00e1 mnoho diskus\u00ed, av\u0161ak mezi n\u00e1mi mu\u017ei je to pouze pr\u00e1ce, kter\u00e1 mus\u00ed b\u00fdt u\u010din\u011bna. Pot\u00e9 jsme se chopili p\u0159\u00edprav na odplut\u00ed.<\/p>\n\n\n\n<p>Odpojen\u00ed od b\u0159ehov\u00e9ho nap\u00e1jen\u00ed n\u00e1m sice vzalo teplo, ale n\u00e1\u0161 entuziasmus pro dne\u0161n\u00ed plavbu n\u00e1m zah\u0159\u00e1l krev v \u017eil\u00e1ch. Ostrov \u017dirje, kam m\u00ed\u0159\u00edme, n\u00e1s v noci p\u0159iv\u00edt\u00e1 s boj\u00ed, nebo\u0165 se o\u010dek\u00e1v\u00e1 bou\u0159e. P\u0159ipravujeme se na to, \u017ee se budeme muset vypo\u0159\u00e1dat s plachtami v pln\u00e9m nasazen\u00ed.<\/p>\n\n\n\n<p>Na\u0161e marina, kam jsme sm\u011b\u0159ovali, byla skromn\u00e1 a nach\u00e1zela se na sever od \u0160ibeniku, za mostem, jen\u017e se mus\u00ed p\u0159i odplut\u00ed podjet. Abychom zabr\u00e1nili po\u0161kozen\u00ed st\u011b\u017en\u011b, n\u00e1\u0161 kapit\u00e1n n\u00e1s pro\u0161kolil, jak se takov\u00e1 situace \u0159e\u0161\u00ed \u2013 siln\u00ed mu\u017ei na \u010dlunu zat\u00e1hnou za lana a naklon\u00ed lo\u010f, aby se sn\u00ed\u017eila a mohla bezpe\u010dn\u011b proplout pod mostem.<\/p>\n\n\n\n<p>Kdy\u017e jsme pak vypluli na voln\u00e9 mo\u0159e, v\u00edtr foukal s kr\u00e1snou s\u00edlou dvaceti uzl\u016f, n\u011bkdy a\u017e dvaceti p\u011bti, a na\u0161e state\u010dn\u00e1 lo\u010f, kter\u00e1 v\u00e1\u017e\u00ed p\u0159es deset tun, uh\u00e1n\u011bla rychlost\u00ed osm a\u017e dev\u011bt uzl\u016f, co\u017e je velkolep\u00fd \u00fasp\u011bch. Obl\u00e9kl jsem sv\u016fj nejdra\u017e\u0161\u00ed protichemick\u00fd oblek, jen\u017e je na lodi m\u00fdm obl\u00edben\u00fdm spole\u010dn\u00edkem. V n\u011bm se c\u00edt\u00edm jako v pevnosti, nepromokav\u00fd a v teple, a\u010dkoliv se mi dost\u00e1v\u00e1 \u0161k\u00e1dliv\u00fdch pozn\u00e1mek od pos\u00e1dky.<\/p>\n\n\n\n<p>M\u016fj oblek byl ov\u011b\u0159en, kdy\u017e se znenad\u00e1n\u00ed spustil prudk\u00fd d\u00e9\u0161\u0165. Voda st\u00e9kala po palub\u011b a vlny se vzp\u00ednaly, av\u0161ak my jsme state\u010dn\u011b dr\u017eeli lo\u010f, abychom nebyli smeteni do rozl\u00edcen\u00e9ho mo\u0159e, kde by n\u00e1s obklopili delf\u00edni pln\u00ed rozzu\u0159en\u00ed.<\/p>\n\n\n\n<p>Av\u0161ak tato dramatick\u00e1 sc\u00e9na byla ve skute\u010dnosti jen umocn\u011bna mal\u00fdm mno\u017estv\u00edm alkoholu, kter\u00fd jsme si dop\u0159\u00e1li spolu s l\u00e9ky na nevolnost, co\u017e dod\u00e1valo na\u0161\u00ed situaci n\u00e1dech vzne\u0161en\u00e9ho dobrodru\u017estv\u00ed.<\/p>\n\n\n\n<p>Dopluvli jsme bezpe\u010dn\u011b do p\u0159\u00edstavu, kde jsme na\u0161i lo\u010f ukotvili k boji a p\u0159ipravili se na noc plnou nejistoty. V lodi nyn\u00ed teplota vzduchu kles\u00e1 a my mus\u00edme p\u0159idat na ohni v na\u0161\u00ed troubov\u00e9 peci, jen\u017e nyn\u00ed za\u010d\u00edn\u00e1 b\u00fdt v\u00edc ne\u017e nutnost\u00ed.<\/p>\n\n\n\n<p>Brzy za\u010dnou na\u0161e spole\u010densk\u00e9 hry, a proto douf\u00e1m, \u017ee se mi dostane \u0161t\u011bst\u00ed, aby se anarchie z p\u0159edchoz\u00edho ve\u010dera rozplynula a nastoupil klid pod veden\u00edm na\u0161eho v\u011brn\u00e9ho kapit\u00e1na.<\/p>\n\n\n\n<p>Ve\u010dern\u00ed program je zvl\u00e1\u0161\u0165 d\u016fle\u017eit\u00fd, nebo\u0165 obsahuje dva hlavn\u00ed body. Prvn\u00edm je smute\u010dn\u00ed proslov a tryzna za Mateje, v\u011brn\u00e9ho ps\u00edho druha, jen\u017e byl v tichosti noci p\u0159i svitu hv\u011bzd pietn\u011b ulo\u017een do zem\u011b. Druh\u00fdm bodem je diskuse o osudu tis\u00edc\u016f hus v na\u0161\u00ed vlasti, je\u017e byly ob\u011btov\u00e1ny svatomartinsk\u00fdm oslav\u00e1m. I kdy\u017e jsme v tuto chv\u00edli bez husy, na\u0161e oslavy budou i tak pln\u00e9 radosti, by\u0165 bez pe\u0159\u00ed.<\/p>\n","protected":false},"excerpt":{"rendered":"<p>Dobr\u00fd ve\u010der z paluby na\u0161\u00ed plovouc\u00ed pevnosti! Dne\u0161n\u00ed den se rozprost\u0159el v pln\u00e9 kr\u00e1se jeho v\u00fdjime\u010dn\u00fdch z\u00e1\u017eitk\u016f. V mraziv\u00e9m \u00fasvitu jsme se vzbudili v prost\u0159ed\u00ed, kde teplo p\u0159eb\u00fdvalo jako v pekle, kdy\u017e bylo na palub\u011b t\u0159icet a \u0161est stup\u0148\u016f. Oh, jak jsme b\u00fdvali z\u00e1visl\u00ed na tom topen\u00ed, kter\u00e9 n\u00e1m nyn\u00ed bylo odep\u0159eno! P\u0159esto je nutno [&hellip;]<\/p>\n","protected":false},"author":1,"featured_media":0,"parent":0,"menu_order":0,"comment_status":"closed","ping_status":"closed","template":"","meta":{"footnotes":""},"class_list":["post-1092","page","type-page","status-publish","hentry"],"_links":{"self":[{"href":"https:\/\/blog.dathen.com\/index.php?rest_route=\/wp\/v2\/pages\/1092","targetHints":{"allow":["GET"]}}],"collection":[{"href":"https:\/\/blog.dathen.com\/index.php?rest_route=\/wp\/v2\/pages"}],"about":[{"href":"https:\/\/blog.dathen.com\/index.php?rest_route=\/wp\/v2\/types\/page"}],"author":[{"embeddable":true,"href":"https:\/\/blog.dathen.com\/index.php?rest_route=\/wp\/v2\/users\/1"}],"replies":[{"embeddable":true,"href":"https:\/\/blog.dathen.com\/index.php?rest_route=%2Fwp%2Fv2%2Fcomments&post=1092"}],"version-history":[{"count":3,"href":"https:\/\/blog.dathen.com\/index.php?rest_route=\/wp\/v2\/pages\/1092\/revisions"}],"predecessor-version":[{"id":1116,"href":"https:\/\/blog.dathen.com\/index.php?rest_route=\/wp\/v2\/pages\/1092\/revisions\/1116"}],"wp:attachment":[{"href":"https:\/\/blog.dathen.com\/index.php?rest_route=%2Fwp%2Fv2%2Fmedia&parent=1092"}],"curies":[{"name":"wp","href":"https:\/\/api.w.org\/{rel}","templated":true}]}}