{"id":1095,"date":"2023-11-13T18:02:56","date_gmt":"2023-11-13T17:02:56","guid":{"rendered":"https:\/\/blog.dathen.com\/?page_id=1095"},"modified":"2023-11-13T18:37:46","modified_gmt":"2023-11-13T17:37:46","slug":"chorvatsko-jachta-2023-listopad-13-11-2023","status":"publish","type":"page","link":"https:\/\/blog.dathen.com\/?page_id=1095","title":{"rendered":"Chorvatsko &#8211; jachta 2023 Listopad 13.11.2023"},"content":{"rendered":"\n<p>Dobr\u00fd ve\u010der z jachty \ud83d\ude42<\/p>\n\n\n\n<p>Dne\u0161n\u00ed den za\u010dal neuv\u011b\u0159iteln\u011b slune\u010dn\u00fdm po\u010das\u00edm. Slun\u00ed\u010dko hr\u00e1lo, rackov\u00e9 se houfovali kolem lodi a pod lod\u00ed se hromadily hladov\u00e9 rybi\u010dky \ud83d\ude42<\/p>\n\n\n\n<p>Dne\u0161n\u00ed noc byla klidn\u00e1, \u017e\u00e1dn\u00fd v\u00edtr se nekonal, lo\u010f se p\u0159\u00edjemn\u011b houpala a v\u0161ichni v lodi chrupkali o 107 \ud83d\ude42<\/p>\n\n\n\n<p>R\u00e1no pak bylo dokonce i teplo a na slun\u00ed\u010dko obzvl\u00e1\u0161\u0165, proto se rozhodlo, \u017ee bude provedena o\u010dista t\u011bl v mo\u0159sk\u00e9 vod\u011b \ud83d\ude42 Teplota vody m\u00e1 poci\u0165ov\u011b kolem 20 stup\u0148\u016f, r\u016fzn\u00e9 mapy hovo\u0159\u00ed o tom, \u017ee m\u00e1 i v\u00edc, ale lehce o tom pochybuju \ud83d\ude09 V ka\u017ed\u00e9m p\u0159\u00edpad\u011b se koup\u00e1n\u00ed povedlo, t\u011bla byla umyta, zuby vy\u010di\u0161t\u011bny a pos\u00e1dka je zase vo\u0148av\u00e1 (a\u017e na boty, co stoj\u00ed v kuchyni, mus\u00edm zjistit, zda jsou, proto\u017ee ten \u010dlov\u011bk je ur\u010dit\u011b nemocnej!)<\/p>\n\n\n\n<p>Dneska vaj\u00ed\u010dka nebyla, byla sladk\u00e1 sn\u00eddan\u011b v podob\u011b rozpe\u010den\u00fdch bagetek s v\u00fdbornou dom\u00e1c\u00ed marmel\u00e1dou ze sparu a k tomu jsem ud\u011blal slepi\u010d\u00ed v\u00fdvar z racka, kter\u00fd se chytil r\u00e1no na rybu, kterou chytil Radim s Milanem. Chvilku bojoval, ale nakonec mu to bylo prd platn\u00e9 a \u0161el do pol\u00edvky \ud83d\ude42 tro\u0161ku celeru, mrkve a petr\u017eel a u\u017e se varil \ud83d\ude42 zob\u00e1k si dal kapit\u00e1n na prov\u00e1zek kolem krku, proto\u017ee ten spr\u00e1vn\u00fd v\u016fdce mus\u00ed m\u00edt, a na \u017eraloka by tu \u010dlov\u011bk nenarazil \ud83d\ude42<\/p>\n\n\n\n<p>Po vydatn\u00e9 sn\u00eddani jsme sbalili lo\u010f a proto\u017ee jsme dneska u\u0161et\u0159ili (byli jsme na boji, ale vyb\u00edr\u010d\u00ed se nedostavil), tak si d\u00e1me v p\u00e1tek ty sl\u00edben\u00e9 lignon u vyd\u0159iducha \ud83d\ude42<\/p>\n\n\n\n<p>Vyrazili jsme\u2026 dneska se m\u00e1 jet na mal\u00fd\/velk\u00fd Drvenik, kde se m\u00e1 p\u0159enocovat, tak se t\u011b\u0161\u00edme na kvalitn\u00ed jachting pod pln\u00fdmi plachtami! Je kr\u00e1sn\u00fd den, pln\u00fd slunce a v\u011btru, tak si to \u00fa\u017easn\u011b u\u017eijeme\u2026<\/p>\n\n\n\n<p>Vyrazili jsme a proto\u017ee se mus\u00ed p\u0159ejet velk\u00e9 mno\u017estv\u00ed kilometr\u016f, tak lad\u00edme plachty, aby byly p\u011bkn\u011b napnut\u00e9 a lo\u010f poh\u00e1n\u011bli o 106. P\u00e1r des\u00edtek minut n\u00e1ramn\u011b par\u00e1dy se vedle n\u00e1s objevuje vojensk\u00e1 n\u00e1mo\u0159n\u00ed lo\u010f pln\u00e1 voj\u00e1k\u016f\u2026 voj\u00e1ci na n\u00e1s n\u011bco zu\u0159iv\u011b gestikuluj\u00ed, postupn\u011b pochop\u00edme, \u017ee cht\u011bj\u00ed, abychom si zapnuli vys\u00edla\u010dku. Je n\u00e1m jasn\u00e9, \u017ee tady prob\u00edh\u00e1 n\u011bjak\u00e9 cvi\u010den\u00ed, a tak se kapit\u00e1n sna\u017e\u00ed zachytit jejich vol\u00e1n\u00ed, ale ne\u00fasp\u011b\u0161n\u011b\u2026 po n\u011bkolika minut\u00e1ch to vzd\u00e1vaj\u00ed, ukazuj\u00ed, abychom jeli do \u2026 pry\u010d a opust\u00ed n\u00e1s\u2026 Jedou k dal\u0161\u00ed jacht\u011b, kter\u00e1 je na horizontu. Kapit\u00e1n v r\u00e1mci na\u0161\u00ed anarchick\u00e9 n\u00e1lady na lodi prohla\u0161uje, \u017ee na n\u011b ka\u0161leme a jedeme, kam budeme cht\u00edt (je evidentn\u00ed, \u017ee to s t\u00edm potopen\u00edm lod\u011b myslel v\u00e1\u017en\u011b).<\/p>\n\n\n\n<p>Znovu rozbalujeme plachty, ale nev\u00edm, pro\u010d, ale Chorvatsk\u00e9 n\u00e1mo\u0159nictvo vyplo v\u00edtr (asi kv\u016fli cvi\u010den\u00ed), tak\u017ee se lo\u010f t\u00e9m\u011b\u0159 zastavila. Jdu si lehnout, proto\u017ee na to nem\u00e1m nervy.<\/p>\n\n\n\n<p>Za n\u011bkolik minut k lodi op\u011bt doraz\u00ed dal\u0161\u00ed vojensk\u00e1 lo\u010f a tentokr\u00e1t u\u017e pom\u011brn\u011b nev\u00fdbirav\u011b n\u00e1m vysv\u011btluj\u00ed, \u017ee tady nem\u00e1me co d\u011blat a jestli chceme b\u00fdt ter\u010dem jejich cvi\u010den\u00ed, tak pros\u00edm, ale r\u00e1di n\u00e1m se vzd\u00e1lit.<\/p>\n\n\n\n<p>Dne\u0161n\u00ed pl\u00e1n jet na mal\u00fd\/velk\u00fd Drvenik se t\u00edmto rozplynul a my se obloukem vrac\u00edme na \u017dirje, kde budeme asi kotvit.<\/p>\n\n\n\n<p>P\u0159ij\u00ed\u017ed\u00edme pod veden\u00edm na\u0161eho kapit\u00e1na do z\u00e1toky sr\u0161n\u00ed, kter\u00e1 se vyzna\u010duje t\u00edm, \u017ee nem\u00e1 b\u00fdt v\u016fbec obydlena, ale je tu penzion, pot\u00e1p\u011b\u010d a t\u0159i ryb\u00e1\u0159i, kte\u0159\u00ed na n\u00e1s hled\u00ed jako na zjeven\u00ed, \u017ee chceme v z\u00e1toce kotvit. Haz\u00edme do mo\u0159e kotvu a dva na\u0161i nejlep\u0161\u00ed n\u00e1mo\u0159n\u00edci Radim a Milan vezou k b\u0159ehu lana, kter\u00fdmi n\u00e1s ukotv\u00ed. Bohu\u017eel dno v z\u00e1toce nen\u00ed \u00fapln\u011b ide\u00e1ln\u00ed a tak se stane, \u017ee i tak zku\u0161en\u00fd kapit\u00e1n, jako je Jan, mus\u00ed konstatovat, \u017ee kotva nedr\u017e\u00ed. Opet se lod odvazuje, kotva se znovu nahazuje, zji\u0161tuje se, jestli dr\u017e\u00ed a opet se p\u0159ivazuje k b\u0159ehu. Vys\u00edlen\u00ed a zkrhli n\u00e1mo\u0159n\u00edci Milan a Radim jsou ji\u017e p\u0159\u00edkazy Jena tak znaveni, \u017ee je Jan odvol\u00e1v\u00e1 a jde si lo\u010f p\u0159iv\u00e1zat s\u00e1m. (Ono se to takhle d\u011bje pokazd\u00e9, kdy\u017e kotv\u00edme, kapit\u00e1n je zodpov\u011bdn\u00fd a lo\u010f v\u017edy p\u0159ev\u00e1\u017e\u00ed, m\u00e1 kolem toho koment\u00e1\u0159 o tom, \u017ee by bylo lep\u0161\u00ed, kdyby jel s\u00e1m a kdy\u017e je definitivn\u011b spokojen se sv\u00fdm uv\u00e1zem, vrac\u00ed se na lo\u010f s hrd\u00fdm v\u00fdrazem v tv\u00e1\u0159i)<\/p>\n\n\n\n<p>J\u00e1 mezit\u00edm va\u0159\u00edm Bolonsk\u00e9 \u0161pagety se s\u00fdrem a proto\u017ee pos\u00e1dka naho\u0159e blbne s uvazy a kotvou, postupn\u011b se ze \u0161paget st\u00e1v\u00e1 slepenec.<\/p>\n\n\n\n<p>Nakonec se ale dobr\u00e1 v\u011bc povedla, lo\u010f je kvalitn\u011b zakotvena a j\u00eddlo sn\u011bdeno \ud83d\ude42 Planujeme v\u00fdsadek na pob\u0159e\u017e\u00ed. Ve v\u00fdsadku jsou jmenovit\u011b kapit\u00e1n Jan, Milan, Radim a Jirik. Na lodi mus\u00ed n\u011bkdo z\u016fstat, aby hl\u00eddal jej\u00ed ukotven\u00ed a proto\u017ee m\u00e1m nejv\u011bt\u0161\u00ed d\u016fv\u011bru kapit\u00e1na, z\u016fst\u00e1v\u00e1m j\u00e1! (ve skute\u010dnosti se mi nikam nechce).<\/p>\n\n\n\n<p>V\u00fdsadek je zp\u00e1tky a p\u0159ipravuji se ve\u010dern\u00ed hry. Ka\u017ed\u00fd m\u00e1 v ruce mobil, neb vcera v zatoce nebyl signal a tak to v\u0161ichni doh\u00e1n\u00ed.<\/p>\n\n\n\n<p>P\u0159eji v\u00e1m p\u0159\u00edjemn\u00fd zbytek ve\u010dera a my se jdeme bavit!<\/p>\n","protected":false},"excerpt":{"rendered":"<p>Dobr\u00fd ve\u010der z jachty \ud83d\ude42 Dne\u0161n\u00ed den za\u010dal neuv\u011b\u0159iteln\u011b slune\u010dn\u00fdm po\u010das\u00edm. Slun\u00ed\u010dko hr\u00e1lo, rackov\u00e9 se houfovali kolem lodi a pod lod\u00ed se hromadily hladov\u00e9 rybi\u010dky \ud83d\ude42 Dne\u0161n\u00ed noc byla klidn\u00e1, \u017e\u00e1dn\u00fd v\u00edtr se nekonal, lo\u010f se p\u0159\u00edjemn\u011b houpala a v\u0161ichni v lodi chrupkali o 107 \ud83d\ude42 R\u00e1no pak bylo dokonce i teplo a na slun\u00ed\u010dko [&hellip;]<\/p>\n","protected":false},"author":1,"featured_media":0,"parent":0,"menu_order":0,"comment_status":"closed","ping_status":"closed","template":"","meta":{"footnotes":""},"class_list":["post-1095","page","type-page","status-publish","hentry"],"_links":{"self":[{"href":"https:\/\/blog.dathen.com\/index.php?rest_route=\/wp\/v2\/pages\/1095","targetHints":{"allow":["GET"]}}],"collection":[{"href":"https:\/\/blog.dathen.com\/index.php?rest_route=\/wp\/v2\/pages"}],"about":[{"href":"https:\/\/blog.dathen.com\/index.php?rest_route=\/wp\/v2\/types\/page"}],"author":[{"embeddable":true,"href":"https:\/\/blog.dathen.com\/index.php?rest_route=\/wp\/v2\/users\/1"}],"replies":[{"embeddable":true,"href":"https:\/\/blog.dathen.com\/index.php?rest_route=%2Fwp%2Fv2%2Fcomments&post=1095"}],"version-history":[{"count":2,"href":"https:\/\/blog.dathen.com\/index.php?rest_route=\/wp\/v2\/pages\/1095\/revisions"}],"predecessor-version":[{"id":1121,"href":"https:\/\/blog.dathen.com\/index.php?rest_route=\/wp\/v2\/pages\/1095\/revisions\/1121"}],"wp:attachment":[{"href":"https:\/\/blog.dathen.com\/index.php?rest_route=%2Fwp%2Fv2%2Fmedia&parent=1095"}],"curies":[{"name":"wp","href":"https:\/\/api.w.org\/{rel}","templated":true}]}}