{"id":1099,"date":"2023-11-13T18:09:19","date_gmt":"2023-11-13T17:09:19","guid":{"rendered":"https:\/\/blog.dathen.com\/?page_id=1099"},"modified":"2023-11-13T18:25:18","modified_gmt":"2023-11-13T17:25:18","slug":"chorvatsko-jachta-2023-listopad-13-11-2023-gpt","status":"publish","type":"page","link":"https:\/\/blog.dathen.com\/?page_id=1099","title":{"rendered":"Chorvatsko &#8211; jachta 2023 Listopad 13.11.2023 GPT"},"content":{"rendered":"\n<p>Dobr\u00fd ve\u010der z paluby na\u0161\u00ed jachty!<\/p>\n\n\n\n<p>Dne\u0161n\u00ed den se probudil do n\u00e1dhern\u011b slune\u010dn\u00e9ho r\u00e1na. Slunce tan\u010dilo na vln\u00e1ch, mo\u0159e bylo pln\u00e9 \u017eivota a nad\u011bje, a pod n\u00e1mi se st\u0159\u00edbrn\u00fdmi z\u00e1blesky h\u00fdbaly hladov\u00e9 rybky.<\/p>\n\n\n\n<p>Po klidn\u00e9 noci, kdy se lo\u010f kol\u00e9bala na tich\u00e9 hladin\u011b a v\u0161ichni na palub\u011b si odpo\u010dinuli, n\u00e1s r\u00e1no v\u00edtalo nejen tepl\u00fdmi paprsky slunce, ale i p\u0159\u00edslibem nov\u00fdch dobrodru\u017estv\u00ed. Rozhodli jsme se, \u017ee za\u010dneme dnem osv\u011b\u017een\u00ed \u2013 skokem do pr\u016fzra\u010dn\u00e9ho mo\u0159e, jeho\u017e teplota byla akor\u00e1t pro r\u00e1no pln\u00e9 el\u00e1nu.<\/p>\n\n\n\n<p>Bez vajec, ale s bagetami a dom\u00e1c\u00ed marmel\u00e1dou jsme si pochutnali na sn\u00eddani, kter\u00e1 se stala je\u0161t\u011b v\u00fdjime\u010dn\u011bj\u0161\u00ed d\u00edky ryb\u00e1\u0159sk\u00e9mu um\u011bn\u00ed Radima a Milana. Ne\u0161\u0165astn\u00fd rack, kter\u00fd se stal ob\u011bt\u00ed na\u0161eho r\u00e1na, p\u0159inesl s sebou do pol\u00e9vky nejen v\u00fd\u017eivu, ale i p\u0159\u00edb\u011bh.<\/p>\n\n\n\n<p>S pln\u00fdmi \u017ealudky jsme se dali do pr\u00e1ce a p\u0159ipravili lo\u010f k odplut\u00ed. D\u00edky \u0161t\u011bst\u00ed a n\u00e1mo\u0159n\u00ed zku\u0161enosti jsme si u\u0161et\u0159ili n\u011bjak\u00e9 pen\u00edze (d\u00edky ne\u010dekan\u00e9 absenci v\u00fdb\u011br\u010d\u00edho na bojce), co\u017e znamen\u00e1, \u017ee si v p\u00e1tek m\u016f\u017eeme dovolit po\u0159\u00e1dnou hostinu u toho v\u00fd\u0159iducha!<\/p>\n\n\n\n<p>S plachtami napnut\u00fdmi k dokonalosti jsme se vydali vst\u0159\u00edc v\u00fdzv\u00e1m dne. P\u0159esouv\u00e1n\u00ed se po mo\u0159i bylo jako tanec s v\u011btrem, a\u017e do chv\u00edle, kdy n\u00e1s p\u0159ekvapila vojensk\u00e1 lo\u010f. Po kr\u00e1tk\u00e9m nedorozum\u011bn\u00ed a gestikulaci jsme pochopili, \u017ee se jedn\u00e1 o cvi\u010den\u00ed. Kapit\u00e1n Jan, s anarchistick\u00fdm duchem na\u0161\u00ed pos\u00e1dky, prohl\u00e1sil, \u017ee n\u00e1s jejich hry nezaj\u00edmaj\u00ed a pokra\u010dovali jsme ve sv\u00e9 cest\u011b.<\/p>\n\n\n\n<p>Av\u0161ak bez v\u011btru, kter\u00fd jako by vyplul Chorvatsk\u00e9 n\u00e1mo\u0159nictvo pro sv\u00e9 man\u00e9vry, jsme se ocitli v klidu. Unaven\u00fd z ne\u010dinnosti, jsem si \u0161el odpo\u010dinout, zat\u00edmco kapit\u00e1n a pos\u00e1dka \u0159e\u0161ili, co d\u00e1l.<\/p>\n\n\n\n<p>N\u00e1\u0161 p\u016fvodn\u00ed pl\u00e1n na Drven\u00edk se rozplynul, kdy\u017e n\u00e1m voj\u00e1ci dali jasn\u011b najevo, \u017ee zde nen\u00ed m\u00edsto pro na\u0161i jachtu. A tak jsme se vydali k ostrovu \u017dirje, kde n\u00e1s \u010dekala nov\u00e1 v\u00fdzva.<\/p>\n\n\n\n<p>P\u0159ipluli jsme do opu\u0161t\u011bn\u00e9 z\u00e1toky, kde se p\u0159esto nach\u00e1zelo p\u00e1r zv\u011bdav\u00fdch obyvatel. Po n\u011bkolika pokusech o ukotven\u00ed a kapit\u00e1nov\u011b ne\u00fanavn\u00e9m veden\u00ed se n\u00e1m poda\u0159ilo jachtu bezpe\u010dn\u011b zakotvit. Unaveni, ale spokojeni jsme se p\u0159ipravovali na ve\u010der pln\u00fd her a z\u00e1bavy.<\/p>\n\n\n\n<p>Z\u016fstal jsem na palub\u011b, abych hl\u00eddal, zat\u00edmco ostatn\u00ed vyrazili na pr\u016fzkum pob\u0159e\u017e\u00ed. Po jejich n\u00e1vratu jsme se pustili do ve\u010dern\u00edch her, zat\u00edmco mobiln\u00ed telefony, nyn\u00ed op\u011bt pln\u00e9 sign\u00e1lu, n\u00e1m p\u0159ipom\u00ednaly spojen\u00ed se sv\u011btem mimo na\u0161i n\u00e1mo\u0159n\u00ed bublinu. Hry n\u00e1m dodaly energii a sm\u00edch rozehnal jakoukoliv \u00fanavu z dne.<\/p>\n\n\n\n<p>Nyn\u00ed, kdy\u017e je noc tady, obloha pln\u00e1 hv\u011bzd se st\u00e1v\u00e1 na\u0161\u00edm divadlem a mo\u0159e klidn\u00fdm doprovodem k na\u0161\u00ed no\u010dn\u00ed symfonii. Pl\u00e1ny jsou stanoveny, j\u00eddlo bylo chutn\u00e9 a lo\u010f je pevn\u011b zakotven\u00e1, p\u0159ipraven\u00e1 na dal\u0161\u00ed den pln\u00fd dobrodru\u017estv\u00ed.<\/p>\n\n\n\n<p>Tak si p\u0159eji, aby v\u00e1\u0161 ve\u010der byl stejn\u011b p\u0159\u00edjemn\u00fd jako n\u00e1\u0161, a douf\u00e1m, \u017ee se budete t\u011b\u0161it na dal\u0161\u00ed p\u0159\u00edb\u011bhy z na\u0161\u00ed odv\u00e1\u017en\u00e9 v\u00fdpravy. Dobrou noc z jachty, kter\u00e1 je pro n\u00e1s v\u00edc ne\u017e jen lo\u010f \u2013 je to domov pln\u00fd p\u0159\u00e1telstv\u00ed, svobody a nekone\u010dn\u00fdch mo\u017enost\u00ed. Jdeme se bavit!<\/p>\n","protected":false},"excerpt":{"rendered":"<p>Dobr\u00fd ve\u010der z paluby na\u0161\u00ed jachty! Dne\u0161n\u00ed den se probudil do n\u00e1dhern\u011b slune\u010dn\u00e9ho r\u00e1na. Slunce tan\u010dilo na vln\u00e1ch, mo\u0159e bylo pln\u00e9 \u017eivota a nad\u011bje, a pod n\u00e1mi se st\u0159\u00edbrn\u00fdmi z\u00e1blesky h\u00fdbaly hladov\u00e9 rybky. Po klidn\u00e9 noci, kdy se lo\u010f kol\u00e9bala na tich\u00e9 hladin\u011b a v\u0161ichni na palub\u011b si odpo\u010dinuli, n\u00e1s r\u00e1no v\u00edtalo nejen tepl\u00fdmi paprsky [&hellip;]<\/p>\n","protected":false},"author":1,"featured_media":0,"parent":0,"menu_order":0,"comment_status":"closed","ping_status":"closed","template":"","meta":{"footnotes":""},"class_list":["post-1099","page","type-page","status-publish","hentry"],"_links":{"self":[{"href":"https:\/\/blog.dathen.com\/index.php?rest_route=\/wp\/v2\/pages\/1099","targetHints":{"allow":["GET"]}}],"collection":[{"href":"https:\/\/blog.dathen.com\/index.php?rest_route=\/wp\/v2\/pages"}],"about":[{"href":"https:\/\/blog.dathen.com\/index.php?rest_route=\/wp\/v2\/types\/page"}],"author":[{"embeddable":true,"href":"https:\/\/blog.dathen.com\/index.php?rest_route=\/wp\/v2\/users\/1"}],"replies":[{"embeddable":true,"href":"https:\/\/blog.dathen.com\/index.php?rest_route=%2Fwp%2Fv2%2Fcomments&post=1099"}],"version-history":[{"count":2,"href":"https:\/\/blog.dathen.com\/index.php?rest_route=\/wp\/v2\/pages\/1099\/revisions"}],"predecessor-version":[{"id":1115,"href":"https:\/\/blog.dathen.com\/index.php?rest_route=\/wp\/v2\/pages\/1099\/revisions\/1115"}],"wp:attachment":[{"href":"https:\/\/blog.dathen.com\/index.php?rest_route=%2Fwp%2Fv2%2Fmedia&parent=1099"}],"curies":[{"name":"wp","href":"https:\/\/api.w.org\/{rel}","templated":true}]}}