{"id":1135,"date":"2023-11-15T18:05:38","date_gmt":"2023-11-15T17:05:38","guid":{"rendered":"https:\/\/blog.dathen.com\/?page_id=1135"},"modified":"2023-11-15T18:05:39","modified_gmt":"2023-11-15T17:05:39","slug":"chorvatsko-jachta-2023-listopad-14-11-2023-verze-dle-gpt","status":"publish","type":"page","link":"https:\/\/blog.dathen.com\/?page_id=1135","title":{"rendered":"Chorvatsko &#8211; jachta 2023 Listopad 14.11.2023 verze dle GPT"},"content":{"rendered":"\n<p>D\u00e1my a p\u00e1nov\u00e9, tady je va\u0161e ve\u010dern\u00ed d\u00e1vka mo\u0159sk\u00fdch historek p\u0159\u00edmo z paluby na\u0161\u00ed state\u010dn\u00e9 lodi, kde ka\u017ed\u00fd den je jako v\u00fdbuch sm\u00edchu z pir\u00e1tsk\u00e9 d\u011bla!<\/p>\n\n\n\n<p>Ne\u017e se pust\u00edme do dne\u0161n\u00edch n\u00e1mo\u0159n\u00edch v\u00fdst\u0159elk\u016f, mus\u00edm se p\u0159iznat k v\u010derej\u0161\u00edmu p\u0159e\u0161lapu. Opomenul jsem toti\u017e zm\u00ednit geni\u00e1ln\u00ed okam\u017eik, kdy\u017e jsme, v duchu opravdov\u00fdch mo\u0159sk\u00fdch dobrodruh\u016f, vyvinuli novou verzi karetn\u00ed hry &#8222;Mega\u010dur\u00e1ci&#8220;. P\u0159edstavte si to: kombinace pokerov\u00e9 tv\u00e1\u0159e a divok\u00e9ho sm\u00edchu, kdy ka\u017ed\u00e9 &#8222;dal&#8220; m\u016f\u017ee znamenat obrat k lep\u0161\u00edmu nebo\u2026 k tot\u00e1ln\u00edmu chaosu!<\/p>\n\n\n\n<p>Po skv\u011bl\u00e9 ve\u010de\u0159i, kdy\u017e u\u017e se chv\u011bla i na\u0161e lo\u010f od nap\u011bt\u00ed, jsme se pustili do hry, kter\u00e1 byla v\u00edc z\u00e1bavn\u00e1 ne\u017e sledov\u00e1n\u00ed dvou papou\u0161k\u016f, jak si namlouvaj\u00ed stejnou mo\u0159skou sir\u00e9nu. Anarchie na palub\u011b? Ano, pros\u00edm! Ale takov\u00e1, co v\u00e1s dostane do kolen sm\u00edchy a nut\u00ed v\u00e1s p\u0159em\u00fd\u0161let jako \u0161achov\u00fd velmistr.<\/p>\n\n\n\n<p>No\u010dn\u00ed str\u00e1\u017e byla v pln\u00e9m proudu, kdy\u017e Radim a Milan, na\u0161i pivn\u00ed gardist\u00e9, ohl\u00eddali lo\u010f s v\u011bt\u0161\u00ed odvahou ne\u017e pos\u00e1dka \u010cern\u00e9 perly. A kdy\u017e r\u00e1no n\u00e1\u0161 kapit\u00e1n v panice vyb\u011bhl na palubu, aby zabr\u00e1nil bl\u00ed\u017e\u00edc\u00ed se katastrof\u011b, zjistil, \u017ee lo\u010f je v bezpe\u010d\u00ed jen p\u00e1r metr\u016f od b\u0159ehu, a kotva? Ta se jen lehce pro\u0161oupl\u00e1vala mo\u0159sk\u00fdm p\u00edskem jako lenoch na pr\u00e1zdnin\u00e1ch.<\/p>\n\n\n\n<p>R\u00e1no jsme si pak dali sn\u00eddani jako kr\u00e1lov\u00e9 \u2013 nebo jako pir\u00e1ti, kte\u0159\u00ed pr\u00e1v\u011b na\u0161li ztracen\u00fd poklad \u2013 rum, vejce, slanina, a rozpe\u010den\u00e1 bagetka. Prost\u011b sn\u00eddan\u011b \u0161ampion\u016f!<\/p>\n\n\n\n<p>Kdy\u017e jsme se znovu vydali na mo\u0159e, v\u00edtr n\u00e1m hr\u00e1l do plachet a p\u0159\u00edroda uk\u00e1zala svou laskav\u011bj\u0161\u00ed tv\u00e1\u0159. Lod\u011b sk\u00e1kaly po vln\u00e1ch jako d\u011bti na trampol\u00edn\u011b a my, ani jeden nepoc\u00edtili nevolnost \u2013 jen radost z plavby.<\/p>\n\n\n\n<p>Ve\u010der jsme zakotvili v z\u00e1toce u ostrova Pa\u0161man, kde jsme se pevn\u011b p\u0159iv\u00e1zali k bojk\u00e1m, jako k bojovn\u00edk\u016fm k sv\u00fdm \u0161t\u00edt\u016fm. A pak? Pak jsme se vrhli do dal\u0161\u00edho kola Mega\u010dur\u00e1k\u016f s nov\u00fdm tvistem, kter\u00fd prom\u011bnil hru v \u0161achovou bitvu plnou intrik a sm\u00edchu.<\/p>\n\n\n\n<p>Tak\u017ee, kdo by se p\u0159ipojil k na\u0161\u00ed pos\u00e1dce? Kdo by cht\u011bl plout po tomto nespoutan\u00e9m mo\u0159i historek a nekone\u010dn\u00fdch z\u00e1bav? Na\u0161e lano je v\u017edy p\u0159ipraveno uv\u00e1zat novou du\u0161i k na\u0161\u00ed vesel\u00e9 dru\u017ein\u011b!<\/p>\n","protected":false},"excerpt":{"rendered":"<p>D\u00e1my a p\u00e1nov\u00e9, tady je va\u0161e ve\u010dern\u00ed d\u00e1vka mo\u0159sk\u00fdch historek p\u0159\u00edmo z paluby na\u0161\u00ed state\u010dn\u00e9 lodi, kde ka\u017ed\u00fd den je jako v\u00fdbuch sm\u00edchu z pir\u00e1tsk\u00e9 d\u011bla! Ne\u017e se pust\u00edme do dne\u0161n\u00edch n\u00e1mo\u0159n\u00edch v\u00fdst\u0159elk\u016f, mus\u00edm se p\u0159iznat k v\u010derej\u0161\u00edmu p\u0159e\u0161lapu. Opomenul jsem toti\u017e zm\u00ednit geni\u00e1ln\u00ed okam\u017eik, kdy\u017e jsme, v duchu opravdov\u00fdch mo\u0159sk\u00fdch dobrodruh\u016f, vyvinuli novou verzi [&hellip;]<\/p>\n","protected":false},"author":1,"featured_media":0,"parent":0,"menu_order":0,"comment_status":"closed","ping_status":"closed","template":"","meta":{"footnotes":""},"class_list":["post-1135","page","type-page","status-publish","hentry"],"_links":{"self":[{"href":"https:\/\/blog.dathen.com\/index.php?rest_route=\/wp\/v2\/pages\/1135","targetHints":{"allow":["GET"]}}],"collection":[{"href":"https:\/\/blog.dathen.com\/index.php?rest_route=\/wp\/v2\/pages"}],"about":[{"href":"https:\/\/blog.dathen.com\/index.php?rest_route=\/wp\/v2\/types\/page"}],"author":[{"embeddable":true,"href":"https:\/\/blog.dathen.com\/index.php?rest_route=\/wp\/v2\/users\/1"}],"replies":[{"embeddable":true,"href":"https:\/\/blog.dathen.com\/index.php?rest_route=%2Fwp%2Fv2%2Fcomments&post=1135"}],"version-history":[{"count":1,"href":"https:\/\/blog.dathen.com\/index.php?rest_route=\/wp\/v2\/pages\/1135\/revisions"}],"predecessor-version":[{"id":1136,"href":"https:\/\/blog.dathen.com\/index.php?rest_route=\/wp\/v2\/pages\/1135\/revisions\/1136"}],"wp:attachment":[{"href":"https:\/\/blog.dathen.com\/index.php?rest_route=%2Fwp%2Fv2%2Fmedia&parent=1135"}],"curies":[{"name":"wp","href":"https:\/\/api.w.org\/{rel}","templated":true}]}}