{"id":1138,"date":"2023-11-15T18:08:55","date_gmt":"2023-11-15T17:08:55","guid":{"rendered":"https:\/\/blog.dathen.com\/?page_id=1138"},"modified":"2023-11-15T18:08:55","modified_gmt":"2023-11-15T17:08:55","slug":"chorvatsko-jachta-2023-listopad-15-11-2023-verze-dle-gpt","status":"publish","type":"page","link":"https:\/\/blog.dathen.com\/?page_id=1138","title":{"rendered":"Chorvatsko &#8211; jachta 2023 Listopad 15.11.2023 verze dle GPT"},"content":{"rendered":"\n<p>Dobr\u00fd ve\u010der, mil\u00ed poslucha\u010di, p\u0159ipojili jste se k n\u00e1m na vln\u00e1ch r\u00e1dia Mo\u0159sk\u00e1 Br\u00edza, kde ka\u017ed\u00e1 noc je jedn\u00edm velk\u00fdm plavbou plnou p\u0159\u00edhod. A dnes m\u00e1m pro v\u00e1s lah\u016fdku p\u0159\u00edmo z kuchyn\u011b na\u0161\u00ed jachty!<\/p>\n\n\n\n<p>V\u010dera ve\u010der jsme se po zapadl\u00e9m slunci shrom\u00e1\u017edili v kajut\u011b a vyt\u00e1hli karty. P\u0159i h\u0159e Mega\u010dur\u00e1ci jsme sm\u00edchem skoro zapomn\u011bli na v\u0161echny trable a dokonce i na l\u00e9ka\u0159sk\u00e9 historky, kter\u00e9 byly tak plasticky popisov\u00e1ny, a\u017e se zd\u00e1lo, \u017ee gastroskopii pro\u017e\u00edv\u00e1me v\u0161ichni.<\/p>\n\n\n\n<p>Kdy\u017e se pozd\u011b v noci roze\u0161li jsme do sv\u00fdch kajut, zd\u00e1lo se, \u017ee z\u00e1\u017eitky z ve\u010dera slibuj\u00ed klidn\u011bj\u0161\u00ed sny ne\u017e jakoukoli no\u010dn\u00ed m\u016fru.<\/p>\n\n\n\n<p>Dne\u0161n\u00ed r\u00e1no p\u0159iv\u00edtalo na\u0161i pos\u00e1dku slune\u010dn\u00edm svitem a hladinou klidn\u011bj\u0161\u00ed ne\u017e v\u010derej\u0161\u00ed ve\u010dern\u00ed koktejl. Rozhodli jsme se, \u017ee si dop\u0159ejeme luxusn\u00ed mo\u0159skou koupel, a\u010dkoli Radim se sv\u00fdm intimsprejem vzdoroval tradici \u2013 no, alespo\u0148 to tu bude je\u0161t\u011b p\u00e1r dn\u00ed vo\u0148av\u011bj\u0161\u00ed.<\/p>\n\n\n\n<p>Sn\u00eddani jsme si pochopiteln\u011b dali s vaj\u00ed\u010dky a slaninou a bagetkami, kter\u00e9 jsou u\u017e st\u00e1l\u00fdm bodem na\u0161eho j\u00eddeln\u00ed\u010dku.<\/p>\n\n\n\n<p>Dnes jsme vypluli na bojce bez poplatku, co\u017e na\u0161\u00ed pokladn\u011b dodalo dal\u0161\u00ed gro\u0161e na p\u00e1te\u010dn\u00ed ve\u010dern\u00ed z\u00e1bavu. A dne\u0161n\u00ed plavba byla jako placht\u011bn\u00ed na obl\u00e1\u010dku \u2013 hladk\u00e1, bez starost\u00ed a s kr\u00e1sn\u00fdmi v\u00fdhledy na Kornaty, kde zakotv\u00edme na noc.<\/p>\n\n\n\n<p>Odpoledne jsme se po vynikaj\u00edc\u00edm ob\u011bd\u011b vypravili na v\u00fdsadek na ostrov, abychom si prot\u00e1hli nohy a vyv\u011btrali hlavy, co\u017e bylo po tom v\u0161em j\u00eddle u\u017e opravdu pot\u0159eba.<\/p>\n\n\n\n<p>Ve\u010dern\u00ed program u\u017e je v pln\u00e9m proudu, karty a \u0161achy jsou p\u0159ipraven\u00e9, a mo\u017en\u00e1 se je\u0161t\u011b do\u010dk\u00e1me i p\u0159edstaven\u00ed, kde budou hlavn\u00edmi hv\u011bzdami zv\u00ed\u0159ata a jejich vol\u00e1n\u00ed do noci \u2013 no, aspo\u0148 se trochu pobav\u00edme.<\/p>\n\n\n\n<p>Tak\u017ee, mil\u00ed poslucha\u010di, i kdy\u017e dne\u0161n\u00ed den nebyl pln\u00fd v\u00fdznamn\u00fdch dobrodru\u017estv\u00ed, byl to den pln\u00fd relaxace a dob\u0159e str\u00e1ven\u00e9ho \u010dasu. P\u0159eji v\u00e1m tedy kr\u00e1sn\u00fd ve\u010der a nezapome\u0148te, \u017ee i ty nejklidn\u011bj\u0161\u00ed dny mohou b\u00fdt pln\u00e9 mal\u00fdch radost\u00ed.<\/p>\n","protected":false},"excerpt":{"rendered":"<p>Dobr\u00fd ve\u010der, mil\u00ed poslucha\u010di, p\u0159ipojili jste se k n\u00e1m na vln\u00e1ch r\u00e1dia Mo\u0159sk\u00e1 Br\u00edza, kde ka\u017ed\u00e1 noc je jedn\u00edm velk\u00fdm plavbou plnou p\u0159\u00edhod. A dnes m\u00e1m pro v\u00e1s lah\u016fdku p\u0159\u00edmo z kuchyn\u011b na\u0161\u00ed jachty! V\u010dera ve\u010der jsme se po zapadl\u00e9m slunci shrom\u00e1\u017edili v kajut\u011b a vyt\u00e1hli karty. P\u0159i h\u0159e Mega\u010dur\u00e1ci jsme sm\u00edchem skoro zapomn\u011bli na [&hellip;]<\/p>\n","protected":false},"author":1,"featured_media":0,"parent":0,"menu_order":0,"comment_status":"closed","ping_status":"closed","template":"","meta":{"footnotes":""},"class_list":["post-1138","page","type-page","status-publish","hentry"],"_links":{"self":[{"href":"https:\/\/blog.dathen.com\/index.php?rest_route=\/wp\/v2\/pages\/1138","targetHints":{"allow":["GET"]}}],"collection":[{"href":"https:\/\/blog.dathen.com\/index.php?rest_route=\/wp\/v2\/pages"}],"about":[{"href":"https:\/\/blog.dathen.com\/index.php?rest_route=\/wp\/v2\/types\/page"}],"author":[{"embeddable":true,"href":"https:\/\/blog.dathen.com\/index.php?rest_route=\/wp\/v2\/users\/1"}],"replies":[{"embeddable":true,"href":"https:\/\/blog.dathen.com\/index.php?rest_route=%2Fwp%2Fv2%2Fcomments&post=1138"}],"version-history":[{"count":1,"href":"https:\/\/blog.dathen.com\/index.php?rest_route=\/wp\/v2\/pages\/1138\/revisions"}],"predecessor-version":[{"id":1139,"href":"https:\/\/blog.dathen.com\/index.php?rest_route=\/wp\/v2\/pages\/1138\/revisions\/1139"}],"wp:attachment":[{"href":"https:\/\/blog.dathen.com\/index.php?rest_route=%2Fwp%2Fv2%2Fmedia&parent=1138"}],"curies":[{"name":"wp","href":"https:\/\/api.w.org\/{rel}","templated":true}]}}