{"id":119,"date":"2013-03-13T14:21:46","date_gmt":"2013-03-13T13:21:46","guid":{"rendered":"https:\/\/blog.dathen.com\/?page_id=119"},"modified":"2013-12-22T22:19:30","modified_gmt":"2013-12-22T21:19:30","slug":"13-3-2013-prijezd-do-pekingu-a-zakazane-mesto","status":"publish","type":"page","link":"https:\/\/blog.dathen.com\/?page_id=119","title":{"rendered":"13.3.2013 &#8211; P\u0159\u00edjezd do Pekingu a zak\u00e1zan\u00e9 m\u011bsto"},"content":{"rendered":"<p><span style=\"font-size: small; color: #000000;\">Rozloucil jsem se Vami ve vlaku pod rozsvicenym svetlem, na posledni postylce u stropu, kde z radia neustavala hudba a zpravy v cinstine a vedle se tetelil cinanek v blazenem spanku&#8230;nejak nepochopim, jak muzou spat za<\/span><br \/>\n<span style=\"font-size: small; color: #000000;\"> minutu po tom co ulehnou \ud83d\ude42 V kazdem pripade jsem sel zkontrolovat zachod &#8211; klasika naslapna dira, udelal malou potrebu, strcil na postylce spunty do usi a pokusil se nejak uvelebit v pozici ve ktere bych usnul&#8230;nedarilo se&#8230;az do rana \ud83d\ude42 asi jsem spal, ale velmi nevalne \ud83d\ude42<\/span><\/p>\n<p><span style=\"font-size: small; color: #000000;\">Po 15cti hodinove jizde se konecne vlak zastavil v Pekingu \ud83d\ude42 vsichni cestujici jiz sporadane se zavazadly pripraveni vystoupit (nutno rict, ze uz 30 min pred zastavenim vlaku) \ud83d\ude42 my s Michalem pobavene na palandach sledujic jejich pocinani \ud83d\ude42 Vlak zastavil, vsechno se dalo do pohybu, my v klidu sesedli &#8211; vlak uz<\/span><br \/>\n<span style=\"font-size: small; color: #000000;\"> prazdny&#8230;nasadili krosny a sli ven \ud83d\ude42 Venku nas cekal masakr \ud83d\ude42 v tu chvilku prijelo asi 10 vlaku a tak hala, kudy se hrnuli lide praskala ve svech \ud83d\ude42 Po ceste se dav delil na dve casti a v prostredku byl stanek, kde se dala koupit mapa&#8230;opravdu prihodne misto \ud83d\ude09 Mapa koupena&#8230;ted uz jen zachod a najit autobus \ud83d\ude42<\/span><\/p>\n<p><span style=\"font-size: small; color: #000000;\">Vystupni kontrola kondukterkou &#8211; teda jejim prisnym zrakem \ud83d\ude42 Venku jeste vetsi mazec nez venku&#8230;namesti pred vlakacem plne lidi a kazdy treti nas oslovuje, jestli nechceme nekam vzit, nebo nechceme hotel&#8230;atp&#8230;odmitani nepomaha, uprkem mizime \ud83d\ude42 Na mobilu nacitam mapy a hledame misto, kde ma byt autobus&#8230;nalezeno, vyrazime tim smerem&#8230;za 15 min neni co resit, nas bus stoji pred nami \ud83d\ude42 V pekingu jezdi nekolik druhu busu, jeden z nich, ten socialnejsi jede jen za 1 yuan. Takze vhazujeme dva do kasicky u ridicky, ukazujeme ji zastavku, ona kyve&#8230;jdeme<\/span><br \/>\n<span style=\"font-size: small; color: #000000;\"> dal a vsimame si, ze zastavky se hlasi v anglictine&#8230;mame vyhrano \ud83d\ude42 Jedeme osm zastavek a jsme u hostelu \ud83d\ude42<\/span><\/p>\n<p><span style=\"font-size: small; color: #000000;\">V hostelu anglicky mluvici recepcni&#8230;krasa&#8230;puvodne dorm (pokoj pro 6 lidi) menime na dvouluzak \ud83d\ude42 Bereme ten se spolecnymi sprchami a toaletami&#8230;je to za 148yuanu na noc za oba&#8230;uzasna cena \ud83d\ude42 Jdeme na pokoj a nestaci nas prechazet zrak \ud83d\ude42 Pokoj ma asi 3m2, vejde se do nej jen postel a malinkaty stolecek \ud83d\ude42 ale mame dve, slovy dve zasuvky&#8230; bude se nabijet \ud83d\ude09 Internet slape, je tu i klima (pozdeji zjistime, ze je to jen centralni\u00a0vzduchotechnika a jde zni zahuleny vzduch&#8230;nepouzitelne)&#8230;svetlo spis nesviti nez sviti a okno vede do cinske restaurace \ud83d\ude09 ale jsme ve svem&#8230;<\/span><\/p>\n<p><span style=\"font-size: small; color: #000000;\">Je temer 12 hodin, vyrazime do zakazaneho mesta \ud83d\ude42 Nutno podotknout, ze nebyt Michalova zapalu a buzerace po ceste, kdy uz mi z nej lehce tekly nervy jsme to zvladli tak rychle \ud83d\ude42 Jak se pozdeji ukazalo, nemuseli jsme tak hnat, protoze jsem cekali na bus c. 90 asi 20 min \ud83d\ude09 Coz nemohl nikdo vedet \ud83d\ude09 Nicmene se ukazalo, ze do<\/span><br \/>\n<span style=\"font-size: small; color: #000000;\"> zakazaneho mesta jede busu asi 5 \ud83d\ude42 takze to byla jen nase neinformovanost \ud83d\ude42 dorazili jsme na namesti nebeskeho klidu, ktere jsme jen videli z povzdali a prosli bezpecnosti kontrolou ke vstupu do zakazaneho mesta&#8230;celemu tomu mumraji vevodil obri obraz Maa, ktery se tam na lidi culi \ud83d\ude42 Nase kontrola probehla zrejme dle xichtu, protoze na<\/span><br \/>\n<span style=\"font-size: small; color: #000000;\"> nas ani nesahli a nechali nas jit \ud83d\ude42<\/span><\/p>\n<p><span style=\"font-size: small; color: #000000;\">Vse jde dobre, jsme uvnitr&#8230;je to tu&#8230;.velke&#8230;.velke&#8230;.velke&#8230;nevim, co vic k tomu dodat \ud83d\ude42 velke \ud83d\ude42<\/span><\/p>\n<p><span style=\"font-size: small; color: #000000;\">vsup na tretim nadrovri je 40 yuanu a soucasti zakazaneho mesta je nekolik galerii a vystav&#8230;nenavstevujeme ani jednu \ud83d\ude42 nejvetsi zazitek je to, ze je to velke a pak zahrada, ktera je opravdu krasna \ud83d\ude42 Jsem asi fotogenicky, protoze jedna cinanka se malem rozpustila, kdyz se semnou mohla vyfotit \ud83d\ude09<\/span><\/p>\n<p><span style=\"font-size: small; color: #000000;\">Vychazime z mesta a jdeme smerem vzhuru, kde je park s vyhlidkou na cele mesto a siroke okoli&#8230;vyskrabeme se tam z poslednich sil a nakupujeme si cepicky na nase hlavicky \ud83d\ude42 prekvapenim je, ze staly jen 10y.<\/span><\/p>\n<p><span style=\"font-size: small; color: #000000;\">Jdeme pomalu dolu,kde je park. Pred vstupem do parku navstevujeme mistni putiku, kde si vybirame jidlo z listku, ktery je anglicky, ale jmena jidel jsou zde i cinsky&#8230;a vedle je cinsky, kde jsou ceny&#8230;porovnavanim cinskych znaku dochazime k vyberu jidla a ceny \ud83d\ude09 Pri objednavani ale beruska objednavacka pise cenu o cca 1\/3 vyssi&#8230;tak se zaborenym prstem do jidelniho listku ukazujeme na ceny u cinskych pokrmu&#8230;ona skrta napsane ceny, rika sorry a pise spravne \ud83d\ude42 Dost nas tim rozjarila \ud83d\ude42 Jidlo ujde, ale je mi po nem posleze lehce zle, tak nevim, kdo do nej v<\/span><br \/>\n<span style=\"font-size: small; color: #000000;\"> kuchyni plivnul \ud83d\ude09<\/span><\/p>\n<p><span style=\"font-size: small; color: #000000;\">Vchazime do parku Behai kteremu vevodi bila pagoda. Vstup je za 15y. Vylezame nahoru, porizujeme par zaberu, ale nic extrovniho tu neni k videni \ud83d\ude42 vstup do pagody je za dalsich 13y a to uz se nam dat nechce&#8230;<\/span><\/p>\n<p><span style=\"font-size: small; color: #000000;\">Dohodli jsme se, ze cestu domu absolvujeme pesky&#8230;melo by to byt do 4km a to jsme ochotni ujit \ud83d\ude42 Cestou nalezame stare ulicky pekingu, ktere se posleze rozvinou v nami prekrtenou ulicku lasky&#8230;je zde spousta malych kramku, spousta suvenyru a obcas to tu i zavoni, coz je v cine neobvikla udalost \ud83d\ude42<\/span><\/p>\n<p><span style=\"font-size: small; color: #000000;\">Po dalsich kilometrech dorazime k hostelu a nalezame nase nove nudlove utociste v podobe mistniho fastfoodu&#8230;dle obrazku a lidi vevnitr je to jista zaruka dobreho najezeni &#8211; vecer potvrzeno \ud83d\ude42<\/span><\/p>\n<p><span style=\"font-size: small; color: #000000;\">Rychle na hotel, rychle na nudle, rychle nakoupit a cestou se stavit u mistniho prodejce zajezdu, u ktereho kupujeme zajezd na velkou cinskou zed, ktery nas vyjde kazdeho na 320y. Jedna se o cestu tam a zpatky, obed v cene, vsechny poplatky na zdi a cestu po zdi a zpet absolvujeme sami dle vlastniho uvazeni&#8230;je to spis jen<\/span><br \/>\n<span style=\"font-size: small; color: #000000;\"> doprava a zarizeni poplatku, takze presne pro nas \ud83d\ude42<\/span><\/p>\n<p><span style=\"font-size: small; color: #000000;\">Rano se vyrazi v 6:30. t.j. cca 11:30 Vaseho casu, takze az pujdete spat, my budeme vstavat \ud83d\ude09<\/span><\/p>\n","protected":false},"excerpt":{"rendered":"<p>Rozloucil jsem se Vami ve vlaku pod rozsvicenym svetlem, na posledni postylce u stropu, kde z radia neustavala hudba a zpravy v cinstine a vedle se tetelil cinanek v blazenem spanku&#8230;nejak nepochopim, jak muzou spat za minutu po tom co ulehnou \ud83d\ude42 V kazdem pripade jsem sel zkontrolovat zachod &#8211; klasika naslapna dira, udelal malou [&hellip;]<\/p>\n","protected":false},"author":1,"featured_media":0,"parent":0,"menu_order":0,"comment_status":"open","ping_status":"open","template":"","meta":{"footnotes":""},"class_list":["post-119","page","type-page","status-publish","hentry"],"_links":{"self":[{"href":"https:\/\/blog.dathen.com\/index.php?rest_route=\/wp\/v2\/pages\/119","targetHints":{"allow":["GET"]}}],"collection":[{"href":"https:\/\/blog.dathen.com\/index.php?rest_route=\/wp\/v2\/pages"}],"about":[{"href":"https:\/\/blog.dathen.com\/index.php?rest_route=\/wp\/v2\/types\/page"}],"author":[{"embeddable":true,"href":"https:\/\/blog.dathen.com\/index.php?rest_route=\/wp\/v2\/users\/1"}],"replies":[{"embeddable":true,"href":"https:\/\/blog.dathen.com\/index.php?rest_route=%2Fwp%2Fv2%2Fcomments&post=119"}],"version-history":[{"count":5,"href":"https:\/\/blog.dathen.com\/index.php?rest_route=\/wp\/v2\/pages\/119\/revisions"}],"predecessor-version":[{"id":274,"href":"https:\/\/blog.dathen.com\/index.php?rest_route=\/wp\/v2\/pages\/119\/revisions\/274"}],"wp:attachment":[{"href":"https:\/\/blog.dathen.com\/index.php?rest_route=%2Fwp%2Fv2%2Fmedia&parent=119"}],"curies":[{"name":"wp","href":"https:\/\/api.w.org\/{rel}","templated":true}]}}