{"id":126,"date":"2013-03-14T12:39:31","date_gmt":"2013-03-14T11:39:31","guid":{"rendered":"https:\/\/blog.dathen.com\/?page_id=126"},"modified":"2013-12-22T22:19:50","modified_gmt":"2013-12-22T21:19:50","slug":"14-3-2013-navsteva-velke-cinske-zdi","status":"publish","type":"page","link":"https:\/\/blog.dathen.com\/?page_id=126","title":{"rendered":"14.3.2013 &#8211; N\u00e1v\u0161t\u011bva Velk\u00e9 \u010c\u00ednsk\u00e9 zdi"},"content":{"rendered":"<p><span style=\"font-size: small; color: #000000;\">Ahoj vsem \ud83d\ude42 uz jsme z vyletu zpatky a na vecer jsme si naordinovali klid na luzku&#8230;je treba \ud83d\ude42<\/span><\/p>\n<p><span style=\"font-size: small; color: #000000;\">Velka zed neni jen velka, ale taky narocna \ud83d\ude42 Je dlouha neco kolem 7-8tis km, kazdych cca 300-400metru je strazni vez a z veze na vez je to mazec \ud83d\ude42 Uvidite nafotkach&#8230;pokud to videt bude \ud83d\ude42 Neni moc co vic o tom napsat \ud83d\ude42 je to proste stavba staveb \ud83d\ude42 Kdyz si clovek uvedomi, ze to nekdo musel postavit, pak tam zit, tahat tam vodu, potraviny a strazit mongolsko-cinskou hranici a dneska tam jsou mongolove rozesety a prodavaj tricka, kolu a pohledy, tak nevim, co to s temi, co to staveli dela v hrobech \ud83d\ude42<\/span><\/p>\n<p><span style=\"font-size: small; color: #000000;\">V kazdem pripade to za to stalo, doporucuju \ud83d\ude42<\/span><\/p>\n<p><span style=\"font-size: small; color: #000000;\">A ted k vlastnimu vyletu \ud83d\ude42<\/span><\/p>\n<p><span style=\"font-size: small; color: #000000;\">Vyjeli jsme rano cca v 6:30, slecna Cinanka uz na nas dole cekala a volala, at rychle jdeme \ud83d\ude42 Nabrali jsme cestou jeste dalsich 5 spolucestujicich a vyrazili. Cesta byla cca 3 hodiny tam a 3 zpet. Na prohlidku jsme dostali cca 3 a pul \ud83d\ude42 V cene byl obed a takova polopruvodkyne, ktera nas tam odvedla, zaplatila listky a poslala do jamy lvove \ud83d\ude42<\/span><\/p>\n<p><span style=\"font-size: small; color: #000000;\">Cesta sama o sobe me naucila hromadu veci o Cinske doprave \ud83d\ude42 Precijenom, kdyz sledujete 6 hodin jak nekdo ridi, tak lecos pochytite \ud83d\ude09 Slecna uvadecka rikala nasemu ridici mistr Su, to samo o sobe bylo vtipne, ale pokud byl pan ridic mistrem v oboru, tak se to melo ukazat &#8230; byl \ud83d\ude09 V Cine se jezdi vsemi pruhy, ne jako u nas \ud83d\ude42 Myslim tim, odstavnym, pripojovacim a kdyby to slo, tak asi i po chodniku \ud83d\ude09 Je zajimave, jak se lisi cesta po dalnici a na okreskach \ud83d\ude42 Na dalsnici se k predjizdeni pouzivaji vsechny pruhy bez rozdilu (vcetne tech pripojovacich a odpojovacich)&#8230;auta si nechavaji krasne rozestupy na jedno a pul auta, aby mezi nimi mohli ostatni myskovat a klickovat&#8230;chvilku jsem si pripadal, ze to delaji jen proto, ze je to bavi \ud83d\ude09 Oci poradnastopkach a sem, tam, predjet auto a zase zpatky&#8230;uzasny \ud83d\ude42 Dal tu maji propracovany system troubeni \ud83d\ude42 Dle pozorovani jsou jich 3 druhy. Prvni je informacni &#8211; je to serie kratkych protrubu vetsinou dva, az tri &#8222;tu-tu-tu&#8220;. Pouziva se hlavne na informovani lidi, kteri jsou na prechodu, nebo jsou za auty na prechodu. Take se pouziva pri predjizdeni kol, nebo skutru&#8230;proste projizdite v dostatecne vzdalenosti cca 30cm od kola a trikrat zatroubite, aby vedel, ze tam jste :)) Dobre ze? \ud83d\ude09 Pak tu mame vystrazne troubeni &#8211; spociva v nekolika delsich trubech, ktere se lisi dle delky a poctu dle vahy vystrahy &#8222;tuu-tuu-tuu-tuu&#8220;. To se pouziva predevsim pri prednizdeni, najizdeni jinych aut a myskovani, kdy se dava ostatnim najevo, ze tam, kam se snazite vecpat uz nekdo je \ud83d\ude42 Vicemene se tim daji eliminovat zpetna zrcatka, protoze kdyz nekam vjizdite, tak vas ostatni upozorni. Poslednim trubem je trub rozcileny &#8211; je to jeden, nebo vice dlouhych trubu (tuuuuuuu-tuuuuuuuu) ktery ma dat najevo projizdejicimu,co si o nem myslite. Cim delsi trub, tim horsi nadavka \ud83d\ude42<\/span><\/p>\n<p><span style=\"font-size: small; color: #000000;\">V tomhle mazci, kde se predjizdi na plne v zatacce,coz se dela tak, ze se na nakladak vepredu trikrat kratce zatroubi, ten pochopi, uhne se do odstavneho(pokud je) a vy zapocnete manevr s tim, ze pokud jede auto proti, tak se taky uhne&#8230;nevim jak se resi situace, kdyz naproti taky nekdo predjizdi&#8230;nastesti jsme nezazili \ud83d\ude42<\/span><\/p>\n<p><span style=\"font-size: small; color: #000000;\">Nase sestava se skladala z dvou Spanelu, dvou Cechu, jednoho Inda, jednoho Nemce a jedne Brazilky &#8211; peknaa zaba, ale byla nemocna, tak jsme s Michalem nechteli riskovat ;)) Vysli jsme pres branu do prostoru parku casti velke zdi, ktera je nazyvana scenickym parkem velke zdi &#8211; JinZhanLin. Nasadili jsme zvysene tempo, abychom toho co nejvic videli a pred schody nahoru na zed jsme narazili na divnou skupinku turistu&#8230;vsichni meli batohy a neco na nas pokrikovali \ud83d\ude42 Moc jsme si jich nevsimali a sli dal a najednou s nami dva z nich sli&#8230;teda dve znich sly \ud83d\ude09 To zaclo byt divne&#8230;zatim jsme tomu neprikladali moc vahy, asi nemeli s kym jit nahoru \ud83d\ude09 Jak se ale ukazalo, v prubehu vystupu nahoru na nas zacli kricet &#8222;slowly, slowly&#8220;&#8230; asi to nebyly uplne obecejny turistky. Nebyly :)) Nahore nam zacly ukazovat kudy mame jit, tak jsme se jim snazili rict, ze pruvodce nepotrebujeme, ale ony odvetily, ze nejsou pruvodci, ale mongolske farmarky a ze nam budou chtit nabidnout suvenry&#8230;sic jsme protestovali&#8230;sli proste dal s nami&#8230; Po cca litru potu, peti vezich a neustaleho monglskeho mleti jsme jim rekli, ze se budeme stejnou cestou vracet a tedy na nas muzou pockat&#8230;za dalsi vez to zabralo a zbavili jsme se jich&#8230;konecne se rozvinula scenerie ticha a krasneho pohledu na okolni hory a zed&#8230;byli jsme tam ten den prvni a uplne sami&#8230;krasa \ud83d\ude42<\/span><\/p>\n<p><span style=\"font-size: small; color: #000000;\">Na dalsich vezich jsme potkali dalsi asi 3 prodejce &#8230; jeden z nich nam sdelil, ze mu je 75, ze je mongolsky farmar a Michalovi zjihlo srdce a dal mu 5 yuanu. Vyfotil se s nim &#8211; semnou nechtel, protoze sem mu nic nedal \ud83d\ude42 Mel prenadhernou nudli u nosu&#8230;dle jejiho stavu tak tyden \ud83d\ude42 Dalsi prodejce nam chtel vnutit tricka&#8230;za 100y, toho jsme minuli a sli dal az jsme dosli na nejvyssi bod teto lokalni zdi &#8230; dali svacu, jabko a cokosku a sli zpet za mongolskym svetem :)) Cestou jsme udelali kseft zdi, kdyz jsme z 100y za triku koupili za 50y dve a pak nastalo drama \ud83d\ude42 Holky mongolsky na nas cekaly a snazily se nam prodat dusi \ud83d\ude42 Me stahli o 40y za dalsi triko a nedaly pokoj dokud jsem si nekoupil jeste sadu hulek &#8211; nebudu psat za kolik, protoze to bude darek \ud83d\ude09 Michalovi se snazili prodat triko za dalsich min 40, ten jim vitezoslavne ukazal nase predem koupena trika za 25 a baby malem omdlely \ud83d\ude42 Me uz obraly, ale z Michala nic nemely, tak se na nej vrhly&#8230;ten mezitim stihnul kus odejit, protoze se venovaly mne&#8230;nasadily draci tempo a sly po nem \ud83d\ude42 Ja se ze zalohy bavil \ud83d\ude09 Nakonec ho dostihly za tri veze &#8211; nadlisky vykon vsech zucastnenych a Michal je tam odhanel kostem a nakonec nasadil ton zleho muze a dokonce zvednul hlas&#8230;neslo se to po cele zdi \ud83d\ude09 Nakonec jim dal 5y jako dysko a sli jsme dolu&#8230;ony porad s nami&#8230;a ze co jeste koupime&#8230;des bes \ud83d\ude42<\/span><\/p>\n<p><span style=\"font-size: small; color: #000000;\">Dole uz jen obed a umorna cesta zpatky \ud83d\ude09 Pokecali jsme s Indem &#8211; strasne zvedavej clovek a dozvedeli se mimojine, ze jeho zena pise v C++ \ud83d\ude09 (komu to nic nerekne, at googli)<\/span><\/p>\n<p><span style=\"font-size: small; color: #000000;\">Ted uz jsme na hotelu, dali jsme si v mistni restauraci veceri &#8211; nic moc&#8230;a zeptali se mistniho soumena na program na dalsi dny&#8230;byl neuveritelne ochotny, asi dostane nejakou korunku \ud83d\ude09<\/span><br \/>\n<span style=\"font-size: small; color: #000000;\"> Takze se s vami loucime z Pekingu a pujdem pinkat \ud83d\ude42<\/span><\/p>\n<p><span style=\"font-size: small; color: #000000;\">Kuba a Michal<\/span><\/p>\n","protected":false},"excerpt":{"rendered":"<p>Ahoj vsem \ud83d\ude42 uz jsme z vyletu zpatky a na vecer jsme si naordinovali klid na luzku&#8230;je treba \ud83d\ude42 Velka zed neni jen velka, ale taky narocna \ud83d\ude42 Je dlouha neco kolem 7-8tis km, kazdych cca 300-400metru je strazni vez a z veze na vez je to mazec \ud83d\ude42 Uvidite nafotkach&#8230;pokud to videt bude \ud83d\ude42 [&hellip;]<\/p>\n","protected":false},"author":1,"featured_media":0,"parent":0,"menu_order":0,"comment_status":"open","ping_status":"open","template":"","meta":{"footnotes":""},"class_list":["post-126","page","type-page","status-publish","hentry"],"_links":{"self":[{"href":"https:\/\/blog.dathen.com\/index.php?rest_route=\/wp\/v2\/pages\/126","targetHints":{"allow":["GET"]}}],"collection":[{"href":"https:\/\/blog.dathen.com\/index.php?rest_route=\/wp\/v2\/pages"}],"about":[{"href":"https:\/\/blog.dathen.com\/index.php?rest_route=\/wp\/v2\/types\/page"}],"author":[{"embeddable":true,"href":"https:\/\/blog.dathen.com\/index.php?rest_route=\/wp\/v2\/users\/1"}],"replies":[{"embeddable":true,"href":"https:\/\/blog.dathen.com\/index.php?rest_route=%2Fwp%2Fv2%2Fcomments&post=126"}],"version-history":[{"count":3,"href":"https:\/\/blog.dathen.com\/index.php?rest_route=\/wp\/v2\/pages\/126\/revisions"}],"predecessor-version":[{"id":275,"href":"https:\/\/blog.dathen.com\/index.php?rest_route=\/wp\/v2\/pages\/126\/revisions\/275"}],"wp:attachment":[{"href":"https:\/\/blog.dathen.com\/index.php?rest_route=%2Fwp%2Fv2%2Fmedia&parent=126"}],"curies":[{"name":"wp","href":"https:\/\/api.w.org\/{rel}","templated":true}]}}