{"id":133,"date":"2013-03-15T16:22:22","date_gmt":"2013-03-15T15:22:22","guid":{"rendered":"https:\/\/blog.dathen.com\/?page_id=133"},"modified":"2014-01-08T19:11:13","modified_gmt":"2014-01-08T18:11:13","slug":"15-3-2013-dalsi-zajimava-mista-v-pekingu","status":"publish","type":"page","link":"https:\/\/blog.dathen.com\/?page_id=133","title":{"rendered":"15.3.2013 &#8211; Dal\u0161\u00ed zaj\u00edmav\u00e1 m\u00edsta v Pekingu"},"content":{"rendered":"<p><span style=\"font-size: small; color: #000000;\">Dobry vecer,<\/span><\/p>\n<p><span style=\"font-size: small; color: #000000;\">dnesni den zacal poeticky&#8230;lezeli jsme jeste chvilku v posteli a najednou buch buch buch na dvere \ud83d\ude42 Pani uklizecka nas prisla uklidit \ud83d\ude09 vynesla kos, pozdravila a sla \ud83d\ude42 Lezime poeticky dal a najednou zase buch buch buch \ud83d\ude42 copak asi zapomnela \ud83d\ude09 Nebyla to ona \ud83d\ude42 byl to security guy, ktery se prisel podivat, proc zapnul pozarni alarm \ud83d\ude09 No proc asi \ud83d\ude09 Michal poeticky dymal na posteli svoji el. cigeretu a hotel v plamenech \ud83d\ude09 Hruza \ud83d\ude42 Nevericne koukal na cidlo, pokoj bez ohne, my vysmati jak leca \ud83d\ude42 No nevim, co si myslel, ale sel \ud83d\ude09<\/span><\/p>\n<p><span style=\"font-size: small; color: #000000;\">Po ranni ociste a jedne instatni polivce jsme vyrazili smer IT store. Je to skupina baraku ktera je proslula tim, ze se tam da koupit vsechno&#8230;dorazili jsme v cas na misto a zacly nas prechazet zraky \ud83d\ude42 Na plose asi 5ti domu, kazdy asi 7 pater bylo vsechno, co si clovek poblazneni moderni technikou muze prat \ud83d\ude42 Vylezli jsme v patre s mobily. Vsude kolem nas byly mobily&#8230;mobily a mobily. Zde je treba rict, ze Michal si sem pro jeden prijel&#8230;vedel presne jaky Xiaomi MI2. Normalne se neda sehnat&#8230;po netu je hned pryc, celkove nedostatkove zbozi..v cechach pri velkem stesti za 12k. Kdyz jsme se trosku rozkoukali, tak se Michal osmelil zeptat prvni holky, ktera tam prodavala mobily a perfektni Cinstinou se ji zeptal na dany model mobilu&#8230;ona bez mrknuti oka, sahla pod pult a ten telefon vytahla \ud83d\ude42 Oboum nam zkoprnely nohy a jali jsme studovat, zda je to opravdu on&#8230;byl \ud83d\ude42 Cena 2tis yuanu&#8230;coz je cca 6k. Kdyz jsme se rozkoukali a zkontrolovali, ze je to opravdu ten telefon, kyvli&#8230;ona odnekud vytahla uplne novou krabicku s novym telefonem&#8230;nasadila na vybaleny telefon folii zdarma a po dalsi kontrole a platbe jsme sli uplne vytrzeni z reality \ud83d\ude09 Michal ma novy mobil \ud83d\ude42<\/span><\/p>\n<p><span style=\"font-size: small; color: #000000;\">Jeste napisu, ze ITstore je takove Cinske Silicon Valley. Je umisteno na zastavce metra Zhongguancun na lince 4.\u00a0<\/span><\/p>\n<p><span style=\"font-size: small; color: #000000;\">Jeste zcela nezpamatovani z udalosti jsme potkali v pruchodu typka, ktery se na nas nalepil a ptal se, co chceme&#8230;ja jsem chtel jeste tablet a malinkaty fotak&#8230;Dotahnul nas do pateho patra, kde byl big boss, ktery s nami anglicky prohodil par vet a bylo jasno, co se bude dal kupovat \ud83d\ude42 Mam novy tablet a fotak \ud83d\ude09 Celkova cena 1400y.<\/span><\/p>\n<p><span style=\"font-size: small; color: #000000;\">Po novych zazitcich, vybaveni novou technologii jsme se vydali smer Summer place. Je to misto, kam se jezdil rekreovat cisar v lete&#8230;je to tam dle toho zarizeno \ud83d\ude42 Vsechno je velke, velke&#8230;velke&#8230;neni to nuda? \ud83d\ude09<\/span><\/p>\n<p><span style=\"font-size: small; color: #000000;\">Pred vstupem jsme si dali nudle a knedlicky a vyrazili na obchuzku&#8230;dnes byla celkem mlha, takze ikdyz jasno a slunce svitilo, tak nebylo moc dobre videt a fotky staly za prd. Nejdriv jsme to chteli zabalit dole u ostrova, ale vybicovali jsme vykon a vylezli k pagodam a udelali jsme dobre&#8230;cele je to posazene do zahrad, ktere jsou opravdu krasne&#8230;Vsechno upravene a ciste. Pri prolezani zahrad jsme narazili na zpev&#8230;z prvu se zdalo, ze to je nejaka mistni atrakce, ale kdyz jsme prisli bliz, zjistili jsme, ze je to normalni obcas Cinske Lidove republiky, ktery tam proste jen tak pro radost zpiva&#8230;byl to opravdu uchvacujici zazitek&#8230;sedeli jsme tam u nej asi 10min a poslouchali. Byli jsme tam sami uprostred zelene a skal a on zpival opravdu krasne&#8230;spravilo nam to oboum naladu z te mlhy kolem \ud83d\ude42 Prosli jsme to tam cele az k severni brane, kde nas vylet koncil \ud83d\ude42<\/span><\/p>\n<p><span style=\"font-size: small; color: #000000;\">Metro a do restaurace na pravou pekingskou kachnu&#8230;Kdo byl v pekingu a nemel tu mistni kachnu, jako by nebyl \ud83d\ude42 Byla nam mistnim typkem pres zabavavu a turistiku doporucena jedna restaurace kousicek od naseho bydliste&#8230;inu, zkusime \ud83d\ude42 Tahle kachna se da v pekingu sehnat od 100 do 250y. Nam doporucena restaurace ji ma za 98 a opravdu to tam jede \ud83d\ude42 Pred nami vykostili 4 kachny \ud83d\ude42 Lahudka je to vselijaka&#8230;kachna je v necem nalozena a je dobre upecena, takze chut je vynikajici + sojova omacka ve ktere se namaci z toho dela pomerne pozitek \ud83d\ude42 Kachna se ji tak, ze se poklada namocena v sojovce na tenke platky placicek k tomu urcenych spolu s okurkou a cibulkou. Z placicky se pak vytvori zavitek, ktery se ji. Pro me bylo nezvykle, ze v dobe jezeni se chut menila&#8230;kazde soustou chutnalo trosku jinak a byl to opravdu zazitek \ud83d\ude42<\/span><\/p>\n<p><span style=\"font-size: small; color: #000000;\">Po veceri cesta do hostelu, odhodit elektroniku a zase na metro a cesta k olympijskemu mestecku \ud83d\ude42 Michal to chtel videt svitit v noci a fotky osvetleneho stadionu jsou opravdu zajimave \ud83d\ude42 Byla to pomerne dlouha prochazka&#8230;cely olympijsky park je dlouhy jak tyden pred vyplatou a krom neustale obtezujicich prodejcu kdeceho tam neni nic moc zajimaveho (krom te vyhlidky na pamatky po olympiade) \ud83d\ude09<\/span><\/p>\n<p><span style=\"font-size: small; color: #000000;\">Cesta zpet a prochazka po Hutongu, coz je stare mesto Pekingu&#8230;jsou to napul osvetlene ulicky ve kterych se vam pri prochazeni stahnou sedaci svaly \ud83d\ude09 Prezili jsme&#8230; \ud83d\ude09<\/span><\/p>\n<p><span style=\"font-size: small; color: #000000;\">Ted uz jsme v hostelu, utahani, ale spokojeni \ud83d\ude42 Michal si hraje s telefonem, ja pisu blog a za chvilku pujdeme pinkat, protoze se nam blizi pulnoc \ud83d\ude42 Zitra odjizdime smer Xian, tak se pozvolna psychicky pripravujeme na nocni cestu vlackem \ud83d\ude42 je to zase asi 15 hodin \ud83d\ude42<\/span><\/p>\n<p><span style=\"font-size: small; color: #000000;\">Toz na nas myslete, kdyz to pujde, tak se ozvu zase z vlaku.<\/span><\/p>\n<p><span style=\"font-size: small; color: #000000;\">p.s. pod clanky lze vladat komentare&#8230;uznavam, ze je to trosku hloupe a neviditelne, ale vpravo pod clankem je tlacitko, ktere je zobraji a je mozne je napsat \ud83d\ude42 tak nam neco napiste taky \ud83d\ude09<\/span><\/p>\n<p><span style=\"font-size: small; color: #000000;\">Kuba a Michal<\/span><\/p>\n","protected":false},"excerpt":{"rendered":"<p>Dobry vecer, dnesni den zacal poeticky&#8230;lezeli jsme jeste chvilku v posteli a najednou buch buch buch na dvere \ud83d\ude42 Pani uklizecka nas prisla uklidit \ud83d\ude09 vynesla kos, pozdravila a sla \ud83d\ude42 Lezime poeticky dal a najednou zase buch buch buch \ud83d\ude42 copak asi zapomnela \ud83d\ude09 Nebyla to ona \ud83d\ude42 byl to security guy, ktery se [&hellip;]<\/p>\n","protected":false},"author":1,"featured_media":0,"parent":0,"menu_order":0,"comment_status":"open","ping_status":"open","template":"","meta":{"footnotes":""},"class_list":["post-133","page","type-page","status-publish","hentry"],"_links":{"self":[{"href":"https:\/\/blog.dathen.com\/index.php?rest_route=\/wp\/v2\/pages\/133","targetHints":{"allow":["GET"]}}],"collection":[{"href":"https:\/\/blog.dathen.com\/index.php?rest_route=\/wp\/v2\/pages"}],"about":[{"href":"https:\/\/blog.dathen.com\/index.php?rest_route=\/wp\/v2\/types\/page"}],"author":[{"embeddable":true,"href":"https:\/\/blog.dathen.com\/index.php?rest_route=\/wp\/v2\/users\/1"}],"replies":[{"embeddable":true,"href":"https:\/\/blog.dathen.com\/index.php?rest_route=%2Fwp%2Fv2%2Fcomments&post=133"}],"version-history":[{"count":5,"href":"https:\/\/blog.dathen.com\/index.php?rest_route=\/wp\/v2\/pages\/133\/revisions"}],"predecessor-version":[{"id":378,"href":"https:\/\/blog.dathen.com\/index.php?rest_route=\/wp\/v2\/pages\/133\/revisions\/378"}],"wp:attachment":[{"href":"https:\/\/blog.dathen.com\/index.php?rest_route=%2Fwp%2Fv2%2Fmedia&parent=133"}],"curies":[{"name":"wp","href":"https:\/\/api.w.org\/{rel}","templated":true}]}}