{"id":154,"date":"2013-03-20T17:36:16","date_gmt":"2013-03-20T16:36:16","guid":{"rendered":"https:\/\/blog.dathen.com\/?page_id=154"},"modified":"2013-12-22T22:21:36","modified_gmt":"2013-12-22T21:21:36","slug":"20-3-2013-zazitky-v-sanghaji","status":"publish","type":"page","link":"https:\/\/blog.dathen.com\/?page_id=154","title":{"rendered":"20.3.2013 &#8211; Z\u00e1\u017eitky v \u0160anghaji"},"content":{"rendered":"<p><span style=\"font-size: small; color: #000000;\">Dobreho podvecera \ud83d\ude42<\/span><\/p>\n<p><span style=\"font-size: small; color: #000000;\">Dnesni den byl plny prijemnych vlivu. Prvni, energeticky vliv na nas dolehl hned z rana, kdy jsme se hezky prospinkali az 10 hodin \ud83d\ude42 Pozvolna se snazime nastolit rovnovahu mezi casem zde a casem doma &#8211; jde nam to bajecne, znamena to, ze musime dele spinkat \ud83d\ude42 Muze za to do jiste miry i vcera vypity rum, kter padl na oltar povidani s Jardou a Lidou. Byl to hezky vecer.<\/span><\/p>\n<p><span style=\"font-size: small; color: #000000;\">Po ranni vstavani nam prisla uklizecka dat dobre rano a my jsme se pozvolna vykymaceli z bytu do viru velkomesta \ud83d\ude42 Nase cesta vedla do Ocean aquaria, ktere je zde v Snghaji vyhlasene. Cesta metrem a za rekou u Perly jsme ho nasli. Vstup je 160Y, coz je pomerne dost. Hned u vchodu na nas cekala fotografka, ktera nas vyfotila proti zelenemu pozadi, tvdila, ze to je for free ;)) Tak uvidime, co z toho bude \ud83d\ude09<\/span><\/p>\n<p><span style=\"font-size: small; color: #000000;\">Vyjeli jsme do prvniho patra a opravdu to zacalo byt zajimave \ud83d\ude42 Vsude sama rybicka, zvlastni druhy zraloku, prekvapive cista voda i pres Saghajskou praseci zalezitost (kdo to nevi, tak nejaci farmari vyhazeli 70tis prasatek do reky, co zasobuje Sanghaj pitnou vodou &#8211; moc prima). Postupovali jsme do dalsich pater aquaria a nevychazeli z ucasu \ud83d\ude42 nejlepe to asi dokazi priblizit fotky, ktere vam mozna zitra naservirujeme \ud83d\ude42 V posdnim patre nas zcela uchvatil pruchod pod hladinou obrovskeho akvarka, kde se prohaneli obri zelvy, platyzove a zraloci soucasne s nekolika potapeci, kteri cistili dno \ud83d\ude09 Jeden na nas dokonce zamaval \ud83d\ude09 krasa \ud83d\ude42<\/span><\/p>\n<p><span style=\"font-size: small; color: #000000;\">Celkove lze akvarium doporucit.<\/span><\/p>\n<p><span style=\"font-size: small; color: #000000;\">Pri vylezu ven na nas cekala pani a nabizela k vytisteni nasi fotografii s ruznym pozadim \ud83d\ude42 No &#8230; for free to nebylo \ud83d\ude42 chtela 35Y a ja v rozverne nalade jsem to koupil \ud83d\ude09 Takze mame spolecnou, temer manzelskou fotografii se zralokem, ktery se nas nsazi sezrat \ud83d\ude42 krasa na druhou \ud83d\ude42<\/span><\/p>\n<p><span style=\"font-size: small; color: #000000;\">Vubec to nase manzlestvi s Michalem tady je takove prijemne \ud83d\ude42 Mame manzelskou postel, na ni jednu perinu a vecer se k sobe tulime :)) Snad si nebudeme moc chybet \ud83d\ude42<\/span><\/p>\n<p><span style=\"font-size: small; color: #000000;\">Po prijemne pohodovce v akvariu jsme popojeli metrem a vylezli na fake marketu, kde jsme hodlali provest nejake dalsi nakupy \ud83d\ude42 Je to tu vsechno fake \ud83d\ude42 dokonce je u vstupu cedule, ze pokud zde narazite na nekterou znacku, ktere jsou zde vypsany, tak se jedna o fake. Smlouvani o cene je zde denni chleba, takze je treba si vryt do pameti, ze realna castka dane veci je cca 10% z ceny nabizene a je treba jit jeste pod tech 10% a pomalu prihazovat. Osvedcilo se nam jit na nejakou relativne prijatelnou cenu a tu jiz drzet a nejit vys s tim, ze pozvolna odchazime az k definitivnimu odchodu. Pokud Vas nechaji jit, byla Vami nabidnuta cena uz moc nizka. Z 99% na Vas ale zavolaji a prodaji Vam zbozi za onu cenu. Pokud Vam zbozi prodaji hladce a relativne hned, cena je pro ne vic nez vyhodna \ud83d\ude42 Takze to berte jako jednoduchou poucku \ud83d\ude42 My jsme nakoupili nejake hadry, nejake darky a nechali jsme tam kazdy dost penez. Za odmenu za tu vydrz a nervy s prodejci jsme si kazdy taky jeden darem poridili \ud83d\ude09<\/span><\/p>\n<p><span style=\"font-size: small; color: #000000;\">Cesta domu uz byla v klidu a za cca hodinu jsme meli sraz s Jardou u Hlavniho nadrazi, kde na nas cekal se svymi kolegy z prace, abychom se sli podivat na dalsi market, kde se prodavaji mobily a jejich napodobeniny. Prisli jsme tam jiz po zaviracce a tedy zadnim vchodem. Bylo tam asi 30 koji ve kterych se prodavaly veskere svetove znacky mobilu a tabletu. Ceny cca o 1\/3 nizsi nez v krame \ud83d\ude42 Vicemene si Jarda vybral telefon, ktery chtel, byl mu predveden, otestovat si ho mohl sam a dokonce na nej dostal ucet. Vsechno probihalo v pratelske atmosfere a velmi rychle \ud83d\ude42 Odchazime a Jarda ma novy telefon \ud83d\ude42<\/span><\/p>\n<p><span style=\"font-size: small; color: #000000;\">Jdeme na cinu pobliz a kolegove z prace jsou velmi pratelsti \ud83d\ude42 jsou to dva Cinani a pomerne me dostavaji, protoze rikaji, ze vypadam uplne jako Cinan a ze by si me spletli s nekym odnich z rodiny&#8230;smeju se tomu, ale trosku me stvou \ud83d\ude09 U jidla a po nem si povidame o ruznych vecech. Kluci neumi moc anglicky, tak je to takova zvlastni domluva, ale nakonec je z toho velmi prijemny vecer a napr. se dozvidam, ze kdyz je nekdo v Cine a jde se na jidlo, tak Cinan plati &#8211; Cinska pravidla se tomu rika. V opacnem pripade zase Cinana hostite vy \ud83d\ude42<\/span><\/p>\n<p><span style=\"font-size: small; color: #000000;\">Jdeme do metra a my s Michalem a Jardou pokracujeme do studentskeho baru, kolegove musi domu, protoze je cekaji pritelkyne a manzelky &#8211; jsou to ale hodni kuci \ud83d\ude09 V baru je to super \ud83d\ude42 je to takovy proevropsky bar, kde je levne pivo, spousta muziky a koure, vsechno popsane a celkove atmosfera koleji \ud83d\ude42 Je tu spousta evropanu, nejaky cernoch a vladne tu prijemna atmosfera \ud83d\ude42 Davame si kazdy 3 pivka a vyrazime k domovu. Takovy bar asi bez nekoho, kdo tu zije nenajdete&#8230;takze je to o nejakych kontaktech a hledani&#8230;jinak nevim, jak by se to dalo najit\/zjistit. Zvenku to jako bar nevypadalo ani za mak \ud83d\ude42<\/span><\/p>\n<p><span style=\"font-size: small; color: #000000;\">Prichazime domu, ja pisu blog, Michal si hraje s telefonem a chystame se jit do hajan \ud83d\ude42<\/span><\/p>\n<p><span style=\"font-size: small; color: #000000;\">Jak jsem avizoval, dneska to byla spis pohodovka a tech zazitku ubyva s kraticim se pobytem \ud83d\ude42 Spis nez pamatky ted sledujeme chovani lidi a je to taky velice zajimave \ud83d\ude42 Dalsi postrehy se tedy pokusim napsat zitra \ud83d\ude09<\/span><\/p>\n<p><span style=\"font-size: small; color: #000000;\">dobrou<\/span><\/p>\n","protected":false},"excerpt":{"rendered":"<p>Dobreho podvecera \ud83d\ude42 Dnesni den byl plny prijemnych vlivu. Prvni, energeticky vliv na nas dolehl hned z rana, kdy jsme se hezky prospinkali az 10 hodin \ud83d\ude42 Pozvolna se snazime nastolit rovnovahu mezi casem zde a casem doma &#8211; jde nam to bajecne, znamena to, ze musime dele spinkat \ud83d\ude42 Muze za to do jiste [&hellip;]<\/p>\n","protected":false},"author":1,"featured_media":0,"parent":0,"menu_order":0,"comment_status":"open","ping_status":"open","template":"","meta":{"footnotes":""},"class_list":["post-154","page","type-page","status-publish","hentry"],"_links":{"self":[{"href":"https:\/\/blog.dathen.com\/index.php?rest_route=\/wp\/v2\/pages\/154","targetHints":{"allow":["GET"]}}],"collection":[{"href":"https:\/\/blog.dathen.com\/index.php?rest_route=\/wp\/v2\/pages"}],"about":[{"href":"https:\/\/blog.dathen.com\/index.php?rest_route=\/wp\/v2\/types\/page"}],"author":[{"embeddable":true,"href":"https:\/\/blog.dathen.com\/index.php?rest_route=\/wp\/v2\/users\/1"}],"replies":[{"embeddable":true,"href":"https:\/\/blog.dathen.com\/index.php?rest_route=%2Fwp%2Fv2%2Fcomments&post=154"}],"version-history":[{"count":2,"href":"https:\/\/blog.dathen.com\/index.php?rest_route=\/wp\/v2\/pages\/154\/revisions"}],"predecessor-version":[{"id":281,"href":"https:\/\/blog.dathen.com\/index.php?rest_route=\/wp\/v2\/pages\/154\/revisions\/281"}],"wp:attachment":[{"href":"https:\/\/blog.dathen.com\/index.php?rest_route=%2Fwp%2Fv2%2Fmedia&parent=154"}],"curies":[{"name":"wp","href":"https:\/\/api.w.org\/{rel}","templated":true}]}}