{"id":189,"date":"2013-11-26T16:46:02","date_gmt":"2013-11-26T15:46:02","guid":{"rendered":"https:\/\/blog.dathen.com\/?page_id=189"},"modified":"2014-01-09T15:22:52","modified_gmt":"2014-01-09T14:22:52","slug":"vietnam-pred-odletem","status":"publish","type":"page","link":"https:\/\/blog.dathen.com\/?page_id=189","title":{"rendered":"Vietnam &#8211; p\u0159ed odletem"},"content":{"rendered":"<p><span style=\"font-size: small; color: #000000;\">Tento rok jsme spolu s Michalem absolvovali cestu do \u010c\u00edny a oba jsme z toho byli nad\u0161eni (tedy j\u00e1 rozhodn\u011b). P\u016fvodn\u00ed pl\u00e1n byl, \u017ee se do dal\u0161\u00ed podobn\u00e9 v\u00fdpravy budeme pou\u0161t\u011bt a\u017e za rok (tedy rok vynech\u00e1me), aby jsme stihli nast\u0159\u00e1dat n\u011bjak\u00e9 korunky a celkov\u011b se p\u0159ipravit na dal\u0161\u00ed dobrodru\u017estv\u00ed, ale jednou v hospod\u011b dalo slovo slovo (nev\u00edm te\u010f kter\u00e9 to bylo slovo, nebo\u0165 jsem m\u011bl u\u017e n\u011bco upito a slova se mi lehce pletla) a bylo dohodnuto, \u017ee se na nic \u010dekat nebude a proste se jede&#8230;.kam? No to byla velk\u00e1 ot\u00e1zka&#8230;<\/span><\/p>\n<p><span style=\"font-size: small; color: #000000;\">Jedin\u00e9, co bylo jasn\u00e9 byla p\u0159ibli\u017en\u00e1 lokace, kter\u00e1 padla na ji\u017en\u00ed asijsk\u00e9 st\u00e1ty. Inu jsme provedli rozbor a zv\u00e1\u017eili ve\u0161ker\u00e1 pro a proti (nam\u00e1tkou &#8211; politick\u00e1 situace, po\u010det vra\u017ed za posledn\u00ed l\u00e9ta, mo\u017enost ubytov\u00e1n\u00ed a kvalita soci\u00e1ln\u00edch <span style=\"text-decoration: line-through;\">pracovnic<\/span> za\u0159\u00edzen\u00ed). Po dlouh\u00e9 debat\u011b na ICQ jsme se tedy rozhodli pro Vietnam. A\u0165 u\u017e pro jeho p\u0159\u00edrodn\u00ed kr\u00e1sy, rozmanitost stravovac\u00edch n\u00e1vyk\u016f obyvatel, tak pro mo\u017enost nav\u0161t\u00edvit nedalek\u00fd ostrov s p\u00edse\u010dnou pl\u00e1\u017e\u00ed a r\u016fzn\u00e9 dal\u0161\u00ed zaj\u00edmavosti, kter\u00fdmi V\u00e1s budu nudit v pr\u016fb\u011bhu psan\u00ed cestopisu \ud83d\ude42<\/span><\/p>\n<p><span style=\"font-size: small; color: #000000;\"><strong><span style=\"text-decoration: underline;\">Vlastn\u00ed p\u0159\u00edprava :<\/span><\/strong><\/span><\/p>\n<p><span style=\"font-size: small; color: #000000;\">V prvn\u00ed \u0159ad\u011b bylo t\u0159eba zjistit, jak se do Vietnamu dostaneme a co je k cestov\u00e1n\u00ed tam pot\u0159eba. Je to v\u00edzum, kter\u00e9 se ud\u00edl\u00ed na z\u00e1klad\u011b zvac\u00edho dopisu a potvrzen\u00ed m\u00edstn\u00edmi \u00fa\u0159ady na p\u0159\u00edletov\u00e9m leti\u0161ti, d\u00e1le letenka a dobr\u00e1 n\u00e1lada \ud83d\ude42 Zvac\u00ed dopis ov\u011b\u0159en\u00fd m\u00edstn\u00edm \u00fa\u0159adem se d\u00e1 z\u00edskat prost\u0159ednictv\u00edm internetu a jeho cena je od 7 dolar\u016f po 20. S tro\u0161kou googlov\u00e1n\u00ed nen\u00ed probl\u00e9m to zajistit \ud83d\ude42 D\u00e1le se vypln\u00ed formul\u00e1\u0159 sta\u017eiteln\u00fd z webu Vietnamsk\u00e9 ambas\u00e1dy (2x) a nalep\u00ed se na n\u011bj fotografie (2x). To aby ve Vietnamu v\u011bd\u011bli, kdo se jim tam ztratil a jak vypadal, ne\u017e ho se\u017erala div\u00e1 zv\u011b\u0159 (promi\u0148 mami) \ud83d\ude42<\/span><\/p>\n<p><span style=\"font-size: small; color: #000000;\">Letenka byla zp\u00e1te\u010dn\u00ed v akci za cca 14tis. korun a let\u00edme op\u011bt spole\u010dnost\u00ed Aeroflot, kter\u00e1 se p\u0159i cestov\u00e1n\u00ed do \u010c\u00edny osv\u011bd\u010dila \ud83d\ude42 Po Vietnamu polet\u00edme celkem 3x a to jedou na ostrov, po druh\u00e9 z ostrova a pot\u0159et\u00ed z jihu Vietnamu na sever, abychom stihli let dom\u016f. Cestov\u00e1n\u00ed po Vietnamu bude prob\u00edhat pomoc\u00ed vlak\u016f a na motork\u00e1ch, kter\u00e9 jsou zde k p\u016fj\u010den\u00ed. Vzhledem k tomu, \u017ee zde neplat\u00ed Evropsk\u00fd \u0159idi\u010d\u00e1k, tak \u0159\u00edzen\u00ed motorky bude jist\u011b zaj\u00edmav\u00fd z\u00e1\u017eitek z pohledu poru\u0161ov\u00e1n\u00ed m\u00edstn\u00edch z\u00e1kon\u016f.<\/span><\/p>\n<p><span style=\"font-size: small; color: #000000;\">Vym\u011bn\u011bn\u00fd pen\u00edz v dolarech si vezeme s sebou. Ve Vietnamu dolary slou\u017e\u00ed jako druh\u00e1 m\u011bna ji\u017e od v\u00e1lky ve Vietnamu a daj\u00ed se prom\u011bnit za m\u00edstn\u00ed m\u011bnu Vietnamsk\u00fd dong, kter\u00fd je v kurzu k \u010desk\u00fdm korun\u00e1m 1:1000 tak\u017ee b\u00fdt ve Vietnamu milion\u00e1\u0159em nen\u00ed p\u0159\u00edli\u0161 velk\u00fd probl\u00e9m \ud83d\ude42<\/span><\/p>\n<p><span style=\"font-size: small; color: #000000;\">Byla nakoupena nov\u00e1 baterie do videokamery, novy battery pack pro nab\u00edjen\u00ed mobil\u016f a nov\u00e1 kl\u00e1bosnice pro psan\u00ed text\u016f kter\u00fdmi V\u00e1s budu obla\u017eovat \ud83d\ude42 Ps\u00e1t budu tentokr\u00e1t na mobilu, \u017e\u00e1dnou dal\u0161\u00ed elektroniku s sebou tahat nebudu, proto\u017ee se mi to v \u010c\u00edn\u011b neosv\u011bd\u010dilo.<\/span><\/p>\n<p><span style=\"font-size: small; color: #000000;\">Pr\u00fd je tam velmi levn\u00e9 oble\u010den\u00ed, tak\u017ee s Michalem jedeme jen v kra\u0165asech a pantofl\u00edch se sbalen\u00fdm bat\u016f\u017ekem v n\u011bm\u017e budou jen pasy a dvoje trencle, bude to vypadat velmi efektn\u011b na leti\u0161ti vzhledem k tomu, \u017ee bude p\u016flka Ledna \ud83d\ude42 V\u0161echno se bude po\u0159izovat za pochodu (takov\u00fd je pl\u00e1n &#8211; jsem zv\u011bdav, jestli nevym\u011bknem). Pak pochopiteln\u011b n\u011bjak\u00e9 ty l\u00e9ky, s\u00e9ra proti jedovat\u00fdm had\u016fm a mo\u017en\u00e1 drtek kva\u0161en\u00e9ho zrna v tekut\u00e9m stavu \ud83d\ude42<\/span><\/p>\n<p><span style=\"font-size: small; color: #000000;\">\u00a0Seznam v\u011bc\u00ed sebou :<\/span><\/p>\n<p><span style=\"font-size: small; color: #000000;\">Toaletka &#8211; pasta, kart\u00e1\u010dek, mezizub kart\u00e1\u010d, sprcho\u00e1\u010d, repelent, v\u016fn\u011b do podpa\u017ed\u00ed, nivea, jelen\u00ed l\u016fj, opalovac\u00ed kr\u00e9m<\/span><br \/>\n<span style=\"font-size: small; color: #000000;\">L\u00e9ky &#8211; paralen, aerius(alergie), smecta (pr\u016fjem), gutalax (pr\u016fjem), nosokapky, cucav\u00e9 krkodobro, n\u00e1plasti, ATB<\/span><br \/>\n<span style=\"font-size: small; color: #000000;\">Oble\u010den\u00ed &#8211; plavky!, 3 try\u010dka, boxerky, n\u011bco pono\u017eek, kra\u0165asy, ru\u010dn\u00edk, pol\u0161t\u00e1\u0159ek, mikina, jeany, tepl\u00e1\u010dky, pl\u00e1\u0161t\u011bnka<\/span><br \/>\n<span style=\"font-size: small; color: #000000;\">Elektronika &#8211; mobil, 3xflashka 64GB, kamera, baterie, nab\u00edje\u010dka, USB rozbo\u010dova\u010d, sluch\u00e1tka, battery pack, kl\u00e1vesnice<\/span><br \/>\n<span style=\"color: #000000; font-size: small;\">Dokumenty &#8211; pas, ob\u010danka, \u0159idi\u010d\u00e1k, kreditka, zvac\u00ed dopis, 2x vstupn\u00ed formul\u00e1\u0159, potvrzen\u00ed o poji\u0161t\u011bn\u00ed, \u00a0pen\u00edze<\/span><br \/>\n<span style=\"font-size: small; color: #000000;\">Alkohol &#8211; tequila<\/span><\/p>\n<p><span style=\"font-size: small; color: #000000;\">\u00a0<\/span><\/p>\n","protected":false},"excerpt":{"rendered":"<p>Tento rok jsme spolu s Michalem absolvovali cestu do \u010c\u00edny a oba jsme z toho byli nad\u0161eni (tedy j\u00e1 rozhodn\u011b). P\u016fvodn\u00ed pl\u00e1n byl, \u017ee se do dal\u0161\u00ed podobn\u00e9 v\u00fdpravy budeme pou\u0161t\u011bt a\u017e za rok (tedy rok vynech\u00e1me), aby jsme stihli nast\u0159\u00e1dat n\u011bjak\u00e9 korunky a celkov\u011b se p\u0159ipravit na dal\u0161\u00ed dobrodru\u017estv\u00ed, ale jednou v hospod\u011b dalo [&hellip;]<\/p>\n","protected":false},"author":1,"featured_media":0,"parent":0,"menu_order":0,"comment_status":"closed","ping_status":"closed","template":"","meta":{"footnotes":""},"class_list":["post-189","page","type-page","status-publish","hentry"],"_links":{"self":[{"href":"https:\/\/blog.dathen.com\/index.php?rest_route=\/wp\/v2\/pages\/189","targetHints":{"allow":["GET"]}}],"collection":[{"href":"https:\/\/blog.dathen.com\/index.php?rest_route=\/wp\/v2\/pages"}],"about":[{"href":"https:\/\/blog.dathen.com\/index.php?rest_route=\/wp\/v2\/types\/page"}],"author":[{"embeddable":true,"href":"https:\/\/blog.dathen.com\/index.php?rest_route=\/wp\/v2\/users\/1"}],"replies":[{"embeddable":true,"href":"https:\/\/blog.dathen.com\/index.php?rest_route=%2Fwp%2Fv2%2Fcomments&post=189"}],"version-history":[{"count":9,"href":"https:\/\/blog.dathen.com\/index.php?rest_route=\/wp\/v2\/pages\/189\/revisions"}],"predecessor-version":[{"id":382,"href":"https:\/\/blog.dathen.com\/index.php?rest_route=\/wp\/v2\/pages\/189\/revisions\/382"}],"wp:attachment":[{"href":"https:\/\/blog.dathen.com\/index.php?rest_route=%2Fwp%2Fv2%2Fmedia&parent=189"}],"curies":[{"name":"wp","href":"https:\/\/api.w.org\/{rel}","templated":true}]}}