{"id":2,"date":"2013-02-26T12:06:50","date_gmt":"2013-02-26T12:06:50","guid":{"rendered":"https:\/\/blog.dathen.com\/?page_id=2"},"modified":"2013-12-22T22:23:50","modified_gmt":"2013-12-22T21:23:50","slug":"zkusebni-stranka","status":"publish","type":"page","link":"https:\/\/blog.dathen.com\/?page_id=2","title":{"rendered":"\u010c\u00edna &#8211; p\u0159ed odjezdem"},"content":{"rendered":"<p><span style=\"font-size: small; color: #000000;\">P\u0159ed odjezdem &#8230;<\/span><br \/>\n<span style=\"font-size: small; color: #000000;\"> Byl jsem s Michalem (byvaly spoluzak, spolupachatel na spouste ackci a pritel\/kamarad) v hospode a bavili jsme se o vsem moznem a on mezi reci zminil svoji cestu do Ciny, kterou planuje v Breznu na pozvani sveho kolegy a kamarada Jardy, ktery je v Cine pracovne a je tedy mozne u nej par dni byt a ziskat i jednodussi pozvani. Myslenka se mi velmi zalibila a temer okamzite jsem se zeptal, jestli bych se mohl pridat, protoze ve dvou se to precijenom lepe tahne \ud83d\ude42 Slovo dalo slovo a tak jsme zacli vybavovat vsechno papirovani, ktere do Ciny treba.<\/span><\/p>\n<p><span style=\"font-size: small; color: #000000;\">Nebudu se prilis rozepisovat o tom, co je vsechno nutne pro cestu do ciny, protoze aktualni informace jsou na strankach Cinske ambasady a maji to tam pomerne hezky popsane. Vicemene jde o to mit pozvani z Ciny, kompletni itirenar cesty, zajistene ubytovani s rezervacemi, potvrzeni od zamestnavatele, ze vas pousti a doklad o dostatku penez na ucte. K tomu vsemu ctyrstrankovou zadost, ktera se da stahnout v pdf a zakoupene letenky do a z Ciny.<\/span><\/p>\n<p><span style=\"font-size: small; color: #000000;\">Letenka do Ciny se da sehnat na vsech moznych portalech s letenkami. Sledovali jsme jejich ceny cca 2 mesice a vicemene se to pohybovalo kolem 14cti tis. za zpatecni letenku pres Moskvu. Tady male upozorneni &#8211; pokud budete cestovat pres Moskvu, tak je mozne, ze dane prestupni letiste bude vyzadovat pro prestup transitni vizum a je nutne si tuto okolnost zjistit pred odletem a toto vizum si poridit &#8211; nas se tato okolnost nastesti netykala.<\/span><\/p>\n<p><span style=\"font-size: small; color: #000000;\">Kdyz jsme to meli v Lednu vsechno pohromade, tak jsme to zabalili do dvou uhlednych balicku, ja jsem si vystal hodinovou frontu na Cinske ambasade, kde nastesti kontroluji vsechno, co jim prinesete jeste u okenka a pokud neco schazi, vrati vas zpet a nedochazi tak k nemilemu prekvapeni, ze vam vizum nedaji. U nas bylo vse v poradku a ja se s potvrzenim vydal zaplatit do CSOB poplatek za vizum. Po tydnu jsem mel pasy s vizy zpet a tak uz oficialne nic nebranilo nasi ceste.<\/span><\/p>\n<p><span style=\"font-size: small; color: #000000;\">Tedy jsme se dali do priprav na cestu.<\/span><\/p>\n<p><span style=\"font-size: small; color: #000000;\">Obstarani darku pro naseho kamarada v Cine, kteremu se nejvic styska po Ceskem rumu a tabaku do dymky, teple, funkcni pradlo a nejake lehke funkcni obleceni, aby nam nebylo bud moc teplo, nebo moc zima, naplanovani cesty a to vcetne naseho rezervovaneho ubytovani a vsech moznych spoju, rezervovani vlaku a leteckeho spoje uvnitr ciny (nastesti se da v dobe internetu vsechno obstarat online), \u00a0pripraveni tabulek s komunikaci v cinstine s prekladem do cestiny a anglictiny. U tech tabulek se zastavim. Premyslel jsem, jak nejlepe komunikovat v Cine s nekym, kdo nerozumi mne a ja jemu. Jedine smysluplne reseni, krome rukou a nohou me napadlo pouzit zalaminovane tabulky se slovy a frazemi v cinskem jazyce, abych dokazal rict, o co mi jde&#8230;a pak dalsi sadu tabulek s moznymi, standartnimi odpovedmi tak, aby se to dalo nejak universalne skladat. Az to vsechno budu mit po kupe, prilozim to k tomuto textu.<\/span><\/p>\n<p><span style=\"font-size: small; color: #000000;\">Z ruznych cestopisu jsem se dozvedel spoustu zajimavosti o Cine a jejich obyvatelych. Vicemene vim, ze kdyz budeme chtit jet autobusem a nebudeme vedet kde vystoupit diky znaceni zastavek, ktere je vetsinou v Cinskych znacich, tak je nejlepsi ukazat ridici na mape, kam jedeme a nejak rukama a nohama ho poprosit, jestli by nas nevyhodil az tam budeme&#8230;<\/span><\/p>\n<p><span style=\"font-size: small; color: #000000;\">jsem velice zvedav, co vsechno bude sedet a co jsou jen povidacky &#8230; nemuzu se dockat<\/span><\/p>\n<p><span style=\"font-size: small; color: #000000;\">\u00a0<\/span><\/p>\n","protected":false},"excerpt":{"rendered":"<p>P\u0159ed odjezdem &#8230; Byl jsem s Michalem (byvaly spoluzak, spolupachatel na spouste ackci a pritel\/kamarad) v hospode a bavili jsme se o vsem moznem a on mezi reci zminil svoji cestu do Ciny, kterou planuje v Breznu na pozvani sveho kolegy a kamarada Jardy, ktery je v Cine pracovne a je tedy mozne u nej [&hellip;]<\/p>\n","protected":false},"author":1,"featured_media":0,"parent":0,"menu_order":0,"comment_status":"open","ping_status":"closed","template":"","meta":{"footnotes":""},"class_list":["post-2","page","type-page","status-publish","hentry"],"_links":{"self":[{"href":"https:\/\/blog.dathen.com\/index.php?rest_route=\/wp\/v2\/pages\/2","targetHints":{"allow":["GET"]}}],"collection":[{"href":"https:\/\/blog.dathen.com\/index.php?rest_route=\/wp\/v2\/pages"}],"about":[{"href":"https:\/\/blog.dathen.com\/index.php?rest_route=\/wp\/v2\/types\/page"}],"author":[{"embeddable":true,"href":"https:\/\/blog.dathen.com\/index.php?rest_route=\/wp\/v2\/users\/1"}],"replies":[{"embeddable":true,"href":"https:\/\/blog.dathen.com\/index.php?rest_route=%2Fwp%2Fv2%2Fcomments&post=2"}],"version-history":[{"count":22,"href":"https:\/\/blog.dathen.com\/index.php?rest_route=\/wp\/v2\/pages\/2\/revisions"}],"predecessor-version":[{"id":36,"href":"https:\/\/blog.dathen.com\/index.php?rest_route=\/wp\/v2\/pages\/2\/revisions\/36"}],"wp:attachment":[{"href":"https:\/\/blog.dathen.com\/index.php?rest_route=%2Fwp%2Fv2%2Fmedia&parent=2"}],"curies":[{"name":"wp","href":"https:\/\/api.w.org\/{rel}","templated":true}]}}