{"id":594,"date":"2015-03-08T21:28:49","date_gmt":"2015-03-08T20:28:49","guid":{"rendered":"https:\/\/blog.dathen.com\/?page_id=594"},"modified":"2015-03-08T21:28:49","modified_gmt":"2015-03-08T20:28:49","slug":"7-3-2015-hawaii-2015-trempove-z-cech","status":"publish","type":"page","link":"https:\/\/blog.dathen.com\/?page_id=594","title":{"rendered":"7.3.2015 &#8211; Hawaii 2015 &#8211; trempove z \u010cech"},"content":{"rendered":"<p>krasny vecer z nejvetsiho ostrova Havaje, kterym je Hawaii \ud83d\ude42 <\/p>\n<p>Dnesni den byl plny opravdu zajimavych zvratu&#8230;Zacal ne, uplne prijemne v chatce na drevene podeste a skocnil dopitim tvrdych alkoholu&#8230;ale nebudu vam prozrazovat veci bez predchoziho vysvetleni a zacnu psat nejak poporadku. Predem se omlouvam, kdyby to nedavalo moc smysl, ale jsem trosku pod parou, tak to ev. omluvte \ud83d\ude42<\/p>\n<p>Zacnu tedy rano po vychodu slunce, kdy bylo podle planu naplanovana navsteva plaze a ranni vykoupani pri vychodu slunce (neco mezi 4 a 6) \ud83d\ude42 Tak navsteva plaze se nemohla uzkutecnit, protoze jsme se dneska probrali nejak kolem 9 a slunce stavkovalo za mraky. Nechci se vymlouvat na mraky, ano, vcerejsi vypeti v letadlech, dohadovani aut a popijeni malych davek alkoholu zpusobilo ranni, lehke zaspatni \ud83d\ude09 Po ociste ve forme cinske polivky, vyrobene v USA a konzumaci 100% prirodni konzervy jsme si zabalili svoje saky paky a vyrazili smer dnedni program.<br \/>\nBohuzel program moc nepocital s nevlidnym pocasim, takze po ranni navsteve plaze (dalsi z mnoha zde na Hawaii) a dokoncene ociste ve slane vode jsme vyrazili na vychod ostrova, kde nas ma cekat dalsi dobrodruzstvi, rozbourene more, spousta vodopadu a krasnych vyhlidek.<\/p>\n<p>Od toho nas ale zatim delilo asi 300km, ktere jsme ale zdolavali v nasem krasnem ori. Postupne jsme dali nekolik vyhlidek, ktere byli ale bohuzel bud v mlze, nebo lehce zkropene jemnym destickem. Kde ale schazi vyhled, existuje pruvdce, ktery nas navnadil na dalsi vyhlidky a spojil je i s pribehem, ktery byl vzdy velice zajimavy \ud83d\ude42 Tak treba jedna z vyhlidek byla umistena v miste, kde od pradavna zila mistni kultura, stavela chramy a kostely, hospodarila na polickach a sklizela plody sve prace, az jednoho dne roku 1946 prisla velka vlna a vsechno si to odnesla do oceanu&#8230;no a to je vsechno \ud83d\ude42 Od te doby tam nic neni, jen ta vyhlidka&#8230;no reknete sami, neni to nadhera? \ud83d\ude42 <\/p>\n<p>Ne, ted trosku prehanim&#8230;ta mistni kultura uplne nezmizela&#8230;je nahrazena novou, trosku free kulturou mistnaku, kteri si to vykladaji po svem, hodne huli, chodi se do more koupat nazi a kazi tak mistni, USA moralku \ud83d\ude09 k USA moralce se jeste dostanu a moc se na to tesim \ud83d\ude09<\/p>\n<p>Jak nam cesta ubihala, stavili jsme se v jednom z vetsich mest tady na pobrezi a obcerstvili se dalsimi 4rmi cheeseburgry, ktere pro dnesem nahradili vydatnou stravu \ud83d\ude42 <\/p>\n<p>Dalsi zastavkou byla navsteva vodopadu, ktere jsou jedny z nejvetsich na svete (pro srovnani slavny niagarske vodopady maji kolem 50 metru, tady tyhle maji 130 metru &#8230; no reknete, neni to nadhera? \ud83d\ude42 No byla..fakt jo&#8230;neco dam na FB, aby bylo videt, ze se tu neflakame, ale snazime se pro vas ziskat nejake hodnotna data \ud83d\ude42<\/p>\n<p>Kdyz bych to shrnul, tak tyhle vodopady s florou kolem bylo to nejhezci, co jsme dneka zazili.<\/p>\n<p>Dale uz jen nasledovalo ubytovani.<\/p>\n<p>No&#8230;kdyz to takhle napisu, tak nic moc co? \ud83d\ude42 nekde jsme se ubytovalo a prespime tam \ud83d\ude42 nic extra advanture z toho nekouka&#8230;ale ano&#8230;kouka \ud83d\ude42<\/p>\n<p>Dneska poprve totiz spime pod stanem. Je to v miste, ktere je k tomu ucelu prizpusobene. Je tu velke parkoviste, jedna velka &#8222;spolecenska&#8220; budova, nekolik mensich budov, ktere jsou kryte pred destem (obsazene mistni omladinou, ktera sem jezdi chlastat). Kdyz rikam budov, myslim tim pristresky pod kterymi se da sedet na lavicich. MIstni si to ale vykladaji po svem, tak si v tech pristrescich stavi rovnou stany a spi tam \ud83d\ude09 Na nas zbyla louka&#8230;ale je to krasne louka&#8230;plna vonave travicky. 20metru od travicky jsou lavove kameny, nekolik utesu a bouri zde more \ud83d\ude42 Do more, tedy pardon, oceanu se vleva reka, pritekajici pomoci vodopadu, na ktery je vyhled z louky, kde stoji nas stan&#8230;.<\/p>\n<p>Takze si to shrneme. Stanujeme na naprosto dokonalem fleku s upravenou travickou &#8211; zcela rovnem, hned naproti stanu je vodopad (aso 20metru), ktery usti do oceanu, jenz bouri a vytvari neuveritelnou podivanou v podobe vln, do toho vseho nam tu krasne zpivaji cikady a my si ohrivame cinskou USA polivku a kochame se \ud83d\ude42<\/p>\n<p>Jeden ze clenu omladiny, ktera tady taky pari ma dve divky s sebou. Jdou k nam a druzi se&#8230;jsou to mili, Americti lide&#8230;sice se narodili na Hawaii, ale jsou to Americani. Chovaji se tak, mluvi tak, o puvodni kulture nic nevi&#8230;Davaji nam ochutnat svoji tequilu a hrozne je zajima odkud jsme \ud83d\ude09 Jdou se vykoupat pod vodopad, lakaji nas, ale my nejdeme \ud83d\ude42 Pak jedna z divek (asi 16 let) jde na zachod a kdyz se vrati, tak rika Houvi (ano, tak se chlapec jmenuje),ze na ni pri curani nekdo tukal na zachode&#8230;Chlapec se zveda a jde danemu, jinemu Americkemu chlapci rozbit drzku&#8230;Z pozvdali to sledujeme a cekame, co bude \ud83d\ude09 ukazuje se, ze chlapec mel mozna moc velke plany, protoze v miste stretu je vic svalu, nez mozku&#8230;.chapec sbira svoje divky a naseda do sveho vozu, ktery s buracenim (po lahvy tequily) odjizdi pryc&#8230;.ani se nerozloucil&#8230;<\/p>\n<p>Plyne z toho to, ze je 21:03, ja lezim ve stanu a uzivam si mistnich kras \ud83d\ude42 Ve stanu se jiz spi, ale venku radi vodopad, priboj, cikady&#8230;.vsechno dohromady to zni jako kdyz v praze v uzavrene ulici nekdo zacne se zbijeckou likvidovat silnici \ud83d\ude42 Spat se u toho teda dat nebude \ud83d\ude09 <\/p>\n<p>Drzte mi palce, zitra se Vam pokusim zpristupnit dalsi krasy tohohle ostrova&#8230; \ud83d\ude09<\/p>\n<p>Aloha z Hawaii<\/p>\n<p>P.s. noc byla opravdu vesel\u00e1. Po 22:00 se sem za\u010dalo sj\u00ed\u017ed\u011bt jedno auto za druh\u00fdm. N\u011bkolik lid\u00ed m\u00e1m spadlo na stan, muzika z aut byla sly\u0161et p\u0159es oce\u00e1n a\u017e v americe a p\u0159ipom\u00ednalo to tu sp\u00ed\u0161 lunapark \ud83d\ude09 te\u010f je 7:00 a j\u00e1 se sna\u017e\u00edm s\u010d\u00edtat \u0161kody \ud83d\ude09 pokud nepo\u010d\u00edt\u00e1m l\u00e1hve od \u010dehokoli postaven\u00e9 kolem auta, tak snad \u0161kody 0&#8230;jedin\u00e9, co tedy vad\u00ed je fakt, \u017ee pr\u0161\u00ed \ud83d\ude00<\/p>\n","protected":false},"excerpt":{"rendered":"<p>krasny vecer z nejvetsiho ostrova Havaje, kterym je Hawaii \ud83d\ude42 Dnesni den byl plny opravdu zajimavych zvratu&#8230;Zacal ne, uplne prijemne v chatce na drevene podeste a skocnil dopitim tvrdych alkoholu&#8230;ale nebudu vam prozrazovat veci bez predchoziho vysvetleni a zacnu psat nejak poporadku. Predem se omlouvam, kdyby to nedavalo moc smysl, ale jsem trosku pod parou, [&hellip;]<\/p>\n","protected":false},"author":1,"featured_media":0,"parent":0,"menu_order":0,"comment_status":"open","ping_status":"open","template":"","meta":{"footnotes":""},"class_list":["post-594","page","type-page","status-publish","hentry"],"_links":{"self":[{"href":"https:\/\/blog.dathen.com\/index.php?rest_route=\/wp\/v2\/pages\/594","targetHints":{"allow":["GET"]}}],"collection":[{"href":"https:\/\/blog.dathen.com\/index.php?rest_route=\/wp\/v2\/pages"}],"about":[{"href":"https:\/\/blog.dathen.com\/index.php?rest_route=\/wp\/v2\/types\/page"}],"author":[{"embeddable":true,"href":"https:\/\/blog.dathen.com\/index.php?rest_route=\/wp\/v2\/users\/1"}],"replies":[{"embeddable":true,"href":"https:\/\/blog.dathen.com\/index.php?rest_route=%2Fwp%2Fv2%2Fcomments&post=594"}],"version-history":[{"count":1,"href":"https:\/\/blog.dathen.com\/index.php?rest_route=\/wp\/v2\/pages\/594\/revisions"}],"predecessor-version":[{"id":595,"href":"https:\/\/blog.dathen.com\/index.php?rest_route=\/wp\/v2\/pages\/594\/revisions\/595"}],"wp:attachment":[{"href":"https:\/\/blog.dathen.com\/index.php?rest_route=%2Fwp%2Fv2%2Fmedia&parent=594"}],"curies":[{"name":"wp","href":"https:\/\/api.w.org\/{rel}","templated":true}]}}