{"id":597,"date":"2015-03-09T23:43:22","date_gmt":"2015-03-09T22:43:22","guid":{"rendered":"https:\/\/blog.dathen.com\/?page_id=597"},"modified":"2015-03-09T23:43:22","modified_gmt":"2015-03-09T22:43:22","slug":"8-3-2015-hawaii-2015-lava-lava-lava-lava","status":"publish","type":"page","link":"https:\/\/blog.dathen.com\/?page_id=597","title":{"rendered":"8.3.2015 &#8211; Hawaii 2015 &#8211; l\u00e1va&#8230;l\u00e1va&#8230;l\u00e1va&#8230;l\u00e1va"},"content":{"rendered":"<p>Dobry vecer z Havaje \ud83d\ude42<\/p>\n<p>Dneska zacnu jeste vcera \ud83d\ude42 Jsou veci, ktere se udali v noci a ktere by meli byt zapsany \ud83d\ude42 Tak v prvni rade jsem vcera psal, ze do kempu prijelo nekolik vozu s nimi jejich majitele a vsichni uz poradne podrouzeni alkoholem, ale co jsem nenapsal a vlastne ani do rana nevedel, neb jsem spal je fakt, ze se kolem pulnoci strhla na parkovisti nekde blizko naseho auta pomerne rozsahla bitka \ud83d\ude42 Rano, kdyz prijel ranger kontrolovat stav kempu a my se s nim dali do reci, vyslo najevo, ze tam je bordel vetsi nez kdy jindy a ze uz dlouho nepamatuje tolik rozbitych veci. Dale nam sdelil, ze zadne mrtvoly nenasel, takze pokud se pri tom bitkovani nekdo zranil, nebo zemrel, tak ho asi hodili do more \ud83d\ude42 Nam se nejakym zazrakem vubec nic nestalo, ani jsme o tom poradne nevedeli (tedy ja) a ani na autu neni jedine skrabnuti&#8230;proste klika jako blazen.<\/p>\n<p>Po rannim hodovani jsme se sbalili a vyrazili na dnesni pout po krasach tohoto ostrova. Nutno dodat, a nevim, jestli jsem to psal, ze nase kepovaci schopnosti pozvolna dosahuji dokonalosti \ud83d\ude09 mame koupenou sadu horaku a skladaci plechovou skrinku, do ktere se tento horak vlozi a daji se na tom ohrivat konzervy, nebo voda v plechovem hrnku \ud83d\ude42 konzerv mame dost,ale dneska se ukazalo, ze budeme muset jeste nejake prikoupit \ud83d\ude42 V kazdem pripade v kempu budime pomerne rozsahlou pozornost pri pripravach svych jidel \ud83d\ude09 Obed vetsinou resime v nejlevnejsim stravovacim zarizeni na ostrove a tim je MC Donald. <\/p>\n<p>Ale abych zbytecne neodbihal a nenudil necim tak sprostym, jako je jidlo, tak se vrhneme na dnesni zazitky \ud83d\ude42 <\/p>\n<p>V prvni rade je ale treb rict, ze dnesk cely den prselo&#8230;ne nejak moc, ale zato vytrvale \ud83d\ude09 Uz baleni mokreho stanu je zazitek nad zazitky \ud83d\ude42 Nic nas ale nemuze zastavit a tak nase kroky mirily k prvni zastavce a tou byla scenic route podel pobrezi, kde se poridilo nekolik fotografii pohledu na more, utesy a orchideje \ud83d\ude42 Roste to tu jako plevel \ud83d\ude09 <\/p>\n<p>Navstivili jsme nekolik vodopadu, ktere jsou pobliz mesta Hilo. Mesto Hilo byl vubec zajimavy zazitek. Jeli jsme tam na trhy, kde byly porizeny nejake banany, vic tam toho nemeli \ud83d\ude42 teda meli&#8230;loupanou cibuli, avokado za 4$\/kus a zuby z zraloka&#8230;no trhy jak blazen&#8230;V pruvodci to vyzdvihovali az do nebe, ale nase zkusenost pravi, ze je lepsi jit vedle do kavarny patrici k hostelu backpackers, kde vari vybornou, mistni kavu z Kony.<\/p>\n<p>Dale jsme pokracovali k lava tree state parku, ktery zacal prohlidkou zkamenelych stromu. Zkamenele stromy jsou dusledkem lavove cinnosti, kdy lava tece pod stromy a ikdyz stromy hori, tak z lavy se vyparuji plyny, ktere zabranuji horeni a vicemene vypali ze stromu drevene uhli \ud83d\ude42 V miste prutoku lavy pak zustanou takove pahylky z puvodnich stromu. Vypada to naramne \ud83d\ude09 Vsude kolem je pak lava, orchideje a tak \ud83d\ude42<\/p>\n<p>Cestou do hlavni casti volcano parku, ktery nasledoval jsme se stavili natankovat a dat si zmrzlinu do mekace. Tankovani se ukazalo z prvu jako lehce neresitelny ukol, protoze zde maji opacny system tankovani nez u nas. Nejdriv se plati a pak to tece \ud83d\ude42 Je tedy treba bud vlozit kreditku, navolit si castku a tu vycerpat, nebo jit na kasu, zaplatit nejakou castku, dotankovat a pak jit zase na kasu a vyzvednout si nevycerpane penize&#8230;no proste americani \ud83d\ude42 Nakonce jsme to zvladli a mame zase plnou nadrz na dalsi zazitky \ud83d\ude09<\/p>\n<p>Dorazili jsme do Volcano Parku, ktery je obehnan pomyslnou hranici do ktere vede brana za niz vas pusti za mirny poplatek 10$ na 7 dni. V mistnim visitors centru jsme se dovzdelali a napanovali cesty po tomto parku na dalsi 2 dny. Dneska jsme zvladli za 2.5hod ctyrhodinovou trasu, ktera zahrnuje prohlidku lavovych poli, ktera vznikla sopecnou cinnosti nekolika sopek v celem parku. Velice zajimavy je pohled na prepad lavy do more, ktera udelala prevysy a ruzne fotogenicke zakouti \ud83d\ude42 Tady trosku odbocim zpet k jidlu. Pri nakupu zasob jsme nakoupili i nejake tunakove konzervy. Jeden druh tehto konzerv je v konzistenci drte a tunak je rozdrcen na kousicky. Druhy je v celku. Na tunacich se vam pokusim priblizit nase vnimani lavy, ktera se zde nachazi. Lava je proste ztuhla ve dvou formach. Jedna je v kuse, tvori pololeskle plochy tvaru kravskeho lejna a druha je tmavsi, tvori tvary podobne zblaznemu krystalu a pripomina tunakovou drt. Kdo si nedokaze podle tohoto popisu predstavit, jak to vypada, muze se sem vypravit sam \ud83d\ude09<\/p>\n<p>Vyhlidka zacala na konci cesty, ktera byla prerusena lavou nekdy v 70 letech a od te doby je silnice zavrena. Dale podel lavovych plani tvorenych tunakovymi typy lavy az do cca 800-1200mnm. kde uz byly vlastni kratery, ktere drive chrlily lavu. Dnes jsme navstivili ty mensi z nich, zitra si dame ty velke.<\/p>\n<p>Vecer jsme si dali jednu advanture cestu skrz les k aktivni sopce a to po tme jen za pomoci celovky, abychom si mohli vyfotit lavu, vyverajici z nitra krateru&#8230;tato krasne, rude osvetluje cele okoli.<\/p>\n<p>Nyni jsme jiz ve stanu, na ktery padaji kapky deste a romanticky se k sobe tulime. Venku je 13 stupnu(mozna), dle pana ve visitor centru bychom meli slyset nejake praskani z vulkanu, protoze jsme od nej vzdaleni pouhy kilometr a je pravda, ze pred malou chvilkou tu neco dost bourilo a neznelo to uplne jako bourka&#8230;tak mozna, ze nas tady zasahne nejaky kus zhnouciho kamene&#8230;:) <\/p>\n<p>To je dnes z krasneho Havajskeho ostrova Hawaii vse. Prejeme prijemny zacatek jara v CR a vse nejlepsi k MDZ vsem Z \ud83d\ude42<\/p>\n<p>Aloha<\/p>\n","protected":false},"excerpt":{"rendered":"<p>Dobry vecer z Havaje \ud83d\ude42 Dneska zacnu jeste vcera \ud83d\ude42 Jsou veci, ktere se udali v noci a ktere by meli byt zapsany \ud83d\ude42 Tak v prvni rade jsem vcera psal, ze do kempu prijelo nekolik vozu s nimi jejich majitele a vsichni uz poradne podrouzeni alkoholem, ale co jsem nenapsal a vlastne ani do [&hellip;]<\/p>\n","protected":false},"author":1,"featured_media":0,"parent":0,"menu_order":0,"comment_status":"open","ping_status":"open","template":"","meta":{"footnotes":""},"class_list":["post-597","page","type-page","status-publish","hentry"],"_links":{"self":[{"href":"https:\/\/blog.dathen.com\/index.php?rest_route=\/wp\/v2\/pages\/597","targetHints":{"allow":["GET"]}}],"collection":[{"href":"https:\/\/blog.dathen.com\/index.php?rest_route=\/wp\/v2\/pages"}],"about":[{"href":"https:\/\/blog.dathen.com\/index.php?rest_route=\/wp\/v2\/types\/page"}],"author":[{"embeddable":true,"href":"https:\/\/blog.dathen.com\/index.php?rest_route=\/wp\/v2\/users\/1"}],"replies":[{"embeddable":true,"href":"https:\/\/blog.dathen.com\/index.php?rest_route=%2Fwp%2Fv2%2Fcomments&post=597"}],"version-history":[{"count":1,"href":"https:\/\/blog.dathen.com\/index.php?rest_route=\/wp\/v2\/pages\/597\/revisions"}],"predecessor-version":[{"id":598,"href":"https:\/\/blog.dathen.com\/index.php?rest_route=\/wp\/v2\/pages\/597\/revisions\/598"}],"wp:attachment":[{"href":"https:\/\/blog.dathen.com\/index.php?rest_route=%2Fwp%2Fv2%2Fmedia&parent=597"}],"curies":[{"name":"wp","href":"https:\/\/api.w.org\/{rel}","templated":true}]}}