{"id":677,"date":"2015-11-21T16:34:07","date_gmt":"2015-11-21T15:34:07","guid":{"rendered":"https:\/\/blog.dathen.com\/?page_id=677"},"modified":"2015-11-21T21:37:08","modified_gmt":"2015-11-21T20:37:08","slug":"21-11-2015-prvni-den-cesty","status":"publish","type":"page","link":"https:\/\/blog.dathen.com\/?page_id=677","title":{"rendered":"21.11.2015 &#8211; Prvn\u00ed den cesty"},"content":{"rendered":"<p><span style=\"font-size: medium; color: #000000;\">Dobry podvecer z Rima!<\/span><\/p>\n<p><span style=\"font-size: medium; color: #000000;\">Dnesni den zacal probuzenim do krasneho dne. Az na namrazu nalezenou rano na aute a trosku kluske silnice to bylo vsechno v poradku a za nedlouho uz jsme sedeli v mekaci na Ruzinskem letisti \ud83d\ude42 Vydatna snidane a hupky na security kontrolu \ud83d\ude42 Ta je po tech vsech teroristickych utocich jeste prisnejsi, nez jindy. Zkousime letos poprve jet jen s kabinovym zavazadlem, takze se sebou neda brat nic nebezpecneho, co by na palubu nepustili. Co je ale nutnost je sada lahvicek se sprchovym gelem, opalovacim kremem ap. V nasem pripade i tri se slivovici \ud83d\ude09 Jake bylo nase rozcarovani, kdyz nam pracovnice ostrahy sdelalila, ze musi byt vsechno v originalnich obalech, protoze takhle nevi, co v tom je (jako by to originalni obal nejak vytrhnul) \ud83d\ude09 No po chvilce dohadovani nas propustila, ale ceka nas to jeste pri odletu z Rima a nevim, jak to dopadne&#8230;nu v nejhorsim si koupim sprchac v Bangkoku \ud83d\ude42<\/span><\/p>\n<p><span style=\"font-size: medium; color: #000000;\">Cesta ubehla rychle a prijemne (jen par turbulenci). Za hodinku a pul uz jsme stali na letisti v Rime a hledali bus, ktery jsme meli predem koupeny za 5E. Nasli jsme ho na autobusovem nadrazi, kam vedou navestidla ze vsech koutu letiste, tak se to neda minout \ud83d\ude09 Je tu 6 spolecnosti a tak busy jezdi co 15min. Nase predkoupena spolecnost jela za 10min, tak byl cas si uzivat zdejsich prijemnych 18 stupnu \ud83d\ude09 Je sice pravda, ze je pod mrakem a obcas prsi&#8230;ale vecer uz ma byt hezky a tak se tesime ven, az se pujdeme projit ke koloseu, ktere ma byt krasne osvetlene.<\/span><\/p>\n<p><span style=\"font-size: medium; color: #000000;\">Cesta z letiste trva cca 40min a krome nekolika cernych skladek asi neni co zminovat \ud83d\ude09<\/span><\/p>\n<p><span style=\"font-size: medium; color: #000000;\">Je dobre, ze je Sobota, protoze ani zacpy v centru se nekonaly a tak jsme se pomerne pohodlne dostali do centra, kde mame rezervovany hotel za cca 20E\/noc. Sice jsme se museli presunout do jine lokace, protoze v miste recepce uz volne pokoje nebyly (je to vicemene nekolik velkych bytu predelanych na hostely a provozuji to tu asi cinani, nebo vietnamci). V kazdem pripade pokoj je pomerne velky, cisty a vsechno je supr \ud83d\ude09 Dokonce i rucnik jsme dostali&#8230;<\/span><\/p>\n<p><span style=\"font-size: medium; color: #000000;\">Rychle jsme se ubytovali a sli na prvni Italske jidlo \ud83d\ude42 Nebylo by to ono, kdyby to nebylo echt Italske a tak to byla pizza. Slecna na recepci nam ukazala nekolik restauraci v okoli, ktere nas nestahnou z kuze a jidlo je ok. Opravdu to bylo uzasne a pizza v podani Italu je genialni. K tomu lahvinka vina a slo se na nakup. Dalsi lahvinka a zpatky na pokoj ocekavat prichod vecera \ud83d\ude42<\/span><\/p>\n<p><span style=\"font-size: medium; color: #000000;\">Je to tu takove multikulti. Rekl bych Africko, cinsko, vietnamsko indicke \ud83d\ude42 Na itala clovek nenarazi \ud83d\ude09 To bych asi prehnal&#8230;ale je pravda, ze je to tu opravdu hodne multikulturni.\u00a0 Vsichni se chovaji velmi ochotne a prijemne a nevypada to tu na nejake nepratelske prostredi \ud83d\ude42 Obcas clovek potka policistu, nebo vojaka,kterych asi v RIme pribylo po tech utocich ve Francii.<\/span><\/p>\n<p><span style=\"font-size: medium; color: #000000;\">Zatim se loucim, jdu si nalit vyborne vinko aza chvilku vyrazime do viru velkomesta \ud83d\ude42 Ikdyz teda kolem me to nevypada, ze by se nekam slo \ud83d\ude09 je to tu jak u ruzenky v jejim sipkovem zamku \ud83d\ude09<\/span><\/p>\n<p><span style=\"color: #000000; font-size: medium;\">Nocni prochazka Rimem byla naprosto epesni a taky naprosto vycerpavajici \ud83d\ude42 Dali jsme si to na jih od stanice metra Termini az na namesticko Santa Maria Maggiore, kde je krasny kostel. Dale na jihozapad az ke koloseu, ktere bylo opravu luxusne osvetlene. Vsude spousta turistu, vojaku a\u00a0 hlidali nas \ud83d\ude42 Udelali jsme spostu fotek&#8230;a i neco mobilem, coz prikladam&#8230;neni to zadna extra kvalita, ale na ukazku to asi staci. Zitra se na to same misto vydame ve dne a uvidime vic \ud83d\ude09 <\/span><\/p>\n<p><span style=\"color: #000000; font-size: medium;\">Dale jsme se vydali po Fori Imperiali kolem vykopavek az k Foro di nerva, coz bylo taky naprosto uchvatne takhle pod prikrovem tmy. Clovek byneveril, co trocha svetla udela&#8230; Opravdu doporucuji si to projit i na noc\/vecer, protoze to dostane uplny jiny nadeh. Byla zde i kapela ctyr starsich chlapu, kteri hrali na harmoniku a saxofon&#8230;byli velmi pratelsti \ud83d\ude42 zatancovali jsme si, vyfotili, natocili, hodili jim nejake drobne do kufriku a sli dal \ud83d\ude42 moc prijemny zazitek&#8230;<\/span><\/p>\n<p><span style=\"color: #000000; font-size: medium;\">Cestou zpatky jsme si dalo zpatky pres\u00a0 Via Nazionale az na narodni tridu, kde bylo zatim asi nejvic vojaku \ud83d\ude42 Je pravda, ze Italie asi tu bezpecnost posilila&#8230;v kazdem pripade vsude je klid a mir a oni pusobi asi spis preventivne \ud83d\ude42<\/span><\/p>\n<p><span style=\"color: #000000; font-size: medium;\">Cestou po narodni tride jsme se zastavili na kus burgera, naprosto dokonale late a expresso a zakoncili to kebabem \ud83d\ude42 Proste si to dokonale uzivame. Trosku nas prekvapilo, ze tu nikde neprodavaji vino. Vsechny kramky kolem centra maji neuveritelne ceny za vino a nas kup v coopu za par euro se tou nevyrovna :)) holt padnou zasoby slivovice \ud83d\ude09 stejne asi neprojdeme tekutinovou kontrolou v benatkach, tak se neda nic delat \ud83d\ude42<\/span><\/p>\n<p><span style=\"color: #000000; font-size: medium;\">Jsem utahany jako kote, stejne tak i mi dva spolucestovatele \ud83d\ude42 Pujde se brzy spat, abychom si zitra uzili kras Rima za svetla \ud83d\ude42<\/span><\/p>\n<p><span style=\"color: #000000; font-size: medium;\">Dobrou noc Kuba<\/span><\/p>\n<p><span style=\"color: #000000; font-size: medium;\">\u00a0<\/span><\/p>\n<p><span style=\"color: #000000; font-size: medium;\"><div class=\"gallery\"><div class=\"galleria\"><a href=\"https:\/\/blog.dathen.com\/wp-content\/uploads\/2015\/11\/21\/tmp_27841-DSC_1884-2057741633.jpg\"><img decoding=\"async\" src=\"https:\/\/blog.dathen.com\/wp-content\/uploads\/2015\/11\/21\/tmp_27841-DSC_1884-2057741633-150x150.jpg\" data-description=\"\" data-title=\"tmp_27841-DSC_1884-2057741633\" data-big=\"https:\/\/blog.dathen.com\/wp-content\/uploads\/2015\/11\/21\/tmp_27841-DSC_1884-2057741633.jpg\" \/><\/a><a href=\"https:\/\/blog.dathen.com\/wp-content\/uploads\/2015\/11\/21\/tmp_27841-DSC_1870-912127664.jpg\"><img decoding=\"async\" src=\"https:\/\/blog.dathen.com\/wp-content\/uploads\/2015\/11\/21\/tmp_27841-DSC_1870-912127664-150x150.jpg\" data-description=\"\" data-title=\"tmp_27841-DSC_1870-912127664\" data-big=\"https:\/\/blog.dathen.com\/wp-content\/uploads\/2015\/11\/21\/tmp_27841-DSC_1870-912127664.jpg\" \/><\/a><a href=\"https:\/\/blog.dathen.com\/wp-content\/uploads\/2015\/11\/21\/tmp_27841-DSC_18622075965358.jpg\"><img decoding=\"async\" src=\"https:\/\/blog.dathen.com\/wp-content\/uploads\/2015\/11\/21\/tmp_27841-DSC_18622075965358-150x150.jpg\" data-description=\"\" data-title=\"tmp_27841-DSC_18622075965358\" data-big=\"https:\/\/blog.dathen.com\/wp-content\/uploads\/2015\/11\/21\/tmp_27841-DSC_18622075965358.jpg\" \/><\/a><a href=\"https:\/\/blog.dathen.com\/wp-content\/uploads\/2015\/11\/21\/tmp_27841-DSC_18741327704963.jpg\"><img decoding=\"async\" src=\"https:\/\/blog.dathen.com\/wp-content\/uploads\/2015\/11\/21\/tmp_27841-DSC_18741327704963-150x150.jpg\" data-description=\"\" data-title=\"tmp_27841-DSC_18741327704963\" data-big=\"https:\/\/blog.dathen.com\/wp-content\/uploads\/2015\/11\/21\/tmp_27841-DSC_18741327704963.jpg\" \/><\/a><a href=\"https:\/\/blog.dathen.com\/wp-content\/uploads\/2015\/11\/21\/tmp_27841-DSC_18851875571577.jpg\"><img decoding=\"async\" src=\"https:\/\/blog.dathen.com\/wp-content\/uploads\/2015\/11\/21\/tmp_27841-DSC_18851875571577-150x150.jpg\" data-description=\"\" data-title=\"\u0159\u00edm den prvn\u00ed\" data-big=\"https:\/\/blog.dathen.com\/wp-content\/uploads\/2015\/11\/21\/tmp_27841-DSC_18851875571577.jpg\" \/><\/a><\/div><\/div><script type='text\/javascript'>Galleria.loadTheme('https:\/\/blog.dathen.com\/wp-content\/plugins\/image-gallery-reloaded\/themes\/classic\/galleria.theme.min.js');<\/script><script type='text\/javascript'>Galleria.run('.galleria');<\/script><\/p>\n<p><\/span><\/p>\n<p>&nbsp;<\/p>\n<p><span style=\"font-size: medium;\">\u00a0<\/span><\/p>\n<p><span style=\"color: #000000; font-size: medium;\">\u00a0<\/span><\/p>\n<p><span style=\"color: #000000; font-size: medium;\">\u00a0<\/span><\/p>\n","protected":false},"excerpt":{"rendered":"<p>Dobry podvecer z Rima! Dnesni den zacal probuzenim do krasneho dne. Az na namrazu nalezenou rano na aute a trosku kluske silnice to bylo vsechno v poradku a za nedlouho uz jsme sedeli v mekaci na Ruzinskem letisti \ud83d\ude42 Vydatna snidane a hupky na security kontrolu \ud83d\ude42 Ta je po tech vsech teroristickych utocich jeste [&hellip;]<\/p>\n","protected":false},"author":1,"featured_media":0,"parent":0,"menu_order":0,"comment_status":"open","ping_status":"open","template":"","meta":{"footnotes":""},"class_list":["post-677","page","type-page","status-publish","hentry"],"_links":{"self":[{"href":"https:\/\/blog.dathen.com\/index.php?rest_route=\/wp\/v2\/pages\/677","targetHints":{"allow":["GET"]}}],"collection":[{"href":"https:\/\/blog.dathen.com\/index.php?rest_route=\/wp\/v2\/pages"}],"about":[{"href":"https:\/\/blog.dathen.com\/index.php?rest_route=\/wp\/v2\/types\/page"}],"author":[{"embeddable":true,"href":"https:\/\/blog.dathen.com\/index.php?rest_route=\/wp\/v2\/users\/1"}],"replies":[{"embeddable":true,"href":"https:\/\/blog.dathen.com\/index.php?rest_route=%2Fwp%2Fv2%2Fcomments&post=677"}],"version-history":[{"count":9,"href":"https:\/\/blog.dathen.com\/index.php?rest_route=\/wp\/v2\/pages\/677\/revisions"}],"predecessor-version":[{"id":681,"href":"https:\/\/blog.dathen.com\/index.php?rest_route=\/wp\/v2\/pages\/677\/revisions\/681"}],"wp:attachment":[{"href":"https:\/\/blog.dathen.com\/index.php?rest_route=%2Fwp%2Fv2%2Fmedia&parent=677"}],"curies":[{"name":"wp","href":"https:\/\/api.w.org\/{rel}","templated":true}]}}