{"id":83,"date":"2013-03-09T06:19:24","date_gmt":"2013-03-09T05:19:24","guid":{"rendered":"https:\/\/blog.dathen.com\/?page_id=83"},"modified":"2013-12-22T22:23:24","modified_gmt":"2013-12-22T21:23:24","slug":"cina-9-3-2013-prijezd-do-sanghaje","status":"publish","type":"page","link":"https:\/\/blog.dathen.com\/?page_id=83","title":{"rendered":"\u010c\u00edna 9.3.2013 &#8211; p\u0159\u00edjezd do \u0160anghaje"},"content":{"rendered":"<p><span style=\"font-size: small; color: #000000;\">Dobre ranko z nadsangaje&#8230; u nas doma bude pulnoc a tady svita&#8230;sajnuje to jako blazen a me se chce<\/span><br \/>\n<span style=\"font-size: small; color: #000000;\"> spaaaaat&#8230;mam zlomenej krk, kokos predemnou ma nejakou nemoc, protoze nevydrzi minutu sedet v klidu a porad<\/span><br \/>\n<span style=\"font-size: small; color: #000000;\"> boucha hlavou, rukama a nohama do sedacky a budi me&#8230;ted uz asi spat nebudu&#8230;<\/span><\/p>\n<p><span style=\"font-size: small; color: #000000;\">Do cile zbyvaji necele 2 hodiny cesty a letusky nas budi a snazi se nam vnutit vyzivnou snidani. Zatim jsem do sebe dostal vodu, juice a kolu&#8230;neni nad vyzivnou pulnocni snidani&#8230;ale mozna budou palacinky \ud83d\ude09<\/span><br \/>\n<span style=\"font-size: small; color: #000000;\"> V kazdem pripade nas po pristani ceka nekolik veledulezitych veci jako je nakup mistni SIM s datovym prenosem, nalezeni magleva (nejrychlejsi komercne uzivany vlak na svete) a koupe listku, aby nas odvezl do centra a v neposledni rade koupe nejakych map sanghaje. Pak se nejak mistnim metrem dostat k Jardovi a tam se asi slozim a\u00a0budu mrtvej az do vecera :))<\/span><\/p>\n<p><span style=\"font-size: small; color: #000000;\">Zatim koncim, jdu vyhlizet letusky, v nasem pruhu jsou extreme pomale, zas na nas ty palacinky nevyjdou&#8230;zatr sakr&#8230;<\/span><\/p>\n<p><span style=\"font-size: small; color: #000000;\">Cesta z letiste vic nez ok. Bud to tu maji tak dobre znacene, nebo jsme byli dobre informovani aaaa nebo jsme tak uzasne inteligentni, ale vicemene jsme bez zavahani dorazili k Jardovi az pred barak \ud83d\ude42 No spis pred cinzak \ud83d\ude42 na prvni pohled to vypada jako cinzak ze Zizkova, ale ma to 38 pater&#8230;pro nasince asi normalka, pro Pepiky z Prahe zcela ojedinela zkutecnost \ud83d\ude42 Nejlepsi na tom je, ze tu neni malych domu&#8230;vsechno ma min 20 pater&#8230;az budou fotky, prilozim.<\/span><\/p>\n<p><span style=\"font-size: small; color: #000000;\">\u00a0<\/span><\/p>\n<p><span style=\"font-size: small; color: #000000;\">Trosku zklamani nas cekalo v maglevu, coz je onen nejrychlejsi vlak. Jezdi v plne rychlosti jen par hodin denne&#8230;netusim duvod, ale asi to bude mit neco spolecneho se spickou a buhvi cim. Kazdopadne jsme se svezli &#8222;jen&#8220; 300km\/h &#8230; onech deklarovanych 430 nam uteklo o 10 min \ud83d\ude42 Nu co, treba priste \ud83d\ude42 Jinak to stoji 40 juanu, kdyz clovek predlozi letistni listek&#8230;v jinem pripade 50.<\/span><\/p>\n<p><span style=\"font-size: small; color: #000000;\">Jeste se vratim na letiste, ktere nas privitalo \ud83d\ude42 Panove v aeroflotu na nas chteli byt nice a tak nam vsem rozdali specialni imigracni karticky, ktere ale byly puvodne vytistene pro Japonsko \ud83d\ude09 takze jsme vyplnili, ze jsme z Japonska nic nepasovali, nekradli jsme ani jsme tam nesedeli \ud83d\ude09 Ze v Japonsku budeme bydlet na Cinske adrese te a te&#8230;no dali jsme si s tim praci \ud83d\ude09<\/span><\/p>\n<p><span style=\"font-size: small; color: #000000;\">Pri prichodu do vstupni haly letiste v Sanghaji nas tedy prekvapila jina karticka&#8230;ted jiz pro cinskou lidovou republiku, kde jsme si to vesele zopakovali \ud83d\ude42 Jak se posleze ukazalo, tak uredniky zajima ta jejich karticka&#8230;ta nase, Japonska, nam zustala jako suvenyr \ud83d\ude09 Dik moc Rusky kluci z aeroflotu \ud83d\ude09<\/span><\/p>\n<p><span style=\"font-size: small; color: #000000;\">Odbaveni probihalo svizne a co me prekvapilo, ze s rostouci frontou pribyvali umerne i urednici na odbaveni&#8230;krasne se tam nejdriv zdojnasobili, pak ztrojnasobili a kdyz uz byla skoro frona u konce, tak jich bylo 8 \ud83d\ude09 parada \ud83d\ude42 Cina zatim boduje \ud83d\ude42<\/span><\/p>\n<p><span style=\"font-size: small; color: #000000;\">Metro je v Sanghaji opravdu zazitek \ud83d\ude42 je tu asi 11 linek metra&#8230;na prvni pohled je to stejne metro jako v Praze &#8230; na mapce tece reka, skoro stejne jako v Praze se klikati &#8230; jen tech car metra je tam povicero \ud83d\ude09 Funguje to tu tak, ze si v automatu koupite listek z vychozi stanice do cilove a vyjede karta, ktera je takovou volbou &#8222;nabita&#8220; &#8230; pusti vas do metra a pri vystupu ji bud odevzdate, nebo mate nejakou kartu na delsi cas, kterou jen dobijite o prislusny kredit&#8230;musime jeste doladit \ud83d\ude09 V kazdem pripade v metru se stanice hlasi cinsky a anglicky, jsou zde stejne i napsane, takze cestovani neni problem \ud83d\ude42<\/span><\/p>\n<p><span style=\"font-size: small; color: #000000;\">ted uz lezime u Jardy na posteli, on nam s pritelkyni Lindou dela obed a nam se chce zurive spat \ud83d\ude42 takze budeme polite a pak se asi pujdeme vyhajat aspon na chvilku \ud83d\ude09 V cechach je ted 6:19&#8230;takze na to mame jeste narok \ud83d\ude09<\/span><\/p>\n<p><span style=\"font-size: small; color: #000000;\">\u00a0<\/span><\/p>\n<p><span style=\"font-size: small; color: #000000;\">zatim pa, pokracovani vecer \ud83d\ude09<\/span><\/p>\n<p><span style=\"font-size: small; color: #000000;\">\u00a0<\/span><\/p>\n<p><span style=\"font-size: small; color: #000000;\">odpoledni spanek spravedlivych byl velice prinosny \ud83d\ude42 Nejdriv jsem zabral ja a chrapal jsem, ze nemoh usnout Michal&#8230;pak jsem se jemne probral a zabral Michal, takze jsem pro jeho chrapani zas nemoh usnout ja&#8230;tak jsme to po 15cti minutach vzdali a sli radsi ven objevovat viry velkomesta. Jeli jsme &#8222;jen&#8220; na lidove namesti, coz se ukazalo jako zajimavy napad \ud83d\ude42 Je to misto, kde se zrcadli stare s novym&#8230;na jednom brehu reky je puvodni zastavba, ktera je klasicka a na druhem je nova, ktera je tvore futuristickymi mrakodrapy \ud83d\ude42 No naprostaparada&#8230;v noci vsechno sviti&#8230;no krasa&#8230;az budou fotky, dodam \ud83d\ude42 Kamera se ukazala jako vyborny napad az kdyz jsme sli po takovem desetinasobnem Vaclavaku dolu zpatky&#8230; Nejdrivme trosku vyvadelo z miry, ze se v ruznych miste objevovali skupinky lidi a delali ruzne veci&#8230;synchronizovane tancovani, synchronizovane cviceni, zpivani vseho druhu a ruzne herecke vykony \ud83d\ude42 &#8230;. no neuveritelne se tu umi bavit \ud83d\ude42<\/span><\/p>\n<p><span style=\"font-size: small; color: #000000;\">Kdyz pominu vsude pritomne otravovace, kteri se Vam snazi vnutit od hodinek pres erotickou masaz az po koupi vlastniho ditete, tak to byl opravdu velice inspirativni zazitek \ud83d\ude42 Jak se taky clovek muze divat na zivot&#8230;<\/span><\/p>\n<p><span style=\"font-size: small; color: #000000;\">Po prochazce, ktera pozvolna dorazila moji unavu jsme se dostali do ulicky jidla, kde byla hromada ruznych vyvaroven a restauraci&#8230;vybrali jsme jednu a posmakli si na dobremjidle \ud83d\ude42 priznam se, ze vybirat podle obrazku mi neprislo jako uplne to prave orechove, ale nejak jsme to zvladli \ud83d\ude42 Pivecko na zizen a zase zpatky na metro \ud83d\ude42 Hulkami mi to nejde tak dobre, jak bych cekal, ale veceri jsem dal a jsem velice prijemne znaven&#8230;dneska se na postel vylozene tesim \ud83d\ude42<\/span><\/p>\n<p><span style=\"font-size: small; color: #000000;\">Michal se zda byt neunaven&#8230;coz nechapu \ud83d\ude42 Snad bude noc se spunty v usich klidnejsi \ud83d\ude09<\/span><\/p>\n<p><span style=\"font-size: small; color: #000000;\">Vsechny baterie ve vsech zarizenich se nabijeji, takze zitra budou pripraveny na dalsi davku zazitku \ud83d\ude42<\/span><\/p>\n<p><span style=\"font-size: small; color: #000000;\">Urcite jsem na spoustu veci pozapomnel, ale napravim to zitra, az nebudu mit tak znaveny mozek \ud83d\ude42<\/span><\/p>\n<p><span style=\"font-size: small; color: #000000;\">\u00a0<\/span><\/p>\n<p><span style=\"font-size: small; color: #000000;\">\u00a0<\/span><\/p>\n","protected":false},"excerpt":{"rendered":"<p>Dobre ranko z nadsangaje&#8230; u nas doma bude pulnoc a tady svita&#8230;sajnuje to jako blazen a me se chce spaaaaat&#8230;mam zlomenej krk, kokos predemnou ma nejakou nemoc, protoze nevydrzi minutu sedet v klidu a porad boucha hlavou, rukama a nohama do sedacky a budi me&#8230;ted uz asi spat nebudu&#8230; Do cile zbyvaji necele 2 hodiny [&hellip;]<\/p>\n","protected":false},"author":1,"featured_media":0,"parent":0,"menu_order":0,"comment_status":"open","ping_status":"open","template":"","meta":{"footnotes":""},"class_list":["post-83","page","type-page","status-publish","hentry"],"_links":{"self":[{"href":"https:\/\/blog.dathen.com\/index.php?rest_route=\/wp\/v2\/pages\/83","targetHints":{"allow":["GET"]}}],"collection":[{"href":"https:\/\/blog.dathen.com\/index.php?rest_route=\/wp\/v2\/pages"}],"about":[{"href":"https:\/\/blog.dathen.com\/index.php?rest_route=\/wp\/v2\/types\/page"}],"author":[{"embeddable":true,"href":"https:\/\/blog.dathen.com\/index.php?rest_route=\/wp\/v2\/users\/1"}],"replies":[{"embeddable":true,"href":"https:\/\/blog.dathen.com\/index.php?rest_route=%2Fwp%2Fv2%2Fcomments&post=83"}],"version-history":[{"count":7,"href":"https:\/\/blog.dathen.com\/index.php?rest_route=\/wp\/v2\/pages\/83\/revisions"}],"predecessor-version":[{"id":87,"href":"https:\/\/blog.dathen.com\/index.php?rest_route=\/wp\/v2\/pages\/83\/revisions\/87"}],"wp:attachment":[{"href":"https:\/\/blog.dathen.com\/index.php?rest_route=%2Fwp%2Fv2%2Fmedia&parent=83"}],"curies":[{"name":"wp","href":"https:\/\/api.w.org\/{rel}","templated":true}]}}